{"id":980,"date":"2026-04-16T15:25:47","date_gmt":"2026-04-16T15:25:47","guid":{"rendered":"http:\/\/cide.ca\/?page_id=980"},"modified":"2026-04-16T16:39:52","modified_gmt":"2026-04-16T16:39:52","slug":"contactez-nous","status":"publish","type":"page","link":"http:\/\/cide.ca\/es\/contactez-nous\/","title":{"rendered":"Contactez-Nous"},"content":{"rendered":"<div data-elementor-type=\"wp-page\" data-elementor-id=\"980\" class=\"elementor elementor-980\">\n\t\t\t\t\t\t<section class=\"elementor-section elementor-top-section elementor-element elementor-element-6a3d01b elementor-section-boxed elementor-section-height-default elementor-section-height-default parallax_section_no qode_elementor_container_no\" data-id=\"6a3d01b\" data-element_type=\"section\" data-e-type=\"section\">\n\t\t\t\t\t\t<div class=\"elementor-container elementor-column-gap-default\">\n\t\t\t\t\t<div class=\"elementor-column elementor-col-100 elementor-top-column elementor-element elementor-element-91a1f33\" data-id=\"91a1f33\" data-element_type=\"column\" data-e-type=\"column\">\n\t\t\t<div class=\"elementor-widget-wrap elementor-element-populated\">\n\t\t\t\t\t\t<div class=\"elementor-element elementor-element-537aa37 elementor-widget elementor-widget-html\" data-id=\"537aa37\" data-element_type=\"widget\" data-e-type=\"widget\" data-widget_type=\"html.default\">\n\t\t\t\t<div class=\"elementor-widget-container\">\n\t\t\t\t\t<div class=\"cide-contact-wrapper\">\r\n  <div class=\"cide-hero\">\r\n    <p class=\"cide-hero-subtitle\">\ud83d\udcec Nuestras oficinas<\/p>\r\n    <h1>Contacto<span>Nosotros<\/span><\/h1>\r\n    <p class=\"cide-hero-desc\">\r\n      Estamos presentes en 3 continentes para brindarle un mejor apoyo en sus proyectos.\r\n    <\/p>\r\n    <div class=\"cide-hero-line\"><\/div>\r\n  <\/div>\r\n\r\n  <!-- ===== BUREAUX ===== -->\r\n  \r\n<\/div>\t\t\t\t<\/div>\n\t\t\t\t<\/div>\n\t\t\t\t<div class=\"elementor-element elementor-element-da9cd1c elementor-widget elementor-widget-html\" data-id=\"da9cd1c\" data-element_type=\"widget\" data-e-type=\"widget\" data-widget_type=\"html.default\">\n\t\t\t\t<div class=\"elementor-widget-container\">\n\t\t\t\t\t<div class=\"cide-contact-wrapper\">\r\n  \r\n\r\n  <!-- ===== BUREAUX ===== -->\r\n  <div class=\"cide-bureaux-section\">\r\n    <div class=\"cide-bureaux-grid\">\r\n\r\n      <!-- CARTE 1 : MONTR\u00c9AL -->\r\n      <div class=\"cide-bureau-card\">\r\n        <div class=\"cide-bureau-header\">\r\n          <span class=\"cide-bureau-flag\">\ud83c\udde8\ud83c\udde6<\/span>\r\n          <div class=\"cide-bureau-city\">Montr\u00e9al<\/div>\r\n          <div class=\"cide-bureau-name\">Domicilio social<\/div>\r\n          <div class=\"cide-bureau-divider\"><\/div>\r\n        <\/div>\r\n        <div class=\"cide-contact-items\">\r\n\r\n          <!-- Email -->\r\n          <a class=\"cide-contact-item\" href=\"mailto:mail@ectdigital.com\">\r\n            <div class=\"cide-contact-icon\">\r\n              <svg viewbox=\"0 0 24 24\"><path d=\"M4 4h16c1.1 0 2 .9 2 2v12c0 1.1-.9 2-2 2H4c-1.1 0-2-.9-2-2V6c0-1.1.9-2 2-2z\"><\/path><polyline points=\"22,6 12,13 2,6\"><\/polyline><\/svg>\r\n            <\/div>\r\n            <div class=\"cide-contact-text\">\r\n              <span class=\"cide-contact-label\">Correo electr\u00f3nico<\/span>\r\n              <span class=\"cide-contact-value\">mail@ectdigital.com<\/span>\r\n            <\/div>\r\n          <\/a>\r\n\r\n          <!-- T\u00e9l\u00e9phone -->\r\n          <a class=\"cide-contact-item\" href=\"tel:+15142867004\">\r\n            <div class=\"cide-contact-icon\">\r\n              <svg viewbox=\"0 0 24 24\"><path d=\"M22 16.92v3a2 2 0 01-2.18 2 19.79 19.79 0 01-8.63-3.07A19.5 19.5 0 013.09 10.8 19.79 19.79 0 01.08 2.18 2 2 0 012.06 0h3a2 2 0 012 1.72c.127.96.361 1.903.7 2.81a2 2 0 01-.45 2.11L6.09 7.91a16 16 0 006 6l1.27-1.27a2 2 0 012.11-.45c.907.339 1.85.573 2.81.7A2 2 0 0122 16.92z\"><\/path><\/svg>\r\n            <\/div>\r\n            <div class=\"cide-contact-text\">\r\n              <span class=\"cide-contact-label\">Tel\u00e9fono<\/span>\r\n              <span class=\"cide-contact-value\">+(514) 286-7004<\/span>\r\n            <\/div>\r\n          <\/a>\r\n\r\n          <!-- Adresse -->\r\n          <div class=\"cide-contact-item\">\r\n            <div class=\"cide-contact-icon\">\r\n              <svg viewbox=\"0 0 24 24\"><path d=\"M21 10c0 7-9 13-9 13s-9-6-9-13a9 9 0 0118 0z\"><\/path><circle cx=\"12\" cy=\"10\" r=\"3\"><\/circle><\/svg>\r\n            <\/div>\r\n            <div class=\"cide-contact-text\">\r\n              <span class=\"cide-contact-label\">DIRECCI\u00d3N<\/span>\r\n              <span class=\"cide-contact-value\">Oficina 1701, 666 Sherbrooke Street West,<br>Montreal (Quebec) H3A 1E7, Canad\u00e1<\/span>\r\n            <\/div>\r\n          <\/div>\r\n\r\n        <\/div>\r\n      <\/div>\r\n\r\n      <!-- CARTE 2 : TUNIS -->\r\n      <div class=\"cide-bureau-card\">\r\n        <div class=\"cide-bureau-header\">\r\n          <span class=\"cide-bureau-flag\">\ud83c\uddf9\ud83c\uddf3<\/span>\r\n          <div class=\"cide-bureau-city\">T\u00fanez<\/div>\r\n          <div class=\"cide-bureau-name\">ProInvest<\/div>\r\n          <div class=\"cide-bureau-divider\"><\/div>\r\n        <\/div>\r\n        <div class=\"cide-contact-items\">\r\n\r\n          <a class=\"cide-contact-item\" href=\"mailto:Contact@proinvest-international.com\">\r\n            <div class=\"cide-contact-icon\">\r\n              <svg viewbox=\"0 0 24 24\"><path d=\"M4 4h16c1.1 0 2 .9 2 2v12c0 1.1-.9 2-2 2H4c-1.1 0-2-.9-2-2V6c0-1.1.9-2 2-2z\"><\/path><polyline points=\"22,6 12,13 2,6\"><\/polyline><\/svg>\r\n            <\/div>\r\n            <div class=\"cide-contact-text\">\r\n              <span class=\"cide-contact-label\">Correo electr\u00f3nico<\/span>\r\n              <span class=\"cide-contact-value\">Contact@proinvest-international.com<\/span>\r\n            <\/div>\r\n          <\/a>\r\n\r\n          <a class=\"cide-contact-item\" href=\"tel:+21671206027\">\r\n            <div class=\"cide-contact-icon\">\r\n              <svg viewbox=\"0 0 24 24\"><path d=\"M22 16.92v3a2 2 0 01-2.18 2 19.79 19.79 0 01-8.63-3.07A19.5 19.5 0 013.09 10.8 19.79 19.79 0 01.08 2.18 2 2 0 012.06 0h3a2 2 0 012 1.72c.127.96.361 1.903.7 2.81a2 2 0 01-.45 2.11L6.09 7.91a16 16 0 006 6l1.27-1.27a2 2 0 012.11-.45c.907.339 1.85.573 2.81.7A2 2 0 0122 16.92z\"><\/path><\/svg>\r\n            <\/div>\r\n            <div class=\"cide-contact-text\">\r\n              <span class=\"cide-contact-label\">Tel\u00e9fono<\/span>\r\n              <span class=\"cide-contact-value\">+(216) 71 206-027<\/span>\r\n            <\/div>\r\n          <\/a>\r\n\r\n          <div class=\"cide-contact-item\">\r\n            <div class=\"cide-contact-icon\">\r\n              <svg viewbox=\"0 0 24 24\"><path d=\"M21 10c0 7-9 13-9 13s-9-6-9-13a9 9 0 0118 0z\"><\/path><circle cx=\"12\" cy=\"10\" r=\"3\"><\/circle><\/svg>\r\n            <\/div>\r\n            <div class=\"cide-contact-text\">\r\n              <span class=\"cide-contact-label\">DIRECCI\u00d3N<\/span>\r\n              <span class=\"cide-contact-value\">Rue des M\u00e9taux Cherguia I,<br>T\u00fanez 2035<\/span>\r\n            <\/div>\r\n          <\/div>\r\n\r\n        <\/div>\r\n      <\/div>\r\n\r\n      <!-- CARTE 3 : MAROC -->\r\n      <div class=\"cide-bureau-card\">\r\n        <div class=\"cide-bureau-header\">\r\n          <span class=\"cide-bureau-flag\">\ud83c\uddf2\ud83c\udde6<\/span>\r\n          <div class=\"cide-bureau-city\">mohamedemia<\/div>\r\n          <div class=\"cide-bureau-name\">CIDE Marruecos<\/div>\r\n          <div class=\"cide-bureau-divider\"><\/div>\r\n        <\/div>\r\n        <div class=\"cide-contact-items\">\r\n\r\n          <a class=\"cide-contact-item\" href=\"mailto:cide@cide.ma\">\r\n            <div class=\"cide-contact-icon\">\r\n              <svg viewbox=\"0 0 24 24\"><path d=\"M4 4h16c1.1 0 2 .9 2 2v12c0 1.1-.9 2-2 2H4c-1.1 0-2-.9-2-2V6c0-1.1.9-2 2-2z\"><\/path><polyline points=\"22,6 12,13 2,6\"><\/polyline><\/svg>\r\n            <\/div>\r\n            <div class=\"cide-contact-text\">\r\n              <span class=\"cide-contact-label\">Correo electr\u00f3nico<\/span>\r\n              <span class=\"cide-contact-value\">cide@cide.ma<\/span>\r\n            <\/div>\r\n          <\/a>\r\n\r\n          <a class=\"cide-contact-item\" href=\"tel:+212523314759\">\r\n            <div class=\"cide-contact-icon\">\r\n              <svg viewbox=\"0 0 24 24\"><path d=\"M22 16.92v3a2 2 0 01-2.18 2 19.79 19.79 0 01-8.63-3.07A19.5 19.5 0 013.09 10.8 19.79 19.79 0 01.08 2.18 2 2 0 012.06 0h3a2 2 0 012 1.72c.127.96.361 1.903.7 2.81a2 2 0 01-.45 2.11L6.09 7.91a16 16 0 006 6l1.27-1.27a2 2 0 012.11-.45c.907.339 1.85.573 2.81.7A2 2 0 0122 16.92z\"><\/path><\/svg>\r\n            <\/div>\r\n            <div class=\"cide-contact-text\">\r\n              <span class=\"cide-contact-label\">Tel\u00e9fono<\/span>\r\n              <span class=\"cide-contact-value\">+(212) 523 31 47 59<\/span>\r\n            <\/div>\r\n          <\/a>\r\n\r\n          <div class=\"cide-contact-item\">\r\n            <div class=\"cide-contact-icon\">\r\n              <svg viewbox=\"0 0 24 24\"><path d=\"M21 10c0 7-9 13-9 13s-9-6-9-13a9 9 0 0118 0z\"><\/path><circle cx=\"12\" cy=\"10\" r=\"3\"><\/circle><\/svg>\r\n            <\/div>\r\n            <div class=\"cide-contact-text\">\r\n              <span class=\"cide-contact-label\">DIRECCI\u00d3N<\/span>\r\n              <span class=\"cide-contact-value\">Bd Zerktouni, Residencia del Centro Kamal Park,<br>Edificio B, n\u00ba 13, Parque Mohammedia,<br>Reino de Marruecos<\/span>\r\n            <\/div>\r\n          <\/div>\r\n\r\n        <\/div>\r\n      <\/div>\r\n\r\n    <\/div>\r\n  <\/div>\r\n<\/div>\t\t\t\t<\/div>\n\t\t\t\t<\/div>\n\t\t\t\t\t<\/div>\n\t\t<\/div>\n\t\t\t\t\t<\/div>\n\t\t<\/section>\n\t\t\t\t<\/div>","protected":false},"excerpt":{"rendered":"<p>\ud83d\udcec Nos bureaux Contactez-Nous Nous sommes pr\u00e9sents sur 3 continents pour mieux vous accompagner dans vos projets. \ud83c\udde8\ud83c\udde6 Montr\u00e9al Si\u00e8ge Social Email mail@ectdigital.com T\u00e9l\u00e9phone +(514) 286-7004 Adresse Bureau 1701, 666 rue Sherbrooke Ouest,Montr\u00e9al (Qu\u00e9bec) H3A 1E7, Canada \ud83c\uddf9\ud83c\uddf3 Tunis ProInvest Email Contact@proinvest-international.com T\u00e9l\u00e9phone +(216) 71&#8230;<\/p>","protected":false},"author":1,"featured_media":0,"parent":0,"menu_order":0,"comment_status":"closed","ping_status":"closed","template":"","meta":{"footnotes":""},"class_list":["post-980","page","type-page","status-publish","hentry"],"_links":{"self":[{"href":"http:\/\/cide.ca\/es\/wp-json\/wp\/v2\/pages\/980","targetHints":{"allow":["GET"]}}],"collection":[{"href":"http:\/\/cide.ca\/es\/wp-json\/wp\/v2\/pages"}],"about":[{"href":"http:\/\/cide.ca\/es\/wp-json\/wp\/v2\/types\/page"}],"author":[{"embeddable":true,"href":"http:\/\/cide.ca\/es\/wp-json\/wp\/v2\/users\/1"}],"replies":[{"embeddable":true,"href":"http:\/\/cide.ca\/es\/wp-json\/wp\/v2\/comments?post=980"}],"version-history":[{"count":21,"href":"http:\/\/cide.ca\/es\/wp-json\/wp\/v2\/pages\/980\/revisions"}],"predecessor-version":[{"id":1010,"href":"http:\/\/cide.ca\/es\/wp-json\/wp\/v2\/pages\/980\/revisions\/1010"}],"wp:attachment":[{"href":"http:\/\/cide.ca\/es\/wp-json\/wp\/v2\/media?parent=980"}],"curies":[{"name":"gracias","href":"https:\/\/api.w.org\/{rel}","templated":true}]}}