{"id":949,"date":"2023-08-01T09:38:58","date_gmt":"2023-08-01T09:38:58","guid":{"rendered":"http:\/\/cide.ca\/?page_id=949"},"modified":"2026-04-21T16:02:44","modified_gmt":"2026-04-21T16:02:44","slug":"approvisionnement-technique-et-gestion-de-projets","status":"publish","type":"page","link":"http:\/\/cide.ca\/es\/approvisionnement-technique-et-gestion-de-projets\/","title":{"rendered":"Adquisiciones t\u00e9cnicas y gesti\u00f3n de proyectos"},"content":{"rendered":"<div data-elementor-type=\"wp-page\" data-elementor-id=\"949\" class=\"elementor elementor-949\">\n\t\t\t\t\t\t<section class=\"elementor-section elementor-top-section elementor-element elementor-element-75dd77c elementor-section-boxed elementor-section-height-default elementor-section-height-default parallax_section_no qode_elementor_container_no\" data-id=\"75dd77c\" data-element_type=\"section\" data-e-type=\"section\">\n\t\t\t\t\t\t<div class=\"elementor-container elementor-column-gap-default\">\n\t\t\t\t\t<div class=\"elementor-column elementor-col-100 elementor-top-column elementor-element elementor-element-1c49741\" data-id=\"1c49741\" data-element_type=\"column\" data-e-type=\"column\">\n\t\t\t<div class=\"elementor-widget-wrap elementor-element-populated\">\n\t\t\t\t\t\t<div class=\"elementor-element elementor-element-5f8baf9 elementor-widget elementor-widget-text-editor\" data-id=\"5f8baf9\" data-element_type=\"widget\" data-e-type=\"widget\" data-widget_type=\"text-editor.default\">\n\t\t\t\t<div class=\"elementor-widget-container\">\n\t\t\t\t\t\t\t\t\t<div class=\"cide-domaine-page\">\n\n  <!-- BREADCRUMB -->\n  <div class=\"cide-di-breadcrumb\">\n    <a href=\"\/es\/\">bienvenida<\/a>\n    <span>\u2192<\/span>\n    <a href=\"\/es\/domaines-dintervention\/\">\u00c1reas de intervenci\u00f3n<\/a>\n    <span>\u2192<\/span>\n    Adquisiciones t\u00e9cnicas y gesti\u00f3n de proyectos\n  <\/div>\n\n  <!-- HERO -->\n  <div class=\"cide-di-hero\">\n    <img decoding=\"async\" src=\"http:\/\/cide.ca\/wp-content\/uploads\/2021\/07\/services-image-3.jpg?w=1400\" alt=\"Approvisionnement Technique et Gestion de Projets\" \/>\n    <div class=\"cide-di-hero-overlay\">\n      <div class=\"cide-di-hero-content\">\n        <span class=\"cide-di-hero-tag\">\u2699\ufe0f \u00c1rea de intervenci\u00f3n<\/span>\n        <h1>Suministrar<br>T\u00e9cnico y<br><span>Gesti\u00f3n de proyectos<\/span><\/h1>\n        <div class=\"cide-di-hero-divider\"><\/div>\n        <p class=\"cide-di-hero-desc\">\n          Gesti\u00f3n integral de la adquisici\u00f3n de material educativo y did\u00e1ctico, desde la definici\u00f3n de las especificaciones hasta la puesta en marcha in situ.\n        <\/p>\n      <\/div>\n    <\/div>\n  <\/div>\n<\/div>\t\t\t\t\t\t\t\t<\/div>\n\t\t\t\t<\/div>\n\t\t\t\t<div class=\"elementor-element elementor-element-f7b5ac9 elementor-widget elementor-widget-text-editor\" data-id=\"f7b5ac9\" data-element_type=\"widget\" data-e-type=\"widget\" data-widget_type=\"text-editor.default\">\n\t\t\t\t<div class=\"elementor-widget-container\">\n\t\t\t\t\t\t\t\t\t<!-- INTRO + STATS -->\n  <div class=\"cide-di-intro\">\n    <div class=\"cide-di-intro-text\">\n      <span class=\"cide-di-section-tag\">Nuestra experiencia<\/span>\n      <h2>NUESTRO <span>acercarse<\/span><\/h2>\n      <div class=\"cide-di-intro-divider\"><\/div>\n      <p>EL CIDE OFRECE SERVICIOS DE CONSULTOR\u00cdA Y APOYO T\u00c9CNICO A INSTITUCIONES DE FORMACI\u00d3N Y ORGANISMOS P\u00daBLICOS RESPONSABLES DE LA EDUCACI\u00d3N PRIMARIA, LA EDUCACI\u00d3N UNIVERSITARIA Y LA FORMACI\u00d3N PROFESIONAL Y T\u00c9CNICA.\norganismos p\u00fablicos responsables de la educaci\u00f3n primaria, la educaci\u00f3n universitaria y la formaci\u00f3n profesional y t\u00e9cnica.<\/p>\n    <\/div>\n    <div class=\"cide-di-intro-stats\">\n      <div class=\"cide-di-intro-stat\">\n        <div class=\"cide-di-intro-stat-number\">200+<\/div>\n        <div class=\"cide-di-intro-stat-label\">Proyectos finalizados<\/div>\n      <\/div>\n      <div class=\"cide-di-intro-stat\">\n        <div class=\"cide-di-intro-stat-number\">40<\/div>\n        <div class=\"cide-di-intro-stat-label\">Pa\u00eds<\/div>\n      <\/div>\n      <div class=\"cide-di-intro-stat\">\n        <div class=\"cide-di-intro-stat-number\">40+<\/div>\n        <div class=\"cide-di-intro-stat-label\">A\u00f1os de experiencia<\/div>\n      <\/div>\n      <div class=\"cide-di-intro-stat\">\n        <div class=\"cide-di-intro-stat-number\">45<\/div>\n        <div class=\"cide-di-intro-stat-label\">Expertos<\/div>\n      <\/div>\n    <\/div>\n  <\/div>\t\t\t\t\t\t\t\t<\/div>\n\t\t\t\t<\/div>\n\t\t\t\t<div class=\"elementor-element elementor-element-cb72efd elementor-widget elementor-widget-text-editor\" data-id=\"cb72efd\" data-element_type=\"widget\" data-e-type=\"widget\" data-widget_type=\"text-editor.default\">\n\t\t\t\t<div class=\"elementor-widget-container\">\n\t\t\t\t\t\t\t\t\t<!-- NOS SERVICES -->\n  <div class=\"cide-di-services\">\n    <div class=\"cide-di-services-header\">\n      <span class=\"cide-di-section-tag\">Lo que ofrecemos<\/span>\n      <h2>Nuestro <span>servicios<\/span><\/h2>\n      <div class=\"cide-di-services-divider\"><\/div>\n    <\/div>\n    <div class=\"cide-di-services-grid\">\n\n      <div class=\"cide-di-service-card\">\n        <span class=\"cide-di-service-num\">01<\/span>\n        <div class=\"cide-di-service-title\">Definir las especificaciones de acuerdo con los objetivos del programa y los espacios disponibles.<\/div>\n      <\/div>\n\n      <div class=\"cide-di-service-card\">\n        <span class=\"cide-di-service-num\">02<\/span>\n        <div class=\"cide-di-service-title\">Elegir proveedores competitivos y fiables<\/div>\n      <\/div>\n\n      <div class=\"cide-di-service-card\">\n        <span class=\"cide-di-service-num\">03<\/span>\n        <div class=\"cide-di-service-title\">Emisi\u00f3n de \u00f3rdenes de compra y consolidaci\u00f3n de equipos para env\u00edos mar\u00edtimos, incluyendo inspecciones t\u00e9cnicas cuando sea necesario.<\/div>\n      <\/div>\n\n      <div class=\"cide-di-service-card\">\n        <span class=\"cide-di-service-num\">04<\/span>\n        <div class=\"cide-di-service-title\">Gesti\u00f3n log\u00edstica para entregas in situ en el menor tiempo posible y en las mejores condiciones posibles.<\/div>\n      <\/div>\n\n      <div class=\"cide-di-service-card\">\n        <span class=\"cide-di-service-num\">05<\/span>\n        <div class=\"cide-di-service-title\">Asistencia en la puesta en marcha y la formaci\u00f3n in situ, incluida la implementaci\u00f3n de sistemas informatizados para el control de inventarios.<\/div>\n      <\/div>\n\n      <div class=\"cide-di-service-card\">\n        <span class=\"cide-di-service-num\">06<\/span>\n        <div class=\"cide-di-service-title\">Servicio postventa<\/div>\n      <\/div>\n\n      <div class=\"cide-di-service-card\">\n        <span class=\"cide-di-service-num\">07<\/span>\n        <div class=\"cide-di-service-title\">Cuando sea necesario, se ofrecer\u00e1 gesti\u00f3n integral de proyectos.\u00ab<\/div>\n      <\/div>\n\n    <\/div>\n  <\/div>\t\t\t\t\t\t\t\t<\/div>\n\t\t\t\t<\/div>\n\t\t\t\t<div class=\"elementor-element elementor-element-2257d75 elementor-widget elementor-widget-text-editor\" data-id=\"2257d75\" data-element_type=\"widget\" data-e-type=\"widget\" data-widget_type=\"text-editor.default\">\n\t\t\t\t<div class=\"elementor-widget-container\">\n\t\t\t\t\t\t\t\t\t<!-- VALEUR AJOUT\u00c9E -->\n  <div class=\"cide-di-approche\">\n    <div class=\"cide-di-approche-inner\">\n      <span class=\"cide-di-section-tag\">\u00bfPor qu\u00e9 elegirnos?<\/span>\n      <h2>NUESTRO <span>valor a\u00f1adido<\/span><\/h2>\n      <div class=\"cide-di-approche-divider\"><\/div>\n      <div class=\"cide-di-approche-list\">\n\n        <div class=\"cide-di-approche-item\">\n          <div class=\"cide-di-approche-item-icon\">\ud83c\udf0d<\/div>\n          <div class=\"cide-di-approche-item-text\">Experiencia reconocida internacionalmente en m\u00e1s de 40 pa\u00edses de \u00c1frica, Am\u00e9rica Latina y Oriente Medio.<\/div>\n        <\/div>\n\n        <div class=\"cide-di-approche-item\">\n          <div class=\"cide-di-approche-item-icon\">\ud83d\udd2c<\/div>\n          <div class=\"cide-di-approche-item-text\">Enfoque basado en competencias (EBC) integrado en todos los niveles de la formaci\u00f3n profesional y t\u00e9cnica.<\/div>\n        <\/div>\n\n        <div class=\"cide-di-approche-item\">\n          <div class=\"cide-di-approche-item-icon\">\ud83d\udcbb<\/div>\n          <div class=\"cide-di-approche-item-text\">Soluciones tecnol\u00f3gicas innovadoras para aumentar el impacto y garantizar la sostenibilidad de los resultados.<\/div>\n        <\/div>\n\n        <div class=\"cide-di-approche-item\">\n          <div class=\"cide-di-approche-item-icon\">\ud83e\udd1d<\/div>\n          <div class=\"cide-di-approche-item-text\">Transferencia de conocimientos especializados canadienses y quebequenses en ingenier\u00eda de formaci\u00f3n a los pa\u00edses beneficiarios.<\/div>\n        <\/div>\n\n      <\/div>\n    <\/div>\n  <\/div>\t\t\t\t\t\t\t\t<\/div>\n\t\t\t\t<\/div>\n\t\t\t\t<div class=\"elementor-element elementor-element-57071a0 elementor-widget elementor-widget-text-editor\" data-id=\"57071a0\" data-element_type=\"widget\" data-e-type=\"widget\" data-widget_type=\"text-editor.default\">\n\t\t\t\t<div class=\"elementor-widget-container\">\n\t\t\t\t\t\t\t\t\t<!-- CTA -->\n  <div class=\"cide-di-cta\">\n    <div>\n      <h2>Un proyecto para\u2019<span>suministrar<\/span> \u00bfO la gerencia?<\/h2>\n      <p>P\u00f3ngase en contacto con nuestro equipo de expertos para hablar sobre sus necesidades de equipamiento educativo y descubrir c\u00f3mo CIDE puede ayudarle.<\/p>\n    <\/div>\n    <a href=\"\/es\/contactez-nous\/\" class=\"btn-primary\">Cont\u00e1ctanos<\/a>\n  <\/div>\t\t\t\t\t\t\t\t<\/div>\n\t\t\t\t<\/div>\n\t\t\t\t<div class=\"elementor-element elementor-element-1791b9c elementor-widget elementor-widget-text-editor\" data-id=\"1791b9c\" data-element_type=\"widget\" data-e-type=\"widget\" data-widget_type=\"text-editor.default\">\n\t\t\t\t<div class=\"elementor-widget-container\">\n\t\t\t\t\t\t\t\t\t<!-- NAVIGATION DOMAINES -->\n  <div class=\"cide-di-nav\">\n    <span class=\"cide-di-nav-label\">Otras \u00e1reas:<\/span>\n    <a href=\"\/es\/education-et-formation-professionnelle\/\" class=\"cide-di-nav-btn\">\ud83c\udf93 Educaci\u00f3n<\/a>\n    <a href=\"\/es\/appui-aux-organisations\/\" class=\"cide-di-nav-btn\">\ud83c\udfdb\ufe0f Organizaciones<\/a>\n    <a href=\"\/es\/employabilite-et-entrepreneuriat\/\" class=\"cide-di-nav-btn\">\ud83d\udcbc Empleabilidad<\/a>\n\t<a href=\"\/es\/approvisionnement-technique-et-gestion-de-projets\/\" class=\"cide-di-nav-btn active\">\u2699\ufe0f Suministro<\/a>\n  <\/div>\t\t\t\t\t\t\t\t<\/div>\n\t\t\t\t<\/div>\n\t\t\t\t\t<\/div>\n\t\t<\/div>\n\t\t\t\t\t<\/div>\n\t\t<\/section>\n\t\t\t\t<\/div>","protected":false},"excerpt":{"rendered":"<p>Accueil \u2192 Domaines d&rsquo;intervention \u2192 Approvisionnement Technique et Gestion de Projets \u2699\ufe0f Domaine d&rsquo;intervention ApprovisionnementTechnique etGestion de Projets Gestion compl\u00e8te des approvisionnements d&rsquo;\u00e9quipements p\u00e9dagogiques et didactiques, de la d\u00e9finition des sp\u00e9cifications jusqu&rsquo;\u00e0 la mise en service sur site. Notre expertise Notre approche Le CIDE offre&#8230;<\/p>","protected":false},"author":1,"featured_media":0,"parent":0,"menu_order":0,"comment_status":"closed","ping_status":"closed","template":"","meta":{"footnotes":""},"class_list":["post-949","page","type-page","status-publish","hentry"],"_links":{"self":[{"href":"http:\/\/cide.ca\/es\/wp-json\/wp\/v2\/pages\/949","targetHints":{"allow":["GET"]}}],"collection":[{"href":"http:\/\/cide.ca\/es\/wp-json\/wp\/v2\/pages"}],"about":[{"href":"http:\/\/cide.ca\/es\/wp-json\/wp\/v2\/types\/page"}],"author":[{"embeddable":true,"href":"http:\/\/cide.ca\/es\/wp-json\/wp\/v2\/users\/1"}],"replies":[{"embeddable":true,"href":"http:\/\/cide.ca\/es\/wp-json\/wp\/v2\/comments?post=949"}],"version-history":[{"count":7,"href":"http:\/\/cide.ca\/es\/wp-json\/wp\/v2\/pages\/949\/revisions"}],"predecessor-version":[{"id":1165,"href":"http:\/\/cide.ca\/es\/wp-json\/wp\/v2\/pages\/949\/revisions\/1165"}],"wp:attachment":[{"href":"http:\/\/cide.ca\/es\/wp-json\/wp\/v2\/media?parent=949"}],"curies":[{"name":"gracias","href":"https:\/\/api.w.org\/{rel}","templated":true}]}}