{"id":920,"date":"2023-03-29T12:48:57","date_gmt":"2023-03-29T12:48:57","guid":{"rendered":"http:\/\/cide.ca\/?page_id=920"},"modified":"2023-03-29T12:48:58","modified_gmt":"2023-03-29T12:48:58","slug":"guinee-equatoriale-2","status":"publish","type":"page","link":"http:\/\/cide.ca\/es\/guinee-equatoriale-2\/","title":{"rendered":"Guinea Ecuatorial"},"content":{"rendered":"<p>Programa de formaci\u00f3n de mandos medios y altos en Guinea Ecuatorial<\/p>\n\n\n\n<p>Con el fin de apoyar al gobierno de Guinea Ecuatorial en el fortalecimiento del capital humano en varios sectores clave de la econom\u00eda, el CIDE recibi\u00f3 el mandato de llevar a cabo la formaci\u00f3n de 82 futuros formadores para ense\u00f1ar en los cinco institutos polit\u00e9cnicos provinciales (IPP). Los futuros formadores, todos ellos bachilleres, fueron reclutados tras un concurso y proceden de diferentes campos (construcci\u00f3n, mec\u00e1nica, turismo, etc.). La formaci\u00f3n tuvo lugar en T\u00fanez durante un per\u00edodo de m\u00e1s de 36 meses.<\/p>","protected":false},"excerpt":{"rendered":"<p>Programa de formaci\u00f3n para mandos medios y altos en Guinea Ecuatorial Con el fin de apoyar al gobierno de Guinea Ecuatorial en el fortalecimiento del capital humano en varios sectores clave de la econom\u00eda, el CIDE recibi\u00f3 el mandato de formar a 82 futuros formadores llamados a ense\u00f1ar...<\/p>","protected":false},"author":1,"featured_media":0,"parent":0,"menu_order":0,"comment_status":"closed","ping_status":"closed","template":"","meta":{"footnotes":""},"class_list":["post-920","page","type-page","status-publish","hentry"],"_links":{"self":[{"href":"http:\/\/cide.ca\/es\/wp-json\/wp\/v2\/pages\/920","targetHints":{"allow":["GET"]}}],"collection":[{"href":"http:\/\/cide.ca\/es\/wp-json\/wp\/v2\/pages"}],"about":[{"href":"http:\/\/cide.ca\/es\/wp-json\/wp\/v2\/types\/page"}],"author":[{"embeddable":true,"href":"http:\/\/cide.ca\/es\/wp-json\/wp\/v2\/users\/1"}],"replies":[{"embeddable":true,"href":"http:\/\/cide.ca\/es\/wp-json\/wp\/v2\/comments?post=920"}],"version-history":[{"count":1,"href":"http:\/\/cide.ca\/es\/wp-json\/wp\/v2\/pages\/920\/revisions"}],"predecessor-version":[{"id":921,"href":"http:\/\/cide.ca\/es\/wp-json\/wp\/v2\/pages\/920\/revisions\/921"}],"wp:attachment":[{"href":"http:\/\/cide.ca\/es\/wp-json\/wp\/v2\/media?parent=920"}],"curies":[{"name":"gracias","href":"https:\/\/api.w.org\/{rel}","templated":true}]}}