{"id":918,"date":"2023-03-29T12:47:50","date_gmt":"2023-03-29T12:47:50","guid":{"rendered":"http:\/\/cide.ca\/?page_id=918"},"modified":"2023-03-29T12:47:51","modified_gmt":"2023-03-29T12:47:51","slug":"soudan","status":"publish","type":"page","link":"http:\/\/cide.ca\/es\/soudan\/","title":{"rendered":"Sud\u00e1n"},"content":{"rendered":"<p>Proyecto de desarrollo de capacidades para mejorar la calidad del sistema de formaci\u00f3n y desarrollo de habilidades<\/p>\n\n\n\n<p>Los objetivos de la asistencia t\u00e9cnica son lograr lo siguiente:<\/p>\n\n\n\n<p>1. Realizar un diagn\u00f3stico del plan de formaci\u00f3n vigente y de la metodolog\u00eda utilizada.<\/p>\n\n\n\n<p>2. Desarrollar una nueva metodolog\u00eda y un nuevo plan de formaci\u00f3n<\/p>\n\n\n\n<p>3. Desarrollar un plan de movilizaci\u00f3n de recursos que incluya un taller nacional para el desarrollo de alianzas y recaudaci\u00f3n de fondos.<\/p>","protected":false},"excerpt":{"rendered":"<p>Proyecto de desarrollo de capacidades para mejorar la calidad del sistema de formaci\u00f3n y desarrollo de habilidades. Los objetivos de la asistencia t\u00e9cnica son lograr los siguientes: 1. Realizar un estudio de diagn\u00f3stico del plan de formaci\u00f3n actual y de la metodolog\u00eda utilizada\u2026.<\/p>","protected":false},"author":1,"featured_media":0,"parent":0,"menu_order":0,"comment_status":"closed","ping_status":"closed","template":"","meta":{"footnotes":""},"class_list":["post-918","page","type-page","status-publish","hentry"],"_links":{"self":[{"href":"http:\/\/cide.ca\/es\/wp-json\/wp\/v2\/pages\/918","targetHints":{"allow":["GET"]}}],"collection":[{"href":"http:\/\/cide.ca\/es\/wp-json\/wp\/v2\/pages"}],"about":[{"href":"http:\/\/cide.ca\/es\/wp-json\/wp\/v2\/types\/page"}],"author":[{"embeddable":true,"href":"http:\/\/cide.ca\/es\/wp-json\/wp\/v2\/users\/1"}],"replies":[{"embeddable":true,"href":"http:\/\/cide.ca\/es\/wp-json\/wp\/v2\/comments?post=918"}],"version-history":[{"count":1,"href":"http:\/\/cide.ca\/es\/wp-json\/wp\/v2\/pages\/918\/revisions"}],"predecessor-version":[{"id":919,"href":"http:\/\/cide.ca\/es\/wp-json\/wp\/v2\/pages\/918\/revisions\/919"}],"wp:attachment":[{"href":"http:\/\/cide.ca\/es\/wp-json\/wp\/v2\/media?parent=918"}],"curies":[{"name":"gracias","href":"https:\/\/api.w.org\/{rel}","templated":true}]}}