{"id":751,"date":"2021-11-01T16:59:12","date_gmt":"2021-11-01T16:59:12","guid":{"rendered":"http:\/\/s880809430.onlinehome.us\/?page_id=751"},"modified":"2026-04-21T16:29:35","modified_gmt":"2026-04-21T16:29:35","slug":"politique-anti-corruption","status":"publish","type":"page","link":"http:\/\/cide.ca\/es\/politique-anti-corruption\/","title":{"rendered":"POL\u00cdTICA anticorrupci\u00f3n"},"content":{"rendered":"<div data-elementor-type=\"wp-page\" data-elementor-id=\"751\" class=\"elementor elementor-751\">\n\t\t\t\t\t\t<section class=\"elementor-section elementor-top-section elementor-element elementor-element-e896c5f elementor-section-boxed elementor-section-height-default elementor-section-height-default parallax_section_no qode_elementor_container_no\" data-id=\"e896c5f\" data-element_type=\"section\" data-e-type=\"section\">\n\t\t\t\t\t\t<div class=\"elementor-container elementor-column-gap-default\">\n\t\t\t\t\t<div class=\"elementor-column elementor-col-100 elementor-top-column elementor-element elementor-element-3698ad8\" data-id=\"3698ad8\" data-element_type=\"column\" data-e-type=\"column\">\n\t\t\t<div class=\"elementor-widget-wrap elementor-element-populated\">\n\t\t\t\t\t\t<div class=\"elementor-element elementor-element-15f8825 elementor-widget elementor-widget-text-editor\" data-id=\"15f8825\" data-element_type=\"widget\" data-e-type=\"widget\" data-widget_type=\"text-editor.default\">\n\t\t\t\t<div class=\"elementor-widget-container\">\n\t\t\t\t\t\t\t\t\t<div class=\"cide-pac-page\">\n\n  <!-- HERO -->\n  <div class=\"cide-pac-hero\">\n    <div class=\"cide-pac-breadcrumb\">\n      <a href=\"\/es\/\">bienvenida<\/a> \u2192 <a href=\"\/es\/a-propos\/\">La CIDE<\/a> \u2192 Pol\u00edtica anticorrupci\u00f3n\n    <\/div>\n    <span class=\"cide-pac-hero-tag\">\u2696\ufe0f Gobernanza y \u00e9tica<\/span>\n    <h1>Pol\u00edtica <span>Lucha contra la corrupci\u00f3n<\/span><\/h1>\n    <div class=\"cide-pac-hero-divider\"><\/div>\n    <p>La CIDE est\u00e1 firmemente comprometida con la lucha contra todas las formas de corrupci\u00f3n y act\u00faa con integridad, transparencia y responsabilidad en todas sus actividades.<\/p>\n  <\/div>\n<\/div>\t\t\t\t\t\t\t\t<\/div>\n\t\t\t\t<\/div>\n\t\t\t\t<div class=\"elementor-element elementor-element-66005c7 elementor-widget elementor-widget-text-editor\" data-id=\"66005c7\" data-element_type=\"widget\" data-e-type=\"widget\" data-widget_type=\"text-editor.default\">\n\t\t\t\t<div class=\"elementor-widget-container\">\n\t\t\t\t\t\t\t\t\t<!-- VALEURS -->\n  <div class=\"cide-pac-valeurs\">\n    <div class=\"cide-pac-valeurs-inner\">\n      <div class=\"cide-pac-valeurs-header\">\n        <span class=\"cide-pac-section-tag\">Lo que nos gu\u00eda<\/span>\n        <h2>Nuestro <span>valores fundamentales<\/span><\/h2>\n        <div class=\"cide-pac-valeurs-divider\"><\/div>\n      <\/div>\n      <div class=\"cide-pac-valeurs-grid\">\n\n        <div class=\"cide-pac-valeur-card\">\n          <span class=\"cide-pac-valeur-icon\">\u2696\ufe0f<\/span>\n          <div class=\"cide-pac-valeur-title\">Integridad<\/div>\n          <div class=\"cide-pac-valeur-desc\">Actuar con honestidad e integridad en todas nuestras acciones y decisiones.<\/div>\n        <\/div>\n\n        <div class=\"cide-pac-valeur-card\">\n          <span class=\"cide-pac-valeur-icon\">\ud83d\udd0e<\/span>\n          <div class=\"cide-pac-valeur-title\">Transparencia<\/div>\n          <div class=\"cide-pac-valeur-desc\">Informar sobre nuestras acciones y resultados a todas las partes interesadas.<\/div>\n        <\/div>\n\n        <div class=\"cide-pac-valeur-card\">\n          <span class=\"cide-pac-valeur-icon\">\ud83d\udee1\ufe0f<\/span>\n          <div class=\"cide-pac-valeur-title\">Responsabilidad<\/div>\n          <div class=\"cide-pac-valeur-desc\">Aceptar plenamente las consecuencias de nuestras acciones y decisiones.<\/div>\n        <\/div>\n\n      <\/div>\n    <\/div>\n  <\/div>\t\t\t\t\t\t\t\t<\/div>\n\t\t\t\t<\/div>\n\t\t\t\t<div class=\"elementor-element elementor-element-9fa3cac elementor-widget elementor-widget-text-editor\" data-id=\"9fa3cac\" data-element_type=\"widget\" data-e-type=\"widget\" data-widget_type=\"text-editor.default\">\n\t\t\t\t<div class=\"elementor-widget-container\">\n\t\t\t\t\t\t\t\t\t<!-- CTA T\u00c9L\u00c9CHARGEMENT -->\n  <div class=\"cide-pac-cta\">\n    <div>\n      <h2>Consulte nuestra pol\u00edtica <span>completo<\/span><\/h2>\n      <p>Descargue nuestra pol\u00edtica oficial anticorrupci\u00f3n para obtener m\u00e1s informaci\u00f3n sobre nuestros compromisos y procedimientos internos.<\/p>\n    <\/div>\n    <div class=\"cide-pac-cta-buttons\">\n      <a href=\"http:\/\/cide.ca\/wp-content\/uploads\/2021\/11\/01-Politique-anti-corruption-vs-CIDE.docx.pdf\" class=\"btn-primary\">\u2b07\ufe0f Descarga el PDF<\/a>\n      <a href=\"\/es\/contactez-nous\/\" class=\"btn-secondary\">\u2709\ufe0f Cont\u00e1ctanos<\/a>\n    <\/div>\n  <\/div>\t\t\t\t\t\t\t\t<\/div>\n\t\t\t\t<\/div>\n\t\t\t\t\t<\/div>\n\t\t<\/div>\n\t\t\t\t\t<\/div>\n\t\t<\/section>\n\t\t\t\t<\/div>","protected":false},"excerpt":{"rendered":"<p>Accueil \u2192 Le CIDE \u2192 Politique Anti-Corruption \u2696\ufe0f Gouvernance &#038; \u00c9thique Politique Anti-Corruption Le CIDE s&rsquo;engage fermement contre toute forme de corruption et agit avec int\u00e9grit\u00e9, transparence et responsabilit\u00e9 dans l&rsquo;ensemble de ses activit\u00e9s. Ce qui nous guide Nos valeurs fondamentales \u2696\ufe0f Int\u00e9grit\u00e9 Agir avec&#8230;<\/p>","protected":false},"author":1,"featured_media":0,"parent":0,"menu_order":0,"comment_status":"closed","ping_status":"closed","template":"","meta":{"footnotes":""},"class_list":["post-751","page","type-page","status-publish","hentry"],"_links":{"self":[{"href":"http:\/\/cide.ca\/es\/wp-json\/wp\/v2\/pages\/751","targetHints":{"allow":["GET"]}}],"collection":[{"href":"http:\/\/cide.ca\/es\/wp-json\/wp\/v2\/pages"}],"about":[{"href":"http:\/\/cide.ca\/es\/wp-json\/wp\/v2\/types\/page"}],"author":[{"embeddable":true,"href":"http:\/\/cide.ca\/es\/wp-json\/wp\/v2\/users\/1"}],"replies":[{"embeddable":true,"href":"http:\/\/cide.ca\/es\/wp-json\/wp\/v2\/comments?post=751"}],"version-history":[{"count":9,"href":"http:\/\/cide.ca\/es\/wp-json\/wp\/v2\/pages\/751\/revisions"}],"predecessor-version":[{"id":1178,"href":"http:\/\/cide.ca\/es\/wp-json\/wp\/v2\/pages\/751\/revisions\/1178"}],"wp:attachment":[{"href":"http:\/\/cide.ca\/es\/wp-json\/wp\/v2\/media?parent=751"}],"curies":[{"name":"gracias","href":"https:\/\/api.w.org\/{rel}","templated":true}]}}