{"id":746,"date":"2021-11-01T16:55:55","date_gmt":"2021-11-01T16:55:55","guid":{"rendered":"http:\/\/s880809430.onlinehome.us\/?page_id=746"},"modified":"2026-04-21T16:41:47","modified_gmt":"2026-04-21T16:41:47","slug":"code-de-conduite","status":"publish","type":"page","link":"http:\/\/cide.ca\/es\/code-de-conduite\/","title":{"rendered":"C\u00f3digo de conducta"},"content":{"rendered":"<div data-elementor-type=\"wp-page\" data-elementor-id=\"746\" class=\"elementor elementor-746\">\n\t\t\t\t\t\t<section class=\"elementor-section elementor-top-section elementor-element elementor-element-1d3a073 elementor-section-boxed elementor-section-height-default elementor-section-height-default parallax_section_no qode_elementor_container_no\" data-id=\"1d3a073\" data-element_type=\"section\" data-e-type=\"section\">\n\t\t\t\t\t\t<div class=\"elementor-container elementor-column-gap-default\">\n\t\t\t\t\t<div class=\"elementor-column elementor-col-100 elementor-top-column elementor-element elementor-element-ac3850c\" data-id=\"ac3850c\" data-element_type=\"column\" data-e-type=\"column\">\n\t\t\t<div class=\"elementor-widget-wrap elementor-element-populated\">\n\t\t\t\t\t\t<div class=\"elementor-element elementor-element-403b42d elementor-widget elementor-widget-text-editor\" data-id=\"403b42d\" data-element_type=\"widget\" data-e-type=\"widget\" data-widget_type=\"text-editor.default\">\n\t\t\t\t<div class=\"elementor-widget-container\">\n\t\t\t\t\t\t\t\t\t<div class=\"cide-cdc-page\">\n\n  <!-- HERO -->\n  <div class=\"cide-cdc-hero\">\n    <div class=\"cide-cdc-breadcrumb\">\n      <a href=\"\/es\/\">bienvenida<\/a> \u2192 <a href=\"\/es\/a-propos\/\">La CIDE<\/a> \u2192 C\u00f3digo de conducta\n    <\/div>\n    <span class=\"cide-cdc-hero-tag\">\ud83d\udccb \u00c9tica y comportamiento<\/span>\n    <h1>C\u00f3digo de <span>Conducta<\/span><\/h1>\n    <div class=\"cide-cdc-hero-divider\"><\/div>\n    <p>CIDE se compromete a mantener los m\u00e1s altos est\u00e1ndares \u00e9ticos en todas sus actividades, guiando a sus empleados y socios con un c\u00f3digo de conducta claro y riguroso.<\/p>\n  <\/div>\n<\/div>\t\t\t\t\t\t\t\t<\/div>\n\t\t\t\t<\/div>\n\t\t\t\t<div class=\"elementor-element elementor-element-0ac1ab1 elementor-widget elementor-widget-text-editor\" data-id=\"0ac1ab1\" data-element_type=\"widget\" data-e-type=\"widget\" data-widget_type=\"text-editor.default\">\n\t\t\t\t<div class=\"elementor-widget-container\">\n\t\t\t\t\t\t\t\t\t<div class=\"cide-cdc-valeurs\">\n  <div class=\"cide-cdc-valeurs-inner\">\n    <div class=\"cide-cdc-valeurs-header\">\n      <span class=\"cide-cdc-section-tag\">Nuestros principios de integridad<\/span>\n      <h2>Nuestro <span>valores fundamentales<\/span><\/h2>\n      <div class=\"cide-cdc-valeurs-divider\"><\/div>\n    <\/div>\n\n    <div class=\"cide-cdc-valeurs-grid\">\n\n      <!-- 1 -->\n      <div class=\"cide-cdc-valeur-card\">\n        <div class=\"cide-cdc-valeur-card-header\">\n          <div class=\"cide-cdc-valeur-icon\">\ud83d\udc65<\/div>\n          <div class=\"cide-cdc-valeur-title\">Compromiso con el personal<\/div>\n        <\/div>\n        <div class=\"cide-cdc-valeur-desc\">\n          Relaciones basadas en el respeto, la honestidad y la lealtad. Se fomenta la innovaci\u00f3n y el compromiso de todos para mantener altos est\u00e1ndares de calidad y el respeto a los derechos humanos.\n        <\/div>\n      <\/div>\n\n      <!-- 2 -->\n      <div class=\"cide-cdc-valeur-card\">\n        <div class=\"cide-cdc-valeur-card-header\">\n          <div class=\"cide-cdc-valeur-icon\">\ud83c\udfe2<\/div>\n          <div class=\"cide-cdc-valeur-title\">Compromiso con la empresa<\/div>\n        <\/div>\n        <div class=\"cide-cdc-valeur-desc\">\n          Evite cualquier conflicto de intereses entre sus intereses personales y los de la empresa. Se anima a cada miembro a expresarse libremente en caso de dudas \u00e9ticas o de cumplimiento normativo.\n        <\/div>\n      <\/div>\n\n      <!-- 3 -->\n      <div class=\"cide-cdc-valeur-card\">\n        <div class=\"cide-cdc-valeur-card-header\">\n          <div class=\"cide-cdc-valeur-icon\">\ud83d\udd12<\/div>\n          <div class=\"cide-cdc-valeur-title\">Compromiso con la confianza<\/div>\n        <\/div>\n        <div class=\"cide-cdc-valeur-desc\">\n          La protecci\u00f3n rigurosa de la informaci\u00f3n confidencial, la exactitud de los documentos de gesti\u00f3n y el cumplimiento de las leyes aplicables son pilares esenciales para nuestro \u00e9xito a largo plazo.\n        <\/div>\n      <\/div>\n\n      <!-- 4 -->\n      <div class=\"cide-cdc-valeur-card\">\n        <div class=\"cide-cdc-valeur-card-header\">\n          <div class=\"cide-cdc-valeur-icon\">\u2696\ufe0f<\/div>\n          <div class=\"cide-cdc-valeur-title\">\u00c9tica empresarial<\/div>\n        <\/div>\n        <div class=\"cide-cdc-valeur-desc\">\n          Toda decisi\u00f3n profesional debe ser leg\u00edtima y honesta. El CIDE aplica una <strong style=\"color:rgba(255,255,255,0.9);\">pol\u00edtica de tolerancia cero<\/strong> contra todas las formas de corrupci\u00f3n.\n        <\/div>\n      <\/div>\n\n    <\/div>\n  <\/div>\n<\/div>\t\t\t\t\t\t\t\t<\/div>\n\t\t\t\t<\/div>\n\t\t\t\t<div class=\"elementor-element elementor-element-b429421 elementor-widget elementor-widget-text-editor\" data-id=\"b429421\" data-element_type=\"widget\" data-e-type=\"widget\" data-widget_type=\"text-editor.default\">\n\t\t\t\t<div class=\"elementor-widget-container\">\n\t\t\t\t\t\t\t\t\t<!-- CTA -->\n  <div class=\"cide-cdc-cta\">\n    <div>\n      <h2>Consulte nuestro c\u00f3digo de <span>conducci\u00f3n completa<\/span><\/h2>\n      <p>Descargue nuestro c\u00f3digo de conducta oficial para obtener m\u00e1s informaci\u00f3n sobre los est\u00e1ndares \u00e9ticos y de comportamiento del CIDE.<\/p>\n    <\/div>\n    <div class=\"cide-cdc-cta-buttons\">\n      <a href=\"http:\/\/cide.ca\/wp-content\/uploads\/2024\/04\/Code-de-conduite-CIDE-2024.pdf\" class=\"btn-primary\">\u2b07\ufe0f Descarga el PDF<\/a>\n      <a href=\"\/es\/contactez-nous\/\" class=\"btn-secondary\">\u2709\ufe0f Cont\u00e1ctanos<\/a>\n    <\/div>\n  <\/div>\t\t\t\t\t\t\t\t<\/div>\n\t\t\t\t<\/div>\n\t\t\t\t\t<\/div>\n\t\t<\/div>\n\t\t\t\t\t<\/div>\n\t\t<\/section>\n\t\t\t\t<\/div>","protected":false},"excerpt":{"rendered":"<p>Accueil \u2192 Le CIDE \u2192 Code de Conduite \ud83d\udccb \u00c9thique &#038; Comportement Code de Conduite Le CIDE s&rsquo;engage \u00e0 maintenir les plus hauts standards \u00e9thiques dans l&rsquo;ensemble de ses activit\u00e9s, en guidant ses collaborateurs et partenaires par un code de conduite clair et rigoureux. Nos&#8230;<\/p>","protected":false},"author":1,"featured_media":0,"parent":0,"menu_order":0,"comment_status":"closed","ping_status":"closed","template":"","meta":{"footnotes":""},"class_list":["post-746","page","type-page","status-publish","hentry"],"_links":{"self":[{"href":"http:\/\/cide.ca\/es\/wp-json\/wp\/v2\/pages\/746","targetHints":{"allow":["GET"]}}],"collection":[{"href":"http:\/\/cide.ca\/es\/wp-json\/wp\/v2\/pages"}],"about":[{"href":"http:\/\/cide.ca\/es\/wp-json\/wp\/v2\/types\/page"}],"author":[{"embeddable":true,"href":"http:\/\/cide.ca\/es\/wp-json\/wp\/v2\/users\/1"}],"replies":[{"embeddable":true,"href":"http:\/\/cide.ca\/es\/wp-json\/wp\/v2\/comments?post=746"}],"version-history":[{"count":11,"href":"http:\/\/cide.ca\/es\/wp-json\/wp\/v2\/pages\/746\/revisions"}],"predecessor-version":[{"id":1186,"href":"http:\/\/cide.ca\/es\/wp-json\/wp\/v2\/pages\/746\/revisions\/1186"}],"wp:attachment":[{"href":"http:\/\/cide.ca\/es\/wp-json\/wp\/v2\/media?parent=746"}],"curies":[{"name":"gracias","href":"https:\/\/api.w.org\/{rel}","templated":true}]}}