{"id":742,"date":"2021-08-30T09:48:50","date_gmt":"2021-08-30T09:48:50","guid":{"rendered":"http:\/\/s880809430.onlinehome.us\/?page_id=742"},"modified":"2021-08-30T09:48:50","modified_gmt":"2021-08-30T09:48:50","slug":"liban-2","status":"publish","type":"page","link":"http:\/\/cide.ca\/es\/liban-2\/","title":{"rendered":"L\u00cdBANO"},"content":{"rendered":"<p><strong>Desarrollo de modelos de proyecci\u00f3n de habilidades en la regi\u00f3n del sur del\nMediterr\u00e1neo \u2013 NET-MED Jeunesse<\/strong><\/p>\n<p>El proyecto de la UNESCO ten\u00eda como objetivo promover la participaci\u00f3n c\u00edvica de los j\u00f3venes a trav\u00e9s del fortalecimiento de las capacidades de las redes colaborativas de organizaciones juveniles en tres \u00e1reas clave: pol\u00edticas de juventud, medios y formaci\u00f3n y empleo juvenil. M\u00e1s concretamente en el \u00e1mbito de la formaci\u00f3n y el empleo de los j\u00f3venes, el Consultor apoy\u00f3 a los pa\u00edses beneficiarios a establecer un modelo nacional de previsi\u00f3n de competencias con vistas a adaptar mejor la formaci\u00f3n a las competencias requeridas en el mercado laboral.<\/p>\n<p><strong>Estudio de necesidades de formaci\u00f3n t\u00e9cnica y profesional<\/strong><\/p>\n<p>El proyecto llev\u00f3 a cabo una evaluaci\u00f3n cualitativa y cuantitativa de la situaci\u00f3n del mercado laboral en el L\u00edbano con miras a establecer un programa de formaci\u00f3n en turismo\/hoteler\u00eda.<\/p>","protected":false},"excerpt":{"rendered":"<p>Desarrollo de modelos de proyecci\u00f3n de habilidades en la regi\u00f3n del sur del Mediterr\u00e1neo: NET-MED Youth El proyecto de la UNESCO tiene como objetivo promover la participaci\u00f3n c\u00edvica de los j\u00f3venes a trav\u00e9s del desarrollo de capacidades de redes colaborativas de organizaciones juveniles en tres \u00e1reas clave, ya sea pol\u00edticas...<\/p>","protected":false},"author":1,"featured_media":0,"parent":0,"menu_order":0,"comment_status":"closed","ping_status":"closed","template":"","meta":{"footnotes":""},"class_list":["post-742","page","type-page","status-publish","hentry"],"_links":{"self":[{"href":"http:\/\/cide.ca\/es\/wp-json\/wp\/v2\/pages\/742","targetHints":{"allow":["GET"]}}],"collection":[{"href":"http:\/\/cide.ca\/es\/wp-json\/wp\/v2\/pages"}],"about":[{"href":"http:\/\/cide.ca\/es\/wp-json\/wp\/v2\/types\/page"}],"author":[{"embeddable":true,"href":"http:\/\/cide.ca\/es\/wp-json\/wp\/v2\/users\/1"}],"replies":[{"embeddable":true,"href":"http:\/\/cide.ca\/es\/wp-json\/wp\/v2\/comments?post=742"}],"version-history":[{"count":1,"href":"http:\/\/cide.ca\/es\/wp-json\/wp\/v2\/pages\/742\/revisions"}],"predecessor-version":[{"id":743,"href":"http:\/\/cide.ca\/es\/wp-json\/wp\/v2\/pages\/742\/revisions\/743"}],"wp:attachment":[{"href":"http:\/\/cide.ca\/es\/wp-json\/wp\/v2\/media?parent=742"}],"curies":[{"name":"gracias","href":"https:\/\/api.w.org\/{rel}","templated":true}]}}