{"id":730,"date":"2021-08-30T08:59:02","date_gmt":"2021-08-30T08:59:02","guid":{"rendered":"http:\/\/s880809430.onlinehome.us\/?page_id=730"},"modified":"2021-08-30T08:59:02","modified_gmt":"2021-08-30T08:59:02","slug":"mauritanie","status":"publish","type":"page","link":"http:\/\/cide.ca\/es\/mauritanie\/","title":{"rendered":"MAURITANIA"},"content":{"rendered":"<p><strong>Estudio de necesidades de formaci\u00f3n t\u00e9cnica y profesional en el sector Ofim\u00e1tica- Secretariado-Contabilidad<\/strong><\/p>\n<p>El estudio tuvo como objetivo realizar un an\u00e1lisis cualitativo y cuantitativo de las necesidades nacionales de calificaci\u00f3n en el campo de Secretariado - Ofim\u00e1tica - Contabilidad.<\/p>\n<p><strong>Estudio sobre la revisi\u00f3n de los estatutos del personal de Educaci\u00f3n Superior<\/strong><\/p>\n<p>El estudio tuvo como finalidad establecer un diagn\u00f3stico de la situaci\u00f3n del personal de\nEducaci\u00f3n Superior, proponer un plan de actualizaci\u00f3n del estado de la Educaci\u00f3n Superior que tenga en cuenta los objetivos del Programa Nacional para el Desarrollo del sector educativo, crear un estatuto para el personal administrativo, t\u00e9cnico y de servicios de los establecimientos, crear estatutos especiales para profesores universitarios hospitalarios y tecnol\u00f3gicos y formular recomendaciones para el estatuto de investigadores. Ministerio de la Educaci\u00f3n Nacional.<\/p>\n<p><strong>Estudio sobre el desarrollo de los programas de ense\u00f1anza e investigaci\u00f3n del Instituto Superior de Estudios Tecnol\u00f3gicos de Rosso<\/strong><\/p>\n<p>La creaci\u00f3n del ISET de Rosso tuvo como objetivo apoyar y desarrollar actividades agr\u00edcolas, pastorales y de tecnolog\u00eda alimentaria mediante el aumento de competencias y la investigaci\u00f3n aplicada dirigida a temas relacionados con los objetivos de desarrollo del sector rural de Mauritania. En este contexto, el CIDE realiz\u00f3 un estudio que permiti\u00f3 el desarrollo de los programas de formaci\u00f3n del Instituto, as\u00ed como el desarrollo de mecanismos de gesti\u00f3n de la investigaci\u00f3n.<\/p>\n<p><strong>Realizaci\u00f3n de una nomenclatura nacional de sectores de formaci\u00f3n y una arquitectura de certificaciones<\/strong><\/p>\n<p>Como parte de este proyecto, el CIDE realiz\u00f3 una revisi\u00f3n y an\u00e1lisis de los documentos y estudios de referencia existentes en los campos del empleo, luego propuso una nomenclatura de especialidades formativas y finalmente analiz\u00f3 los textos normativos vigentes. El CIDE tambi\u00e9n brind\u00f3 capacitaci\u00f3n a actores y usuarios sobre el contenido de la nomenclatura y la arquitectura de certificaciones desarrolladas.<\/p>\n<p><strong>Establecimiento de un sistema de informaci\u00f3n y gesti\u00f3n integrada del fondo aut\u00f3nomo FAP-FTP de apoyo a las peque\u00f1as y medianas empresas de Mauritania<\/strong><\/p>\n<p>El proyecto abarc\u00f3 el dise\u00f1o e implementaci\u00f3n de un portal de gesti\u00f3n integral y un sistema de informaci\u00f3n para la FAP-FTP, el desarrollo de un procedimiento operativo para el sistema de financiaci\u00f3n de la educaci\u00f3n continua, el desarrollo de un plan de informatizaci\u00f3n del sistema de financiaci\u00f3n de la formaci\u00f3n, el dise\u00f1o e implementaci\u00f3n de un portal inform\u00e1tico para la gesti\u00f3n integrada del sistema de financiaci\u00f3n.<\/p>\n<p><strong>Programa de Fortalecimiento Institucional en Materia Tecnol\u00f3gica en \u00c1frica Franc\u00f3fona (16 pa\u00edses)<\/strong><\/p>\n<p>El programa PRIMTAF II pretend\u00eda responder a dos prioridades del programa canadiense de asistencia para el desarrollo: la buena gobernanza y el desarrollo del sector privado. Su objetivo era apoyar una gesti\u00f3n m\u00e1s rigurosa de las instituciones p\u00fablicas de formaci\u00f3n\nEl programa PRIMTAF II pretend\u00eda responder a dos prioridades del programa canadiense de asistencia para el desarrollo: la buena gobernanza y el desarrollo del sector privado. Su objetivo era apoyar una gesti\u00f3n m\u00e1s rigurosa de las instituciones p\u00fablicas de formaci\u00f3n profesional y t\u00e9cnica, as\u00ed como el desarrollo de habilidades para atender mejor las necesidades de cualificaci\u00f3n de los pa\u00edses apuntados. En este contexto, el CIDE recibi\u00f3 el mandato de administrar el programa, monitorearlo y actuar como asesor t\u00e9cnico de las instituciones canadienses y africanas movilizadas para la implementaci\u00f3n de los proyectos.<\/p>\n<p><strong>en mauritania<\/strong>\u00a0: Proyecto de Fortalecimiento de la Pesca Artesanal y Proyecto de Refrigeraci\u00f3n y Climatizaci\u00f3n<\/p>","protected":false},"excerpt":{"rendered":"<p>\u00c9tude des besoins en formation technique et professionnelle dans le secteur de Bureautique- Secr\u00e9tariat -Comptabilit\u00e9 L&rsquo;\u00e9tude visait la r\u00e9alisation d&rsquo;une analyse qualitative et quantitative des besoins nationaux en qualification dans le domaine du Secr\u00e9tariat &#8211; Bureautique &#8211; Comptabilit\u00e9. \u00c9tude portant sur la r\u00e9vision des statuts&#8230;<\/p>","protected":false},"author":1,"featured_media":0,"parent":0,"menu_order":0,"comment_status":"closed","ping_status":"closed","template":"","meta":[],"_links":{"self":[{"href":"http:\/\/cide.ca\/es\/wp-json\/wp\/v2\/pages\/730"}],"collection":[{"href":"http:\/\/cide.ca\/es\/wp-json\/wp\/v2\/pages"}],"about":[{"href":"http:\/\/cide.ca\/es\/wp-json\/wp\/v2\/types\/page"}],"author":[{"embeddable":true,"href":"http:\/\/cide.ca\/es\/wp-json\/wp\/v2\/users\/1"}],"replies":[{"embeddable":true,"href":"http:\/\/cide.ca\/es\/wp-json\/wp\/v2\/comments?post=730"}],"version-history":[{"count":1,"href":"http:\/\/cide.ca\/es\/wp-json\/wp\/v2\/pages\/730\/revisions"}],"predecessor-version":[{"id":731,"href":"http:\/\/cide.ca\/es\/wp-json\/wp\/v2\/pages\/730\/revisions\/731"}],"wp:attachment":[{"href":"http:\/\/cide.ca\/es\/wp-json\/wp\/v2\/media?parent=730"}],"curies":[{"name":"gracias","href":"https:\/\/api.w.org\/{rel}","templated":true}]}}