{"id":728,"date":"2021-08-30T08:38:42","date_gmt":"2021-08-30T08:38:42","guid":{"rendered":"http:\/\/s880809430.onlinehome.us\/?page_id=728"},"modified":"2021-08-30T08:38:42","modified_gmt":"2021-08-30T08:38:42","slug":"mali","status":"publish","type":"page","link":"http:\/\/cide.ca\/es\/mali\/","title":{"rendered":"MAL\u00cd"},"content":{"rendered":"<p><strong>Estudio sobre la gesti\u00f3n del flujo en el sistema educativo de Mal\u00ed<\/strong><\/p>\n<p>En un primer tiempo, el CIDE intervino en la elaboraci\u00f3n de un diagn\u00f3stico de la gesti\u00f3n de flujos estudiantiles en el marco de PISE II. En una segunda etapa, el CIDE realiz\u00f3 una evaluaci\u00f3n del sistema de gesti\u00f3n de flujos en cuanto a su pertinencia, su eficacia (interna y externa) y sus impactos con respecto a los objetivos que persigue el sistema educativo y de formaci\u00f3n maliense. Durante la tercera y \u00faltima etapa, el CIDE propuso m\u00e9todos para implementar las recomendaciones priorizadas.<\/p>\n<p><strong>Estudio de factibilidad para la experimentaci\u00f3n del concepto de colegios comunitarios norteamericanos en los pa\u00edses de la UEMOA<\/strong><\/p>\n<p>El objetivo del estudio fue proporcionar la informaci\u00f3n necesaria para argumentar el valor agregado, la pertinencia, la factibilidad, el financiamiento y las condiciones para implementar un proyecto regional de formaci\u00f3n profesional relacionado con la adaptaci\u00f3n del modelo de colegios comunitarios norteamericanos en los pa\u00edses de \u00c1frica Occidental, incluidos los de la Uni\u00f3n.<\/p>","protected":false},"excerpt":{"rendered":"<p>Estudio sobre la gesti\u00f3n de flujos en el sistema educativo maliense El CIDE intervino en la elaboraci\u00f3n de un diagn\u00f3stico de la gesti\u00f3n de flujos estudiantiles en el marco de PISE II. En el segundo paso, el CIDE realiz\u00f3 una evaluaci\u00f3n de la\u2026<\/p>","protected":false},"author":1,"featured_media":0,"parent":0,"menu_order":0,"comment_status":"closed","ping_status":"closed","template":"","meta":{"footnotes":""},"class_list":["post-728","page","type-page","status-publish","hentry"],"_links":{"self":[{"href":"http:\/\/cide.ca\/es\/wp-json\/wp\/v2\/pages\/728","targetHints":{"allow":["GET"]}}],"collection":[{"href":"http:\/\/cide.ca\/es\/wp-json\/wp\/v2\/pages"}],"about":[{"href":"http:\/\/cide.ca\/es\/wp-json\/wp\/v2\/types\/page"}],"author":[{"embeddable":true,"href":"http:\/\/cide.ca\/es\/wp-json\/wp\/v2\/users\/1"}],"replies":[{"embeddable":true,"href":"http:\/\/cide.ca\/es\/wp-json\/wp\/v2\/comments?post=728"}],"version-history":[{"count":1,"href":"http:\/\/cide.ca\/es\/wp-json\/wp\/v2\/pages\/728\/revisions"}],"predecessor-version":[{"id":729,"href":"http:\/\/cide.ca\/es\/wp-json\/wp\/v2\/pages\/728\/revisions\/729"}],"wp:attachment":[{"href":"http:\/\/cide.ca\/es\/wp-json\/wp\/v2\/media?parent=728"}],"curies":[{"name":"gracias","href":"https:\/\/api.w.org\/{rel}","templated":true}]}}