{"id":724,"date":"2021-08-30T08:36:04","date_gmt":"2021-08-30T08:36:04","guid":{"rendered":"http:\/\/s880809430.onlinehome.us\/?page_id=724"},"modified":"2021-08-30T08:36:04","modified_gmt":"2021-08-30T08:36:04","slug":"guinee","status":"publish","type":"page","link":"http:\/\/cide.ca\/es\/guinee\/","title":{"rendered":"GUINEA"},"content":{"rendered":"<p><strong>Asistencia t\u00e9cnica en formaci\u00f3n administrativa<\/strong><\/p>\n<p>El objetivo era realizar un an\u00e1lisis de necesidades de formaci\u00f3n, desarrollar perfiles de\nformaci\u00f3n y programas en Secretariado\/ Ofim\u00e1tica, Contabilidad\/Gesti\u00f3n, Gesti\u00f3n de stock y Suministro.<\/p>\n<p><strong>Formaci\u00f3n de ejecutivos de CBG (Africanizaci\u00f3n)<\/strong><\/p>\n<p>El CIDE tuvo el mandato de velar por la organizaci\u00f3n de la formaci\u00f3n de los directivos inscritos en el plan de desarrollo plurianual en Gesti\u00f3n de inventarios y abastecimiento, en Comercializaci\u00f3n, en Ingenier\u00eda de programas de formaci\u00f3n. Adem\u00e1s, asegur\u00f3 la organizaci\u00f3n, para un grupo de t\u00e9cnicos de CBG, de formaci\u00f3n universitaria inicial en Ingenier\u00eda, Gesti\u00f3n y Contabilidad.<\/p>\n<p><strong>Formaci\u00f3n de 70 formadores con miras a capacitar a 2100 docentes en el enfoque de g\u00e9nero<\/strong><\/p>\n<p>CIDE fue seleccionado para apoyar al Ministerio de Educaci\u00f3n Preuniversitaria y Educaci\u00f3n de la Rep\u00fablica de Guinea en el desarrollo de sus competencias en Gesti\u00f3n e Inform\u00e1tica, con el fin de apoyar la promoci\u00f3n de la igualdad de g\u00e9nero en el sector educativo.<\/p>","protected":false},"excerpt":{"rendered":"<p>Asistencia t\u00e9cnica en capacitaci\u00f3n administrativa. El objetivo era realizar un an\u00e1lisis de las necesidades de capacitaci\u00f3n, desarrollar perfiles y programas marco de capacitaci\u00f3n en secretariado\/automatizaci\u00f3n de oficinas, contabilidad\/gesti\u00f3n, gesti\u00f3n de inventarios y adquisiciones. Capacitaci\u00f3n de ejecutivos del CBG (Africanizaci\u00f3n). El CIDE recibi\u00f3 el mandato de garantizar la organizaci\u00f3n\u2026<\/p>","protected":false},"author":1,"featured_media":0,"parent":0,"menu_order":0,"comment_status":"closed","ping_status":"closed","template":"","meta":{"footnotes":""},"class_list":["post-724","page","type-page","status-publish","hentry"],"_links":{"self":[{"href":"http:\/\/cide.ca\/es\/wp-json\/wp\/v2\/pages\/724","targetHints":{"allow":["GET"]}}],"collection":[{"href":"http:\/\/cide.ca\/es\/wp-json\/wp\/v2\/pages"}],"about":[{"href":"http:\/\/cide.ca\/es\/wp-json\/wp\/v2\/types\/page"}],"author":[{"embeddable":true,"href":"http:\/\/cide.ca\/es\/wp-json\/wp\/v2\/users\/1"}],"replies":[{"embeddable":true,"href":"http:\/\/cide.ca\/es\/wp-json\/wp\/v2\/comments?post=724"}],"version-history":[{"count":1,"href":"http:\/\/cide.ca\/es\/wp-json\/wp\/v2\/pages\/724\/revisions"}],"predecessor-version":[{"id":725,"href":"http:\/\/cide.ca\/es\/wp-json\/wp\/v2\/pages\/724\/revisions\/725"}],"wp:attachment":[{"href":"http:\/\/cide.ca\/es\/wp-json\/wp\/v2\/media?parent=724"}],"curies":[{"name":"gracias","href":"https:\/\/api.w.org\/{rel}","templated":true}]}}