{"id":722,"date":"2021-08-30T08:34:56","date_gmt":"2021-08-30T08:34:56","guid":{"rendered":"http:\/\/s880809430.onlinehome.us\/?page_id=722"},"modified":"2025-03-14T14:14:49","modified_gmt":"2025-03-14T14:14:49","slug":"cote-divoire","status":"publish","type":"page","link":"http:\/\/cide.ca\/es\/cote-divoire\/","title":{"rendered":"COSTA DE MARFIL"},"content":{"rendered":"<p><strong>Sistema de seguimiento de la inserci\u00f3n profesional del alumnado en pr\u00e1cticas de los centros ETFPA<\/strong><\/p>\n<p>Asistencia t\u00e9cnica para la creaci\u00f3n y puesta en funcionamiento de un sistema de seguimiento de la inserci\u00f3n profesional de los alumnos de la Educaci\u00f3n T\u00e9cnica y la Formaci\u00f3n Profesional y de los aprendizajes (Proyecto financiado por MCC\/C\u00f4te d&#039;Ivoire)<\/p>\n<p style=\"padding-top: 20px;\"><strong>Estudio de Renovaci\u00f3n Estrat\u00e9gica y Pedag\u00f3gica del Instituto Polit\u00e9cnico Nacional F\u00e9lix Houphou\u00ebt-Boigny (INP-HB)<\/strong><\/p>\n<p>El CIDE recibi\u00f3 el mandato de desarrollar un plan de orientaci\u00f3n estrat\u00e9gica y planes de negocios para la implementaci\u00f3n de un nuevo modo de gobernanza, la adopci\u00f3n de un nuevo modelo econ\u00f3mico y financiero y la revisi\u00f3n profunda de los programas de formaci\u00f3n.<\/p>","protected":false},"excerpt":{"rendered":"<p>Syst\u00e8me de suivi de l\u2019insertion professionnelle des form\u00e9s des centres ETFPA Assistance technique pour la mise en place et l\u2019op\u00e9rationnalisation d\u2019un syst\u00e8me de suivi de l\u2019insertion professionnelle des form\u00e9s de l\u2019Enseignement Technique et la Formation Professionnelle et d\u2019apprentissage (Projet financ\u00e9 par MCC\/C\u00f4te d\u2019Ivoire) \u00c9tude de&#8230;<\/p>","protected":false},"author":1,"featured_media":0,"parent":0,"menu_order":0,"comment_status":"closed","ping_status":"closed","template":"","meta":[],"_links":{"self":[{"href":"http:\/\/cide.ca\/es\/wp-json\/wp\/v2\/pages\/722"}],"collection":[{"href":"http:\/\/cide.ca\/es\/wp-json\/wp\/v2\/pages"}],"about":[{"href":"http:\/\/cide.ca\/es\/wp-json\/wp\/v2\/types\/page"}],"author":[{"embeddable":true,"href":"http:\/\/cide.ca\/es\/wp-json\/wp\/v2\/users\/1"}],"replies":[{"embeddable":true,"href":"http:\/\/cide.ca\/es\/wp-json\/wp\/v2\/comments?post=722"}],"version-history":[{"count":5,"href":"http:\/\/cide.ca\/es\/wp-json\/wp\/v2\/pages\/722\/revisions"}],"predecessor-version":[{"id":973,"href":"http:\/\/cide.ca\/es\/wp-json\/wp\/v2\/pages\/722\/revisions\/973"}],"wp:attachment":[{"href":"http:\/\/cide.ca\/es\/wp-json\/wp\/v2\/media?parent=722"}],"curies":[{"name":"gracias","href":"https:\/\/api.w.org\/{rel}","templated":true}]}}