{"id":720,"date":"2021-08-30T08:32:18","date_gmt":"2021-08-30T08:32:18","guid":{"rendered":"http:\/\/s880809430.onlinehome.us\/?page_id=720"},"modified":"2021-08-30T08:32:18","modified_gmt":"2021-08-30T08:32:18","slug":"ghana","status":"publish","type":"page","link":"http:\/\/cide.ca\/es\/ghana\/","title":{"rendered":"GHANA"},"content":{"rendered":"<p><strong>Servicios de consultor\u00eda para el desarrollo de contenidos de cursos y la formaci\u00f3n de Directores de instituciones<\/strong><\/p>\n<p>El proyecto ten\u00eda como objetivo brindar servicios de consultor\u00eda para el dise\u00f1o e\nimplementaci\u00f3n de un curso en Gesti\u00f3n para 50 Directores de EFTP. El objetivo de este\ncomponente era establecer un sistema de Educaci\u00f3n y Formaci\u00f3n T\u00e9cnica y Profesional (EFTP) de alta calidad, equitativo, sensible al mercado y rentable y, por lo tanto, apoyar el desarrollo de las competencias profesionales necesarias en la econom\u00eda de Ghana.<\/p>","protected":false},"excerpt":{"rendered":"<p>Servicios de consultor\u00eda para el desarrollo de contenidos de cursos y formaci\u00f3n de directivos institucionales El proyecto ten\u00eda como objetivo proporcionar servicios de consultor\u00eda con respecto al dise\u00f1o e implementaci\u00f3n de un curso de gesti\u00f3n para 50 directivos de EFTP\u2026.<\/p>","protected":false},"author":1,"featured_media":0,"parent":0,"menu_order":0,"comment_status":"closed","ping_status":"closed","template":"","meta":{"footnotes":""},"class_list":["post-720","page","type-page","status-publish","hentry"],"_links":{"self":[{"href":"http:\/\/cide.ca\/es\/wp-json\/wp\/v2\/pages\/720","targetHints":{"allow":["GET"]}}],"collection":[{"href":"http:\/\/cide.ca\/es\/wp-json\/wp\/v2\/pages"}],"about":[{"href":"http:\/\/cide.ca\/es\/wp-json\/wp\/v2\/types\/page"}],"author":[{"embeddable":true,"href":"http:\/\/cide.ca\/es\/wp-json\/wp\/v2\/users\/1"}],"replies":[{"embeddable":true,"href":"http:\/\/cide.ca\/es\/wp-json\/wp\/v2\/comments?post=720"}],"version-history":[{"count":1,"href":"http:\/\/cide.ca\/es\/wp-json\/wp\/v2\/pages\/720\/revisions"}],"predecessor-version":[{"id":721,"href":"http:\/\/cide.ca\/es\/wp-json\/wp\/v2\/pages\/720\/revisions\/721"}],"wp:attachment":[{"href":"http:\/\/cide.ca\/es\/wp-json\/wp\/v2\/media?parent=720"}],"curies":[{"name":"gracias","href":"https:\/\/api.w.org\/{rel}","templated":true}]}}