{"id":705,"date":"2021-08-30T07:50:18","date_gmt":"2021-08-30T07:50:18","guid":{"rendered":"http:\/\/s880809430.onlinehome.us\/?page_id=705"},"modified":"2021-08-30T07:50:18","modified_gmt":"2021-08-30T07:50:18","slug":"guinee-equatoriale","status":"publish","type":"page","link":"http:\/\/cide.ca\/es\/guinee-equatoriale\/","title":{"rendered":"GUINEA ECUATORIAL"},"content":{"rendered":"<p><strong>Programa de formaci\u00f3n de mandos medios y altos en la Rep\u00fablica de Guinea Ecuatorial<\/strong><\/p>\n<p>Con el fin de apoyar al gobierno de Guinea Ecuatorial en el fortalecimiento del capital humano en varios sectores clave de la econom\u00eda, el CIDE form\u00f3 a 82 futuros formadores de los cinco institutos polit\u00e9cnicos provinciales (IPP). Los futuros formadores, todos ellos licenciados, fueron seleccionados tras un concurso y proced\u00edan de diferentes sectores (Construcci\u00f3n, Mec\u00e1nica, Turismo, etc.) La formaci\u00f3n se llev\u00f3 a cabo en T\u00fanez durante un per\u00edodo de m\u00e1s de 36 meses.<\/p>\n<p><strong>Programa de Fortalecimiento Institucional en Materia Tecnol\u00f3gica en \u00c1frica Franc\u00f3fona (16 pa\u00edses)<\/strong><\/p>\n<p>El programa PRIMTAF II pretend\u00eda responder a dos prioridades del programa canadiense de asistencia para el desarrollo: la buena gobernanza y el desarrollo del sector privado. Su objetivo era apoyar una gesti\u00f3n m\u00e1s rigurosa de las instituciones p\u00fablicas de formaci\u00f3n\nEl programa PRIMTAF II pretend\u00eda responder a dos prioridades del programa canadiense de asistencia para el desarrollo: la buena gobernanza y el desarrollo del sector privado. Su objetivo era apoyar una gesti\u00f3n m\u00e1s rigurosa de las instituciones p\u00fablicas de formaci\u00f3n profesional y t\u00e9cnica, as\u00ed como el desarrollo de habilidades para atender mejor las necesidades de cualificaci\u00f3n de los pa\u00edses apuntados. En este contexto, el CIDE recibi\u00f3 el mandato de administrar el programa, monitorearlo y actuar como asesor t\u00e9cnico de las instituciones canadienses y africanas movilizadas para la implementaci\u00f3n de los proyectos.<\/p>\n<p><strong>En Guinea Ecuatorial<\/strong>\u00a0: Proyecto para promover el autoempleo de mujeres horticultoras<\/p>","protected":false},"excerpt":{"rendered":"<p>Programme de formation des cadres moyens et sup\u00e9rieurs en R\u00e9publique de Guin\u00e9e \u00c9quatoriale Afin d&rsquo;appuyer le gouvernement de Guin\u00e9e \u00c9quatoriale dans le renforcement du capital humain dans plusieurs secteurs cl\u00e9s de l&rsquo;\u00e9conomie, le CIDE a r\u00e9alis\u00e9 la formation de 82 futurs formateurs des cinq instituts&#8230;<\/p>","protected":false},"author":1,"featured_media":0,"parent":0,"menu_order":0,"comment_status":"closed","ping_status":"closed","template":"","meta":{"footnotes":""},"class_list":["post-705","page","type-page","status-publish","hentry"],"_links":{"self":[{"href":"http:\/\/cide.ca\/es\/wp-json\/wp\/v2\/pages\/705","targetHints":{"allow":["GET"]}}],"collection":[{"href":"http:\/\/cide.ca\/es\/wp-json\/wp\/v2\/pages"}],"about":[{"href":"http:\/\/cide.ca\/es\/wp-json\/wp\/v2\/types\/page"}],"author":[{"embeddable":true,"href":"http:\/\/cide.ca\/es\/wp-json\/wp\/v2\/users\/1"}],"replies":[{"embeddable":true,"href":"http:\/\/cide.ca\/es\/wp-json\/wp\/v2\/comments?post=705"}],"version-history":[{"count":1,"href":"http:\/\/cide.ca\/es\/wp-json\/wp\/v2\/pages\/705\/revisions"}],"predecessor-version":[{"id":706,"href":"http:\/\/cide.ca\/es\/wp-json\/wp\/v2\/pages\/705\/revisions\/706"}],"wp:attachment":[{"href":"http:\/\/cide.ca\/es\/wp-json\/wp\/v2\/media?parent=705"}],"curies":[{"name":"gracias","href":"https:\/\/api.w.org\/{rel}","templated":true}]}}