{"id":703,"date":"2021-08-30T07:49:05","date_gmt":"2021-08-30T07:49:05","guid":{"rendered":"http:\/\/s880809430.onlinehome.us\/?page_id=703"},"modified":"2021-08-30T07:49:05","modified_gmt":"2021-08-30T07:49:05","slug":"gabon","status":"publish","type":"page","link":"http:\/\/cide.ca\/es\/gabon\/","title":{"rendered":"GAB\u00d3N"},"content":{"rendered":"<p><strong>Misi\u00f3n de apoyo a directivos de centros de formaci\u00f3n profesional y establecimientos de educaci\u00f3n t\u00e9cnica en el desarrollo de proyectos de desarrollo<\/strong><\/p>\n<p>El proyecto tuvo como objetivo brindar apoyo a los establecimientos de educaci\u00f3n t\u00e9cnica y formaci\u00f3n profesional (ETFP) con el objetivo de promover una educaci\u00f3n t\u00e9cnica y profesional de calidad impulsada por la demanda, cumpliendo con los est\u00e1ndares de calidad implementados en el marco de una asociaci\u00f3n con el sector privado, y desarrollar el potencial de la EFTP en los sectores de crecimiento y creaci\u00f3n de empleo.<\/p>","protected":false},"excerpt":{"rendered":"<p>Misi\u00f3n de apoyo a directivos de centros de formaci\u00f3n profesional y establecimientos de educaci\u00f3n t\u00e9cnica en el desarrollo de proyectos de desarrollo El proyecto tiene como objetivo brindar apoyo a los establecimientos de educaci\u00f3n t\u00e9cnica y formaci\u00f3n profesional (EFTP) con el objetivo de promover la educaci\u00f3n\u2026<\/p>","protected":false},"author":1,"featured_media":0,"parent":0,"menu_order":0,"comment_status":"closed","ping_status":"closed","template":"","meta":{"footnotes":""},"class_list":["post-703","page","type-page","status-publish","hentry"],"_links":{"self":[{"href":"http:\/\/cide.ca\/es\/wp-json\/wp\/v2\/pages\/703","targetHints":{"allow":["GET"]}}],"collection":[{"href":"http:\/\/cide.ca\/es\/wp-json\/wp\/v2\/pages"}],"about":[{"href":"http:\/\/cide.ca\/es\/wp-json\/wp\/v2\/types\/page"}],"author":[{"embeddable":true,"href":"http:\/\/cide.ca\/es\/wp-json\/wp\/v2\/users\/1"}],"replies":[{"embeddable":true,"href":"http:\/\/cide.ca\/es\/wp-json\/wp\/v2\/comments?post=703"}],"version-history":[{"count":1,"href":"http:\/\/cide.ca\/es\/wp-json\/wp\/v2\/pages\/703\/revisions"}],"predecessor-version":[{"id":704,"href":"http:\/\/cide.ca\/es\/wp-json\/wp\/v2\/pages\/703\/revisions\/704"}],"wp:attachment":[{"href":"http:\/\/cide.ca\/es\/wp-json\/wp\/v2\/media?parent=703"}],"curies":[{"name":"gracias","href":"https:\/\/api.w.org\/{rel}","templated":true}]}}