{"id":693,"date":"2021-08-30T07:42:36","date_gmt":"2021-08-30T07:42:36","guid":{"rendered":"http:\/\/s880809430.onlinehome.us\/?page_id=693"},"modified":"2021-08-30T07:43:07","modified_gmt":"2021-08-30T07:43:07","slug":"tanzanie","status":"publish","type":"page","link":"http:\/\/cide.ca\/es\/tanzanie\/","title":{"rendered":"TANZANIA"},"content":{"rendered":"<p><strong>Creaci\u00f3n de un sistema de formaci\u00f3n en servicio para maestros de ciencias de\nsecundaria<\/strong><\/p>\n<p>El objetivo del proyecto fue dise\u00f1ar un sistema de formaci\u00f3n sostenible para el Ministerio de Educaci\u00f3n y Cultura, que asegure la mejora de las competencias de 900 maestros de secundaria, 306 directores y 86 inspectores. El proyecto tambi\u00e9n incluy\u00f3 el dise\u00f1o de un programa de formaci\u00f3n de formadores y el uso de formadores existentes para apoyar el desarrollo profesional del nuevo personal de forma continua. Ministerio de Educaci\u00f3n y Cultura.<\/p>","protected":false},"excerpt":{"rendered":"<p>Creaci\u00f3n de un sistema de formaci\u00f3n continua para profesores de ciencias de secundaria El objetivo del proyecto era dise\u00f1ar un sistema de formaci\u00f3n sostenible para el Ministerio de Educaci\u00f3n y Cultura, que garantice la mejora de las competencias de 900...<\/p>","protected":false},"author":1,"featured_media":0,"parent":0,"menu_order":0,"comment_status":"closed","ping_status":"closed","template":"","meta":{"footnotes":""},"class_list":["post-693","page","type-page","status-publish","hentry"],"_links":{"self":[{"href":"http:\/\/cide.ca\/es\/wp-json\/wp\/v2\/pages\/693","targetHints":{"allow":["GET"]}}],"collection":[{"href":"http:\/\/cide.ca\/es\/wp-json\/wp\/v2\/pages"}],"about":[{"href":"http:\/\/cide.ca\/es\/wp-json\/wp\/v2\/types\/page"}],"author":[{"embeddable":true,"href":"http:\/\/cide.ca\/es\/wp-json\/wp\/v2\/users\/1"}],"replies":[{"embeddable":true,"href":"http:\/\/cide.ca\/es\/wp-json\/wp\/v2\/comments?post=693"}],"version-history":[{"count":1,"href":"http:\/\/cide.ca\/es\/wp-json\/wp\/v2\/pages\/693\/revisions"}],"predecessor-version":[{"id":694,"href":"http:\/\/cide.ca\/es\/wp-json\/wp\/v2\/pages\/693\/revisions\/694"}],"wp:attachment":[{"href":"http:\/\/cide.ca\/es\/wp-json\/wp\/v2\/media?parent=693"}],"curies":[{"name":"gracias","href":"https:\/\/api.w.org\/{rel}","templated":true}]}}