{"id":689,"date":"2021-08-30T07:38:45","date_gmt":"2021-08-30T07:38:45","guid":{"rendered":"http:\/\/s880809430.onlinehome.us\/?page_id=689"},"modified":"2023-03-29T12:46:41","modified_gmt":"2023-03-29T12:46:41","slug":"botswana","status":"publish","type":"page","link":"http:\/\/cide.ca\/es\/botswana\/","title":{"rendered":"BOTSUANA"},"content":{"rendered":"<p style=\"font-weight: 400;\">Asistencia t\u00e9cnica para la elaboraci\u00f3n de un plan de desarrollo de recursos humanos para Botswana y su plan de seguimiento y evaluaci\u00f3n<\/p>\n<p style=\"font-weight: 400;\">El proyecto tiene como objetivo examinar qu\u00e9 tipos de trabajos se necesitan en el mercado laboral, qu\u00e9 tipo de habilidades requieren esos trabajos y d\u00f3nde est\u00e1n las oportunidades y las brechas, utilizando m\u00e9todos cualitativos y cuantitativos.<\/p>","protected":false},"excerpt":{"rendered":"<p>Asistencia t\u00e9cnica para el desarrollo de un plan de desarrollo de recursos humanos para Botswana y su plan de seguimiento y evaluaci\u00f3n. El proyecto tiene como objetivo examinar qu\u00e9 tipos de empleos se necesitan en el mercado laboral, qu\u00e9 tipo de habilidades requieren estos empleos...<\/p>","protected":false},"author":1,"featured_media":0,"parent":0,"menu_order":0,"comment_status":"closed","ping_status":"closed","template":"","meta":[],"_links":{"self":[{"href":"http:\/\/cide.ca\/es\/wp-json\/wp\/v2\/pages\/689"}],"collection":[{"href":"http:\/\/cide.ca\/es\/wp-json\/wp\/v2\/pages"}],"about":[{"href":"http:\/\/cide.ca\/es\/wp-json\/wp\/v2\/types\/page"}],"author":[{"embeddable":true,"href":"http:\/\/cide.ca\/es\/wp-json\/wp\/v2\/users\/1"}],"replies":[{"embeddable":true,"href":"http:\/\/cide.ca\/es\/wp-json\/wp\/v2\/comments?post=689"}],"version-history":[{"count":2,"href":"http:\/\/cide.ca\/es\/wp-json\/wp\/v2\/pages\/689\/revisions"}],"predecessor-version":[{"id":917,"href":"http:\/\/cide.ca\/es\/wp-json\/wp\/v2\/pages\/689\/revisions\/917"}],"wp:attachment":[{"href":"http:\/\/cide.ca\/es\/wp-json\/wp\/v2\/media?parent=689"}],"curies":[{"name":"gracias","href":"https:\/\/api.w.org\/{rel}","templated":true}]}}