{"id":682,"date":"2021-08-25T09:20:28","date_gmt":"2021-08-25T09:20:28","guid":{"rendered":"http:\/\/s880809430.onlinehome.us\/?page_id=682"},"modified":"2021-08-25T09:20:28","modified_gmt":"2021-08-25T09:20:28","slug":"comores","status":"publish","type":"page","link":"http:\/\/cide.ca\/es\/comores\/","title":{"rendered":"COMORAS"},"content":{"rendered":"<p><strong>Programa de Fortalecimiento Institucional en Materia Tecnol\u00f3gica en \u00c1frica Franc\u00f3fona (16 pa\u00edses)<\/strong><\/p>\n<p>El programa PRIMTAF II pretend\u00eda responder a dos prioridades del programa canadiense de asistencia para el desarrollo: la buena gobernanza y el desarrollo del sector privado. Su objetivo era apoyar una gesti\u00f3n m\u00e1s rigurosa de las instituciones p\u00fablicas de formaci\u00f3n\nEl programa PRIMTAF II pretend\u00eda responder a dos prioridades del programa canadiense de asistencia para el desarrollo: la buena gobernanza y el desarrollo del sector privado. Su objetivo era apoyar una gesti\u00f3n m\u00e1s rigurosa de las instituciones p\u00fablicas de formaci\u00f3n profesional y t\u00e9cnica, as\u00ed como el desarrollo de habilidades para atender mejor las necesidades de cualificaci\u00f3n de los pa\u00edses apuntados. En este contexto, el CIDE recibi\u00f3 el mandato de administrar el programa, monitorearlo y actuar como asesor t\u00e9cnico de las instituciones canadienses y africanas movilizadas para la implementaci\u00f3n de los proyectos.<\/p>\n<p><strong>En las Comoras<\/strong>\u00a0: Proyecto de apoyo al Centro Nacional de Horticultura (CNH)<\/p>","protected":false},"excerpt":{"rendered":"<p>Programa de Fortalecimiento Institucional en Materia Tecnol\u00f3gica en \u00c1frica Franc\u00f3fona (16 pa\u00edses) El programa PRIMTAF II pretend\u00eda responder a dos prioridades del programa canadiense de asistencia al desarrollo: buena gobernanza y desarrollo del sector privado. Su objetivo era apoyar una mayor gesti\u00f3n...<\/p>","protected":false},"author":1,"featured_media":0,"parent":0,"menu_order":0,"comment_status":"closed","ping_status":"closed","template":"","meta":{"footnotes":""},"class_list":["post-682","page","type-page","status-publish","hentry"],"_links":{"self":[{"href":"http:\/\/cide.ca\/es\/wp-json\/wp\/v2\/pages\/682","targetHints":{"allow":["GET"]}}],"collection":[{"href":"http:\/\/cide.ca\/es\/wp-json\/wp\/v2\/pages"}],"about":[{"href":"http:\/\/cide.ca\/es\/wp-json\/wp\/v2\/types\/page"}],"author":[{"embeddable":true,"href":"http:\/\/cide.ca\/es\/wp-json\/wp\/v2\/users\/1"}],"replies":[{"embeddable":true,"href":"http:\/\/cide.ca\/es\/wp-json\/wp\/v2\/comments?post=682"}],"version-history":[{"count":1,"href":"http:\/\/cide.ca\/es\/wp-json\/wp\/v2\/pages\/682\/revisions"}],"predecessor-version":[{"id":687,"href":"http:\/\/cide.ca\/es\/wp-json\/wp\/v2\/pages\/682\/revisions\/687"}],"wp:attachment":[{"href":"http:\/\/cide.ca\/es\/wp-json\/wp\/v2\/media?parent=682"}],"curies":[{"name":"gracias","href":"https:\/\/api.w.org\/{rel}","templated":true}]}}