{"id":678,"date":"2021-08-25T09:17:04","date_gmt":"2021-08-25T09:17:04","guid":{"rendered":"http:\/\/s880809430.onlinehome.us\/?page_id=678"},"modified":"2021-08-25T09:17:04","modified_gmt":"2021-08-25T09:17:04","slug":"yemen","status":"publish","type":"page","link":"http:\/\/cide.ca\/es\/yemen\/","title":{"rendered":"YEMEN"},"content":{"rendered":"<p><strong>Despliegue de maestros<\/strong><\/p>\n<p>El objetivo de esta consultor\u00eda fue brindar apoyo para la revisi\u00f3n de las leyes y reglamentos existentes relacionados con el despliegue de docentes. El mandato del CIDE tambi\u00e9n inclu\u00eda una revisi\u00f3n del an\u00e1lisis de los problemas realizado por el equipo de intervenci\u00f3n con el fin de perfeccionarlo y completarlo cuando fuera necesario, ordenar dichos problemas de acuerdo con las prioridades identificadas, participar en el desarrollo del manual de referencia, organizar talleres, proponer programas de formaci\u00f3n del equipo de intervenci\u00f3n tanto dentro como fuera del pa\u00eds, presentar modelos de buenas pr\u00e1cticas de otros pa\u00edses, proponer diferentes escenarios de despliegue docente, etc.<\/p>","protected":false},"excerpt":{"rendered":"<p>Despliegue de docentes El objetivo de esta consultor\u00eda fue brindar apoyo para la revisi\u00f3n de las leyes y reglamentos existentes relacionados con el despliegue de docentes. El mandato del CIDE tambi\u00e9n incluy\u00f3 una revisi\u00f3n del an\u00e1lisis de los problemas realizado por el equipo de intervenci\u00f3n con el fin de perfeccionarlo y\u2026<\/p>","protected":false},"author":1,"featured_media":0,"parent":0,"menu_order":0,"comment_status":"closed","ping_status":"closed","template":"","meta":{"footnotes":""},"class_list":["post-678","page","type-page","status-publish","hentry"],"_links":{"self":[{"href":"http:\/\/cide.ca\/es\/wp-json\/wp\/v2\/pages\/678","targetHints":{"allow":["GET"]}}],"collection":[{"href":"http:\/\/cide.ca\/es\/wp-json\/wp\/v2\/pages"}],"about":[{"href":"http:\/\/cide.ca\/es\/wp-json\/wp\/v2\/types\/page"}],"author":[{"embeddable":true,"href":"http:\/\/cide.ca\/es\/wp-json\/wp\/v2\/users\/1"}],"replies":[{"embeddable":true,"href":"http:\/\/cide.ca\/es\/wp-json\/wp\/v2\/comments?post=678"}],"version-history":[{"count":1,"href":"http:\/\/cide.ca\/es\/wp-json\/wp\/v2\/pages\/678\/revisions"}],"predecessor-version":[{"id":683,"href":"http:\/\/cide.ca\/es\/wp-json\/wp\/v2\/pages\/678\/revisions\/683"}],"wp:attachment":[{"href":"http:\/\/cide.ca\/es\/wp-json\/wp\/v2\/media?parent=678"}],"curies":[{"name":"gracias","href":"https:\/\/api.w.org\/{rel}","templated":true}]}}