{"id":659,"date":"2021-08-25T09:02:07","date_gmt":"2021-08-25T09:02:07","guid":{"rendered":"http:\/\/s880809430.onlinehome.us\/?page_id=659"},"modified":"2021-08-25T09:02:07","modified_gmt":"2021-08-25T09:02:07","slug":"malaisie","status":"publish","type":"page","link":"http:\/\/cide.ca\/es\/malaisie\/","title":{"rendered":"MALASIA"},"content":{"rendered":"<p><strong>Organizaci\u00f3n de un viaje de estudios sobre m\u00e9todos de gesti\u00f3n y sistemas de\ninformaci\u00f3n en educaci\u00f3n<\/strong><\/p>\n<p>El objetivo del proyecto era organizar un viaje de estudios para que las autoridades de Malasia se familiarizaran con el sistema educativo canadiense y, en particular, con los m\u00e9todos de gesti\u00f3n y el uso de los sistemas de informaci\u00f3n dentro de los CEGEP.<\/p>","protected":false},"excerpt":{"rendered":"<p>Organizaci\u00f3n de un viaje de estudios sobre m\u00e9todos de gesti\u00f3n y sistemas de informaci\u00f3n en educaci\u00f3n El objetivo del proyecto era organizar un viaje de estudios para permitir a las autoridades de Malasia familiarizarse con el sistema educativo canadiense y especialmente con los m\u00e9todos de gesti\u00f3n...<\/p>","protected":false},"author":1,"featured_media":0,"parent":0,"menu_order":0,"comment_status":"closed","ping_status":"closed","template":"","meta":{"footnotes":""},"class_list":["post-659","page","type-page","status-publish","hentry"],"_links":{"self":[{"href":"http:\/\/cide.ca\/es\/wp-json\/wp\/v2\/pages\/659","targetHints":{"allow":["GET"]}}],"collection":[{"href":"http:\/\/cide.ca\/es\/wp-json\/wp\/v2\/pages"}],"about":[{"href":"http:\/\/cide.ca\/es\/wp-json\/wp\/v2\/types\/page"}],"author":[{"embeddable":true,"href":"http:\/\/cide.ca\/es\/wp-json\/wp\/v2\/users\/1"}],"replies":[{"embeddable":true,"href":"http:\/\/cide.ca\/es\/wp-json\/wp\/v2\/comments?post=659"}],"version-history":[{"count":1,"href":"http:\/\/cide.ca\/es\/wp-json\/wp\/v2\/pages\/659\/revisions"}],"predecessor-version":[{"id":667,"href":"http:\/\/cide.ca\/es\/wp-json\/wp\/v2\/pages\/659\/revisions\/667"}],"wp:attachment":[{"href":"http:\/\/cide.ca\/es\/wp-json\/wp\/v2\/media?parent=659"}],"curies":[{"name":"gracias","href":"https:\/\/api.w.org\/{rel}","templated":true}]}}