{"id":655,"date":"2021-08-25T08:38:47","date_gmt":"2021-08-25T08:38:47","guid":{"rendered":"http:\/\/s880809430.onlinehome.us\/?page_id=655"},"modified":"2021-08-25T08:38:47","modified_gmt":"2021-08-25T08:38:47","slug":"chili","status":"publish","type":"page","link":"http:\/\/cide.ca\/es\/chili\/","title":{"rendered":"CHILE"},"content":{"rendered":"<p><strong>Articulaci\u00f3n de la formaci\u00f3n profesional<\/strong><\/p>\n<p>El estudio se centr\u00f3 en: mejorar la formaci\u00f3n t\u00e9cnica para satisfacer las necesidades del mercado laboral del sector forestal; mejorar la adecuaci\u00f3n de la formaci\u00f3n con los sistemas productivos del sector forestal; facilitar la armonizaci\u00f3n entre los niveles de educaci\u00f3n t\u00e9cnica (media, superior y universitaria) en el sector forestal; preparar al personal responsable de los programas de formaci\u00f3n para mejorar la adecuaci\u00f3n entre la formaci\u00f3n y el sistema productivo y analizar la situaci\u00f3n de la formaci\u00f3n de adultos en este sector de actividad econ\u00f3mica.<\/p>\n<p><strong>Mejora de la calidad de la formaci\u00f3n t\u00e9cnica en la automatizaci\u00f3n de los centros\neducativos de la SOFOFA<\/strong><\/p>\n<p>El estudio tuvo como objetivo el an\u00e1lisis diagn\u00f3stico de la situaci\u00f3n actual de la formaci\u00f3n en el sector de la automatizaci\u00f3n industrial y formular una propuesta pr\u00e1ctica para su integraci\u00f3n en las reformas previstas en la formaci\u00f3n t\u00e9cnica y profesional en Chile.<\/p>","protected":false},"excerpt":{"rendered":"<p>Articulaci\u00f3n de la Formaci\u00f3n Profesional El estudio se centr\u00f3 en: mejorar la formaci\u00f3n t\u00e9cnica para atender las necesidades del mercado laboral del sector forestal; mejorar la adecuaci\u00f3n de la formaci\u00f3n con los sistemas productivos del sector forestal; facilitar la armonizaci\u00f3n entre los niveles de educaci\u00f3n\u2026<\/p>","protected":false},"author":1,"featured_media":0,"parent":0,"menu_order":0,"comment_status":"closed","ping_status":"closed","template":"","meta":[],"_links":{"self":[{"href":"http:\/\/cide.ca\/es\/wp-json\/wp\/v2\/pages\/655"}],"collection":[{"href":"http:\/\/cide.ca\/es\/wp-json\/wp\/v2\/pages"}],"about":[{"href":"http:\/\/cide.ca\/es\/wp-json\/wp\/v2\/types\/page"}],"author":[{"embeddable":true,"href":"http:\/\/cide.ca\/es\/wp-json\/wp\/v2\/users\/1"}],"replies":[{"embeddable":true,"href":"http:\/\/cide.ca\/es\/wp-json\/wp\/v2\/comments?post=655"}],"version-history":[{"count":1,"href":"http:\/\/cide.ca\/es\/wp-json\/wp\/v2\/pages\/655\/revisions"}],"predecessor-version":[{"id":656,"href":"http:\/\/cide.ca\/es\/wp-json\/wp\/v2\/pages\/655\/revisions\/656"}],"wp:attachment":[{"href":"http:\/\/cide.ca\/es\/wp-json\/wp\/v2\/media?parent=655"}],"curies":[{"name":"gracias","href":"https:\/\/api.w.org\/{rel}","templated":true}]}}