{"id":649,"date":"2021-08-25T08:33:24","date_gmt":"2021-08-25T08:33:24","guid":{"rendered":"http:\/\/s880809430.onlinehome.us\/?page_id=649"},"modified":"2021-08-25T08:33:24","modified_gmt":"2021-08-25T08:33:24","slug":"bresil","status":"publish","type":"page","link":"http:\/\/cide.ca\/es\/bresil\/","title":{"rendered":"BRASIL"},"content":{"rendered":"<p><strong>Formaci\u00f3n de recursos humanos por competencias en las escuelas de formaci\u00f3n de Cear\u00e1<\/strong><\/p>\n<p>El objetivo del proyecto fue promover el intercambio de conocimientos entre Brasil y Canad\u00e1 sobre la formaci\u00f3n y gesti\u00f3n de recursos humanos en el sector de la salud. Esta colaboraci\u00f3n tuvo como objeto fortalecer las competencias del personal estatal y municipal para apoyar la pol\u00edtica nacional de descentralizaci\u00f3n y educaci\u00f3n continua del Sistema \u00danico de Salud (SUS) brasile\u00f1o.<\/p>\n<p><strong>Programa de Formaci\u00f3n Profesional y Apoyo Institucional en la Regi\u00f3n Nordeste de Brasil<\/strong><\/p>\n<p>El proyecto tuvo como objetivo garantizar la gesti\u00f3n y el seguimiento del programa de\nformaci\u00f3n profesional y el fortalecimiento institucional para el desarrollo de recursos humanos en la regi\u00f3n Nordeste de Brasil. El programa ten\u00eda tres componentes: qu\u00edmica industrial e instrumentaci\u00f3n (procesos y controles), tecnolog\u00edas agroalimentarias y capacitaci\u00f3n en el sector de la madera y el mueble.<\/p>\n<p><strong>Una ludoteca para ti<\/strong><\/p>\n<p>En alianza con la Secretar\u00eda de la Organizaci\u00f3n Mundial para la Educaci\u00f3n Preescolar (OMEP), el CIDE ha llevado a cabo proyectos en la regi\u00f3n latinoamericana con vistas a extender una f\u00f3rmula comunitaria de ludotecas en barrios desfavorecidos de Colombia, Panam\u00e1, Brasil, M\u00e9xico y Honduras integrando la experiencia canadiense en juegos, la clasificaci\u00f3n de juegos y juguetes, as\u00ed como el uso de materiales reciclados vistos como objetos de juego.<\/p>","protected":false},"excerpt":{"rendered":"<p>Formaci\u00f3n de recursos humanos por competencias en escuelas de formaci\u00f3n en Cear\u00e1 El objetivo del proyecto fue promover el intercambio de conocimientos entre Brasil y Canad\u00e1 en materia de formaci\u00f3n y gesti\u00f3n de recursos humanos en el\u2026<\/p>","protected":false},"author":1,"featured_media":0,"parent":0,"menu_order":0,"comment_status":"closed","ping_status":"closed","template":"","meta":[],"_links":{"self":[{"href":"http:\/\/cide.ca\/es\/wp-json\/wp\/v2\/pages\/649"}],"collection":[{"href":"http:\/\/cide.ca\/es\/wp-json\/wp\/v2\/pages"}],"about":[{"href":"http:\/\/cide.ca\/es\/wp-json\/wp\/v2\/types\/page"}],"author":[{"embeddable":true,"href":"http:\/\/cide.ca\/es\/wp-json\/wp\/v2\/users\/1"}],"replies":[{"embeddable":true,"href":"http:\/\/cide.ca\/es\/wp-json\/wp\/v2\/comments?post=649"}],"version-history":[{"count":1,"href":"http:\/\/cide.ca\/es\/wp-json\/wp\/v2\/pages\/649\/revisions"}],"predecessor-version":[{"id":650,"href":"http:\/\/cide.ca\/es\/wp-json\/wp\/v2\/pages\/649\/revisions\/650"}],"wp:attachment":[{"href":"http:\/\/cide.ca\/es\/wp-json\/wp\/v2\/media?parent=649"}],"curies":[{"name":"gracias","href":"https:\/\/api.w.org\/{rel}","templated":true}]}}