{"id":647,"date":"2021-08-25T08:32:03","date_gmt":"2021-08-25T08:32:03","guid":{"rendered":"http:\/\/s880809430.onlinehome.us\/?page_id=647"},"modified":"2021-08-25T08:32:03","modified_gmt":"2021-08-25T08:32:03","slug":"colombie","status":"publish","type":"page","link":"http:\/\/cide.ca\/es\/colombie\/","title":{"rendered":"COLOMBIA"},"content":{"rendered":"<p><strong>Proyecto ACDI \u2013 FONDSDSP<\/strong><\/p>\n<p>El proyecto consisti\u00f3 en brindar asistencia t\u00e9cnica a la direcci\u00f3n colombiana en la organizaci\u00f3n, planificaci\u00f3n y puesta en marcha del nuevo centro de la red SENA en electr\u00f3nica.<\/p>\n<p><strong>Una ludoteca para ti<\/strong><\/p>\n<p>En alianza con la Secretar\u00eda de la Organizaci\u00f3n Mundial para la Educaci\u00f3n Preescolar (OMEP), el CIDE ha llevado a cabo proyectos en la regi\u00f3n latinoamericana con vistas a extender una f\u00f3rmula comunitaria de ludotecas en barrios desfavorecidos de Colombia, Panam\u00e1, Brasil, M\u00e9xico y Honduras integrando la experiencia canadiense en juegos, la clasificaci\u00f3n de juegos y juguetes, as\u00ed como el uso de materiales reciclados vistos como objetos de juego.<\/p>","protected":false},"excerpt":{"rendered":"<p>Proyecto ACDI \u2013 FONDSDSP El proyecto consisti\u00f3 en brindar asistencia t\u00e9cnica al director colombiano en la organizaci\u00f3n, planificaci\u00f3n y puesta en marcha del nuevo centro de redes electr\u00f3nicas del SENA. Una biblioteca de juegos para ti En asociaci\u00f3n con la Secretar\u00eda de la Organizaci\u00f3n Mundial de la Educaci\u00f3n\u2026<\/p>","protected":false},"author":1,"featured_media":0,"parent":0,"menu_order":0,"comment_status":"closed","ping_status":"closed","template":"","meta":{"footnotes":""},"class_list":["post-647","page","type-page","status-publish","hentry"],"_links":{"self":[{"href":"http:\/\/cide.ca\/es\/wp-json\/wp\/v2\/pages\/647","targetHints":{"allow":["GET"]}}],"collection":[{"href":"http:\/\/cide.ca\/es\/wp-json\/wp\/v2\/pages"}],"about":[{"href":"http:\/\/cide.ca\/es\/wp-json\/wp\/v2\/types\/page"}],"author":[{"embeddable":true,"href":"http:\/\/cide.ca\/es\/wp-json\/wp\/v2\/users\/1"}],"replies":[{"embeddable":true,"href":"http:\/\/cide.ca\/es\/wp-json\/wp\/v2\/comments?post=647"}],"version-history":[{"count":1,"href":"http:\/\/cide.ca\/es\/wp-json\/wp\/v2\/pages\/647\/revisions"}],"predecessor-version":[{"id":648,"href":"http:\/\/cide.ca\/es\/wp-json\/wp\/v2\/pages\/647\/revisions\/648"}],"wp:attachment":[{"href":"http:\/\/cide.ca\/es\/wp-json\/wp\/v2\/media?parent=647"}],"curies":[{"name":"gracias","href":"https:\/\/api.w.org\/{rel}","templated":true}]}}