{"id":641,"date":"2021-08-25T08:16:22","date_gmt":"2021-08-25T08:16:22","guid":{"rendered":"http:\/\/s880809430.onlinehome.us\/?page_id=641"},"modified":"2021-08-25T08:16:22","modified_gmt":"2021-08-25T08:16:22","slug":"honduras","status":"publish","type":"page","link":"http:\/\/cide.ca\/es\/honduras\/","title":{"rendered":"HONDURAS"},"content":{"rendered":"<p><strong>Una ludoteca para ti<\/strong><\/p>\n<p>En alianza con la Secretar\u00eda de la Organizaci\u00f3n Mundial para la Educaci\u00f3n Preescolar (OMEP), el CIDE ha llevado a cabo proyectos en la regi\u00f3n latinoamericana con vistas a extender una f\u00f3rmula comunitaria de ludotecas en barrios desfavorecidos de Colombia, Panam\u00e1, Brasil, M\u00e9xico y Honduras integrando la experiencia canadiense en juegos, la clasificaci\u00f3n de juegos y juguetes, as\u00ed como el uso de materiales reciclados vistos como objetos de juego.<\/p>","protected":false},"excerpt":{"rendered":"<p>Una ludoteca para ti En alianza con la Secretar\u00eda de la Organizaci\u00f3n Mundial de Educaci\u00f3n Preescolar (OMEP), el CIDE ha llevado a cabo proyectos en la regi\u00f3n latinoamericana encaminados a extender una f\u00f3rmula comunitaria de ludotecas en barrios desfavorecidos de Colombia, Panam\u00e1, Brasil, \u2026<\/p>","protected":false},"author":1,"featured_media":0,"parent":0,"menu_order":0,"comment_status":"closed","ping_status":"closed","template":"","meta":[],"_links":{"self":[{"href":"http:\/\/cide.ca\/es\/wp-json\/wp\/v2\/pages\/641"}],"collection":[{"href":"http:\/\/cide.ca\/es\/wp-json\/wp\/v2\/pages"}],"about":[{"href":"http:\/\/cide.ca\/es\/wp-json\/wp\/v2\/types\/page"}],"author":[{"embeddable":true,"href":"http:\/\/cide.ca\/es\/wp-json\/wp\/v2\/users\/1"}],"replies":[{"embeddable":true,"href":"http:\/\/cide.ca\/es\/wp-json\/wp\/v2\/comments?post=641"}],"version-history":[{"count":1,"href":"http:\/\/cide.ca\/es\/wp-json\/wp\/v2\/pages\/641\/revisions"}],"predecessor-version":[{"id":642,"href":"http:\/\/cide.ca\/es\/wp-json\/wp\/v2\/pages\/641\/revisions\/642"}],"wp:attachment":[{"href":"http:\/\/cide.ca\/es\/wp-json\/wp\/v2\/media?parent=641"}],"curies":[{"name":"gracias","href":"https:\/\/api.w.org\/{rel}","templated":true}]}}