{"id":637,"date":"2021-08-25T08:06:23","date_gmt":"2021-08-25T08:06:23","guid":{"rendered":"http:\/\/s880809430.onlinehome.us\/?page_id=637"},"modified":"2021-08-30T07:59:18","modified_gmt":"2021-08-30T07:59:18","slug":"algerie","status":"publish","type":"page","link":"http:\/\/cide.ca\/es\/algerie\/","title":{"rendered":"Argelia"},"content":{"rendered":"<p><strong>Desarrollo de modelos de proyecci\u00f3n de habilidades en la regi\u00f3n del sur del\nMediterr\u00e1neo \u2013 NET-MED Jeunesse<\/strong><\/p>\n<p>El proyecto de la UNESCO ten\u00eda como objetivo promover la participaci\u00f3n c\u00edvica de los j\u00f3venes a trav\u00e9s del fortalecimiento de las capacidades de las redes colaborativas de organizaciones juveniles en tres \u00e1reas clave: pol\u00edticas de juventud, medios y formaci\u00f3n y empleo juvenil. M\u00e1s concretamente en el \u00e1mbito de la formaci\u00f3n y el empleo de los j\u00f3venes, el Consultor apoy\u00f3 a los pa\u00edses beneficiarios a establecer un modelo nacional de previsi\u00f3n de competencias con vistas a adaptar mejor la formaci\u00f3n a las competencias requeridas en el mercado laboral.<\/p>\n<p><strong>Apoyo al proyecto de reforma de la formaci\u00f3n profesional<\/strong><\/p>\n<p>El proyecto apoy\u00f3 la reforma del sistema de formaci\u00f3n profesional con miras a adecuar mejor la demanda del mercado laboral y la oferta de formaci\u00f3n.<\/p>\n<p><strong>Apoyo a la implementaci\u00f3n del enfoque por competencias en el sector de la formaci\u00f3n profesional<\/strong><\/p>\n<p>El proyecto ten\u00eda como objetivo transferir conocimientos en t\u00e9rminos de creaci\u00f3n e\nimplementaci\u00f3n de programas de formaci\u00f3n basados \u200b\u200ben competencias.<\/p>","protected":false},"excerpt":{"rendered":"<p>Desarrollo de modelos de proyecci\u00f3n de habilidades en la regi\u00f3n del sur del Mediterr\u00e1neo: NET-MED Youth El proyecto de la UNESCO tiene como objetivo promover la participaci\u00f3n c\u00edvica de los j\u00f3venes a trav\u00e9s del desarrollo de capacidades de redes colaborativas de organizaciones juveniles en tres \u00e1reas clave, ya sea pol\u00edticas...<\/p>","protected":false},"author":1,"featured_media":0,"parent":0,"menu_order":0,"comment_status":"closed","ping_status":"closed","template":"","meta":[],"_links":{"self":[{"href":"http:\/\/cide.ca\/es\/wp-json\/wp\/v2\/pages\/637"}],"collection":[{"href":"http:\/\/cide.ca\/es\/wp-json\/wp\/v2\/pages"}],"about":[{"href":"http:\/\/cide.ca\/es\/wp-json\/wp\/v2\/types\/page"}],"author":[{"embeddable":true,"href":"http:\/\/cide.ca\/es\/wp-json\/wp\/v2\/users\/1"}],"replies":[{"embeddable":true,"href":"http:\/\/cide.ca\/es\/wp-json\/wp\/v2\/comments?post=637"}],"version-history":[{"count":2,"href":"http:\/\/cide.ca\/es\/wp-json\/wp\/v2\/pages\/637\/revisions"}],"predecessor-version":[{"id":713,"href":"http:\/\/cide.ca\/es\/wp-json\/wp\/v2\/pages\/637\/revisions\/713"}],"wp:attachment":[{"href":"http:\/\/cide.ca\/es\/wp-json\/wp\/v2\/media?parent=637"}],"curies":[{"name":"gracias","href":"https:\/\/api.w.org\/{rel}","templated":true}]}}