{"id":536,"date":"2021-08-12T10:07:40","date_gmt":"2021-08-12T10:07:40","guid":{"rendered":"http:\/\/s880809430.onlinehome.us\/?page_id=536"},"modified":"2026-04-21T15:56:27","modified_gmt":"2026-04-21T15:56:27","slug":"employabilite-et-entrepreneuriat","status":"publish","type":"page","link":"http:\/\/cide.ca\/es\/employabilite-et-entrepreneuriat\/","title":{"rendered":"Empleabilidad y emprendimiento"},"content":{"rendered":"<div data-elementor-type=\"wp-page\" data-elementor-id=\"536\" class=\"elementor elementor-536\">\n\t\t\t\t\t\t<section class=\"elementor-section elementor-top-section elementor-element elementor-element-3f93ddd elementor-section-boxed elementor-section-height-default elementor-section-height-default parallax_section_no qode_elementor_container_no\" data-id=\"3f93ddd\" data-element_type=\"section\" data-e-type=\"section\">\n\t\t\t\t\t\t<div class=\"elementor-container elementor-column-gap-default\">\n\t\t\t\t\t<div class=\"elementor-column elementor-col-100 elementor-top-column elementor-element elementor-element-29d7b2f\" data-id=\"29d7b2f\" data-element_type=\"column\" data-e-type=\"column\">\n\t\t\t<div class=\"elementor-widget-wrap elementor-element-populated\">\n\t\t\t\t\t\t<div class=\"elementor-element elementor-element-c45f2d9 elementor-widget elementor-widget-text-editor\" data-id=\"c45f2d9\" data-element_type=\"widget\" data-e-type=\"widget\" data-widget_type=\"text-editor.default\">\n\t\t\t\t<div class=\"elementor-widget-container\">\n\t\t\t\t\t\t\t\t\t<div class=\"cide-domaine-page\">\n\n  <!-- BREADCRUMB -->\n  <div class=\"cide-di-breadcrumb\">\n    <a href=\"\/es\/\">bienvenida<\/a>\n    <span>\u2192<\/span>\n    <a href=\"\/es\/domaines-dintervention\/\">\u00c1reas de intervenci\u00f3n<\/a>\n    <span>\u2192<\/span>\n    Empleabilidad y emprendimiento\n  <\/div>\n\n  <!-- HERO -->\n  <div class=\"cide-di-hero\">\n    <img decoding=\"async\" src=\"http:\/\/cide.ca\/wp-content\/uploads\/2021\/08\/3.png?w=1400\" alt=\"Employabilit\u00e9 et Entrepreneuriat\" \/>\n    <div class=\"cide-di-hero-overlay\">\n      <div class=\"cide-di-hero-content\">\n        <span class=\"cide-di-hero-tag\">\ud83d\udcbc \u00c1rea de intervenci\u00f3n<\/span>\n        <h1>Empleabilidad y<br><span>Emprendimiento<\/span><\/h1>\n        <div class=\"cide-di-hero-divider\"><\/div>\n        <p class=\"cide-di-hero-desc\">\n          Brindar apoyo para comprender mejor la din\u00e1mica del mercado laboral y la implementaci\u00f3n de mecanismos que fomenten la empleabilidad.\n        <\/p>\n      <\/div>\n    <\/div>\n  <\/div>\t\t\t\t\t\t\t\t<\/div>\n\t\t\t\t<\/div>\n\t\t\t\t<div class=\"elementor-element elementor-element-3e8d058 elementor-widget elementor-widget-text-editor\" data-id=\"3e8d058\" data-element_type=\"widget\" data-e-type=\"widget\" data-widget_type=\"text-editor.default\">\n\t\t\t\t<div class=\"elementor-widget-container\">\n\t\t\t\t\t\t\t\t\t<!-- INTRO + STATS -->\n  <div class=\"cide-di-intro\">\n    <div class=\"cide-di-intro-text\">\n      <span class=\"cide-di-section-tag\">Nuestra experiencia<\/span>\n      <h2>NUESTRO <span>acercarse<\/span><\/h2>\n      <div class=\"cide-di-intro-divider\"><\/div>\n      <p>EL CIDE OFRECE SERVICIOS DE CONSULTOR\u00cdA Y APOYO T\u00c9CNICO A INSTITUCIONES DE FORMACI\u00d3N Y ORGANISMOS P\u00daBLICOS RESPONSABLES DE LA EDUCACI\u00d3N PRIMARIA, LA EDUCACI\u00d3N UNIVERSITARIA Y LA FORMACI\u00d3N PROFESIONAL Y T\u00c9CNICA.\norganismos p\u00fablicos responsables de la educaci\u00f3n primaria, la educaci\u00f3n universitaria y la formaci\u00f3n profesional y t\u00e9cnica.<\/p>\n    <\/div>\n    <div class=\"cide-di-intro-stats\">\n      <div class=\"cide-di-intro-stat\">\n        <div class=\"cide-di-intro-stat-number\">200+<\/div>\n        <div class=\"cide-di-intro-stat-label\">Proyectos finalizados<\/div>\n      <\/div>\n      <div class=\"cide-di-intro-stat\">\n        <div class=\"cide-di-intro-stat-number\">40<\/div>\n        <div class=\"cide-di-intro-stat-label\">Pa\u00eds<\/div>\n      <\/div>\n      <div class=\"cide-di-intro-stat\">\n        <div class=\"cide-di-intro-stat-number\">40+<\/div>\n        <div class=\"cide-di-intro-stat-label\">A\u00f1os de experiencia<\/div>\n      <\/div>\n      <div class=\"cide-di-intro-stat\">\n        <div class=\"cide-di-intro-stat-number\">45<\/div>\n        <div class=\"cide-di-intro-stat-label\">Expertos<\/div>\n      <\/div>\n    <\/div>\n  <\/div>\t\t\t\t\t\t\t\t<\/div>\n\t\t\t\t<\/div>\n\t\t\t\t<div class=\"elementor-element elementor-element-c54e9c5 elementor-widget elementor-widget-text-editor\" data-id=\"c54e9c5\" data-element_type=\"widget\" data-e-type=\"widget\" data-widget_type=\"text-editor.default\">\n\t\t\t\t<div class=\"elementor-widget-container\">\n\t\t\t\t\t\t\t\t\t<!-- NOS SERVICES -->\n  <div class=\"cide-di-services\">\n    <div class=\"cide-di-services-header\">\n      <span class=\"cide-di-section-tag\">Lo que ofrecemos<\/span>\n      <h2>Nuestro <span>servicios<\/span><\/h2>\n      <div class=\"cide-di-services-divider\"><\/div>\n    <\/div>\n    <div class=\"cide-di-services-grid\">\n\n      <div class=\"cide-di-service-card\">\n        <span class=\"cide-di-service-num\">01<\/span>\n        <div class=\"cide-di-service-title\">Estudios sectoriales<\/div>\n      <\/div>\n\n      <div class=\"cide-di-service-card\">\n        <span class=\"cide-di-service-num\">02<\/span>\n        <div class=\"cide-di-service-title\">Estudios de mercado laboral<\/div>\n      <\/div>\n\n      <div class=\"cide-di-service-card\">\n        <span class=\"cide-di-service-num\">03<\/span>\n        <div class=\"cide-di-service-title\">Encuestas industriales<\/div>\n      <\/div>\n\n      <div class=\"cide-di-service-card\">\n        <span class=\"cide-di-service-num\">04<\/span>\n        <div class=\"cide-di-service-title\">An\u00e1lisis de la situaci\u00f3n laboral<\/div>\n      <\/div>\n\n      <div class=\"cide-di-service-card\">\n        <span class=\"cide-di-service-num\">05<\/span>\n        <div class=\"cide-di-service-title\">Apoyo a los servicios de empleo<\/div>\n      <\/div>\n\n      <div class=\"cide-di-service-card\">\n        <span class=\"cide-di-service-num\">06<\/span>\n        <div class=\"cide-di-service-title\">Apoyo al desarrollo del emprendimiento<\/div>\n      <\/div>\n\n      <div class=\"cide-di-service-card\">\n        <span class=\"cide-di-service-num\">07<\/span>\n        <div class=\"cide-di-service-title\">Orientaci\u00f3n profesional<\/div>\n      <\/div>\n\n      <div class=\"cide-di-service-card\">\n        <span class=\"cide-di-service-num\">08<\/span>\n        <div class=\"cide-di-service-title\">Apoyo a los servicios de intermediaci\u00f3n<\/div>\n      <\/div>\n\n    <\/div>\n  <\/div>\t\t\t\t\t\t\t\t<\/div>\n\t\t\t\t<\/div>\n\t\t\t\t<div class=\"elementor-element elementor-element-17b8e6a elementor-widget elementor-widget-text-editor\" data-id=\"17b8e6a\" data-element_type=\"widget\" data-e-type=\"widget\" data-widget_type=\"text-editor.default\">\n\t\t\t\t<div class=\"elementor-widget-container\">\n\t\t\t\t\t\t\t\t\t<!-- VALEUR AJOUT\u00c9E -->\n  <div class=\"cide-di-approche\">\n    <div class=\"cide-di-approche-inner\">\n      <span class=\"cide-di-section-tag\">\u00bfPor qu\u00e9 elegirnos?<\/span>\n      <h2>NUESTRO <span>valor a\u00f1adido<\/span><\/h2>\n      <div class=\"cide-di-approche-divider\"><\/div>\n      <div class=\"cide-di-approche-list\">\n\n        <div class=\"cide-di-approche-item\">\n          <div class=\"cide-di-approche-item-icon\">\ud83c\udf0d<\/div>\n          <div class=\"cide-di-approche-item-text\">Experiencia reconocida internacionalmente en m\u00e1s de 40 pa\u00edses de \u00c1frica, Am\u00e9rica Latina y Oriente Medio.<\/div>\n        <\/div>\n\n        <div class=\"cide-di-approche-item\">\n          <div class=\"cide-di-approche-item-icon\">\ud83d\udd2c<\/div>\n          <div class=\"cide-di-approche-item-text\">Enfoque basado en competencias (EBC) integrado en todos los niveles de la formaci\u00f3n profesional y t\u00e9cnica.<\/div>\n        <\/div>\n\n        <div class=\"cide-di-approche-item\">\n          <div class=\"cide-di-approche-item-icon\">\ud83d\udcbb<\/div>\n          <div class=\"cide-di-approche-item-text\">Soluciones tecnol\u00f3gicas innovadoras para aumentar el impacto y garantizar la sostenibilidad de los resultados.<\/div>\n        <\/div>\n\n        <div class=\"cide-di-approche-item\">\n          <div class=\"cide-di-approche-item-icon\">\ud83e\udd1d<\/div>\n          <div class=\"cide-di-approche-item-text\">Transferencia de conocimientos especializados canadienses y quebequenses en ingenier\u00eda de formaci\u00f3n a los pa\u00edses beneficiarios.<\/div>\n        <\/div>\n\n      <\/div>\n    <\/div>\n  <\/div>\t\t\t\t\t\t\t\t<\/div>\n\t\t\t\t<\/div>\n\t\t\t\t<div class=\"elementor-element elementor-element-45d6e1f elementor-widget elementor-widget-text-editor\" data-id=\"45d6e1f\" data-element_type=\"widget\" data-e-type=\"widget\" data-widget_type=\"text-editor.default\">\n\t\t\t\t<div class=\"elementor-widget-container\">\n\t\t\t\t\t\t\t\t\t<!-- CTA -->\n  <div class=\"cide-di-cta\">\n    <div>\n      <h2>Un proyecto en <span>empleabilidad<\/span> \u00bfO emprendimiento?<\/h2>\n      <p>P\u00f3ngase en contacto con nuestro equipo de expertos para hablar sobre sus necesidades y descubrir c\u00f3mo CIDE puede ayudarle.<\/p>\n    <\/div>\n    <a href=\"\/es\/contactez-nous\/\" class=\"btn-primary\">Cont\u00e1ctanos<\/a>\n  <\/div>\t\t\t\t\t\t\t\t<\/div>\n\t\t\t\t<\/div>\n\t\t\t\t<div class=\"elementor-element elementor-element-96276cc elementor-widget elementor-widget-text-editor\" data-id=\"96276cc\" data-element_type=\"widget\" data-e-type=\"widget\" data-widget_type=\"text-editor.default\">\n\t\t\t\t<div class=\"elementor-widget-container\">\n\t\t\t\t\t\t\t\t\t<!-- NAVIGATION DOMAINES -->\n  <div class=\"cide-di-nav\">\n    <span class=\"cide-di-nav-label\">Otras \u00e1reas:<\/span>\n    <a href=\"\/es\/education-et-formation-professionnelle\/\" class=\"cide-di-nav-btn\">\ud83c\udf93 Educaci\u00f3n<\/a>\n    <a href=\"\/es\/appui-aux-organisations\/\" class=\"cide-di-nav-btn\">\ud83c\udfdb\ufe0f Organizaciones<\/a>\n    <a href=\"\/es\/employabilite-et-entrepreneuriat\/\" class=\"cide-di-nav-btn active\">\ud83d\udcbc Empleabilidad<\/a>\n\t<a href=\"\/es\/approvisionnement-technique-et-gestion-de-projets\/\" class=\"cide-di-nav-btn\">\u2699\ufe0f Suministro<\/a>\n  <\/div>\t\t\t\t\t\t\t\t<\/div>\n\t\t\t\t<\/div>\n\t\t\t\t\t<\/div>\n\t\t<\/div>\n\t\t\t\t\t<\/div>\n\t\t<\/section>\n\t\t\t\t<\/div>","protected":false},"excerpt":{"rendered":"<p>Accueil \u2192 Domaines d&rsquo;intervention \u2192 Employabilit\u00e9 et Entrepreneuriat \ud83d\udcbc Domaine d&rsquo;intervention Employabilit\u00e9 etEntrepreneuriat Accompagnement dans l&rsquo;acquisition d&rsquo;une meilleure connaissance des dynamiques du march\u00e9 de l&#8217;emploi et mise en place de m\u00e9canismes de soutien \u00e0 l&#8217;employabilit\u00e9. Notre expertise Notre approche Le CIDE offre des services de&#8230;<\/p>","protected":false},"author":1,"featured_media":0,"parent":0,"menu_order":0,"comment_status":"closed","ping_status":"closed","template":"","meta":{"footnotes":""},"class_list":["post-536","page","type-page","status-publish","hentry"],"_links":{"self":[{"href":"http:\/\/cide.ca\/es\/wp-json\/wp\/v2\/pages\/536","targetHints":{"allow":["GET"]}}],"collection":[{"href":"http:\/\/cide.ca\/es\/wp-json\/wp\/v2\/pages"}],"about":[{"href":"http:\/\/cide.ca\/es\/wp-json\/wp\/v2\/types\/page"}],"author":[{"embeddable":true,"href":"http:\/\/cide.ca\/es\/wp-json\/wp\/v2\/users\/1"}],"replies":[{"embeddable":true,"href":"http:\/\/cide.ca\/es\/wp-json\/wp\/v2\/comments?post=536"}],"version-history":[{"count":13,"href":"http:\/\/cide.ca\/es\/wp-json\/wp\/v2\/pages\/536\/revisions"}],"predecessor-version":[{"id":1162,"href":"http:\/\/cide.ca\/es\/wp-json\/wp\/v2\/pages\/536\/revisions\/1162"}],"wp:attachment":[{"href":"http:\/\/cide.ca\/es\/wp-json\/wp\/v2\/media?parent=536"}],"curies":[{"name":"gracias","href":"https:\/\/api.w.org\/{rel}","templated":true}]}}