{"id":532,"date":"2021-08-12T10:02:38","date_gmt":"2021-08-12T10:02:38","guid":{"rendered":"http:\/\/s880809430.onlinehome.us\/?page_id=532"},"modified":"2026-04-21T15:51:38","modified_gmt":"2026-04-21T15:51:38","slug":"appui-aux-organisations","status":"publish","type":"page","link":"http:\/\/cide.ca\/es\/appui-aux-organisations\/","title":{"rendered":"Apoyo a organizaciones"},"content":{"rendered":"<div data-elementor-type=\"wp-page\" data-elementor-id=\"532\" class=\"elementor elementor-532\">\n\t\t\t\t\t\t<section class=\"elementor-section elementor-top-section elementor-element elementor-element-9d3d8fe elementor-section-boxed elementor-section-height-default elementor-section-height-default parallax_section_no qode_elementor_container_no\" data-id=\"9d3d8fe\" data-element_type=\"section\" data-e-type=\"section\">\n\t\t\t\t\t\t<div class=\"elementor-container elementor-column-gap-default\">\n\t\t\t\t\t<div class=\"elementor-column elementor-col-100 elementor-top-column elementor-element elementor-element-22449ae\" data-id=\"22449ae\" data-element_type=\"column\" data-e-type=\"column\">\n\t\t\t<div class=\"elementor-widget-wrap elementor-element-populated\">\n\t\t\t\t\t\t<div class=\"elementor-element elementor-element-3ee6777 elementor-widget elementor-widget-text-editor\" data-id=\"3ee6777\" data-element_type=\"widget\" data-e-type=\"widget\" data-widget_type=\"text-editor.default\">\n\t\t\t\t<div class=\"elementor-widget-container\">\n\t\t\t\t\t\t\t\t\t<div class=\"cide-domaine-page\">\n\n  <!-- BREADCRUMB -->\n  <div class=\"cide-di-breadcrumb\">\n    <a href=\"\/es\/\">bienvenida<\/a>\n    <span>\u2192<\/span>\n    <a href=\"\/es\/domaines-dintervention\/\">\u00c1reas de intervenci\u00f3n<\/a>\n    <span>\u2192<\/span>\n    Apoyo a las organizaciones\n  <\/div>\n\n  <!-- HERO -->\n  <div class=\"cide-di-hero\">\n    <img decoding=\"async\" src=\"http:\/\/cide.ca\/wp-content\/uploads\/2021\/08\/2-2.png?w=1400\" alt=\"Appui aux Organisations\" \/>\n    <div class=\"cide-di-hero-overlay\">\n      <div class=\"cide-di-hero-content\">\n        <span class=\"cide-di-hero-tag\">\ud83c\udfdb\ufe0f \u00c1rea de intervenci\u00f3n<\/span>\n        <h1>Apoyo a<br><span>Organizaciones<\/span><\/h1>\n        <div class=\"cide-di-hero-divider\"><\/div>\n        <p class=\"cide-di-hero-desc\">\n          Apoyar a las organizaciones p\u00fablicas y privadas en su fortalecimiento institucional y en la aplicaci\u00f3n de principios de buena gobernanza.\n        <\/p>\n      <\/div>\n    <\/div>\n  <\/div>\n<\/div>\t\t\t\t\t\t\t\t<\/div>\n\t\t\t\t<\/div>\n\t\t\t\t<div class=\"elementor-element elementor-element-03e4ec3 elementor-widget elementor-widget-text-editor\" data-id=\"03e4ec3\" data-element_type=\"widget\" data-e-type=\"widget\" data-widget_type=\"text-editor.default\">\n\t\t\t\t<div class=\"elementor-widget-container\">\n\t\t\t\t\t\t\t\t\t<!-- INTRO + STATS -->\n  <div class=\"cide-di-intro\">\n    <div class=\"cide-di-intro-text\">\n      <span class=\"cide-di-section-tag\">Nuestra experiencia<\/span>\n      <h2>NUESTRO <span>acercarse<\/span><\/h2>\n      <div class=\"cide-di-intro-divider\"><\/div>\n      <p>EL CIDE OFRECE SERVICIOS DE CONSULTOR\u00cdA Y APOYO T\u00c9CNICO A INSTITUCIONES DE FORMACI\u00d3N Y ORGANISMOS P\u00daBLICOS RESPONSABLES DE LA EDUCACI\u00d3N PRIMARIA, LA EDUCACI\u00d3N UNIVERSITARIA Y LA FORMACI\u00d3N PROFESIONAL Y T\u00c9CNICA.\norganismos p\u00fablicos responsables de la educaci\u00f3n primaria, la educaci\u00f3n universitaria y la formaci\u00f3n profesional y t\u00e9cnica.<\/p>\n    <\/div>\n    <div class=\"cide-di-intro-stats\">\n      <div class=\"cide-di-intro-stat\">\n        <div class=\"cide-di-intro-stat-number\">200+<\/div>\n        <div class=\"cide-di-intro-stat-label\">Proyectos finalizados<\/div>\n      <\/div>\n      <div class=\"cide-di-intro-stat\">\n        <div class=\"cide-di-intro-stat-number\">40<\/div>\n        <div class=\"cide-di-intro-stat-label\">Pa\u00eds<\/div>\n      <\/div>\n      <div class=\"cide-di-intro-stat\">\n        <div class=\"cide-di-intro-stat-number\">40+<\/div>\n        <div class=\"cide-di-intro-stat-label\">A\u00f1os de experiencia<\/div>\n      <\/div>\n      <div class=\"cide-di-intro-stat\">\n        <div class=\"cide-di-intro-stat-number\">45<\/div>\n        <div class=\"cide-di-intro-stat-label\">Expertos<\/div>\n      <\/div>\n    <\/div>\n  <\/div>\t\t\t\t\t\t\t\t<\/div>\n\t\t\t\t<\/div>\n\t\t\t\t<div class=\"elementor-element elementor-element-3316d51 elementor-widget elementor-widget-text-editor\" data-id=\"3316d51\" data-element_type=\"widget\" data-e-type=\"widget\" data-widget_type=\"text-editor.default\">\n\t\t\t\t<div class=\"elementor-widget-container\">\n\t\t\t\t\t\t\t\t\t<!-- NOS SERVICES -->\n  <div class=\"cide-di-services\">\n    <div class=\"cide-di-services-header\">\n      <span class=\"cide-di-section-tag\">Lo que ofrecemos<\/span>\n      <h2>Nuestro <span>servicios<\/span><\/h2>\n      <div class=\"cide-di-services-divider\"><\/div>\n    <\/div>\n    <div class=\"cide-di-services-grid\">\n\n      <div class=\"cide-di-service-card\">\n        <span class=\"cide-di-service-num\">01<\/span>\n        <div class=\"cide-di-service-title\">Estudios financieros y de viabilidad en el desarrollo de recursos humanos<\/div>\n      <\/div>\n\n      <div class=\"cide-di-service-card\">\n        <span class=\"cide-di-service-num\">02<\/span>\n        <div class=\"cide-di-service-title\">Estudios institucionales, estudios econ\u00f3micos y estudios del mercado laboral<\/div>\n      <\/div>\n\n      <div class=\"cide-di-service-card\">\n        <span class=\"cide-di-service-num\">03<\/span>\n        <div class=\"cide-di-service-title\">Recomendaciones y elaboraci\u00f3n de planes de implementaci\u00f3n de reformas institucionales<\/div>\n      <\/div>\n\n      <div class=\"cide-di-service-card\">\n        <span class=\"cide-di-service-num\">04<\/span>\n        <div class=\"cide-di-service-title\">Formaci\u00f3n de personal administrativo y de gesti\u00f3n.<\/div>\n      <\/div>\n\n      <div class=\"cide-di-service-card\">\n        <span class=\"cide-di-service-num\">05<\/span>\n        <div class=\"cide-di-service-title\">Fortalecimiento en la gesti\u00f3n de los recursos humanos, materiales y financieros<\/div>\n      <\/div>\n\n      <div class=\"cide-di-service-card\">\n        <span class=\"cide-di-service-num\">06<\/span>\n        <div class=\"cide-di-service-title\">Apoyo en la aplicaci\u00f3n de los principios de buena gobernanza<\/div>\n      <\/div>\n\n      <div class=\"cide-di-service-card\">\n        <span class=\"cide-di-service-num\">07<\/span>\n        <div class=\"cide-di-service-title\">Establecimiento de prioridades de inversi\u00f3n<\/div>\n      <\/div>\n\n      <div class=\"cide-di-service-card\">\n        <span class=\"cide-di-service-num\">08<\/span>\n        <div class=\"cide-di-service-title\">Evaluaci\u00f3n institucional<\/div>\n      <\/div>\n\n      <div class=\"cide-di-service-card\">\n        <span class=\"cide-di-service-num\">09<\/span>\n        <div class=\"cide-di-service-title\">Participaci\u00f3n en la definici\u00f3n de pol\u00edticas econ\u00f3micas y sociales<\/div>\n      <\/div>\n\n    <\/div>\n  <\/div>\t\t\t\t\t\t\t\t<\/div>\n\t\t\t\t<\/div>\n\t\t\t\t<div class=\"elementor-element elementor-element-0d20d9b elementor-widget elementor-widget-text-editor\" data-id=\"0d20d9b\" data-element_type=\"widget\" data-e-type=\"widget\" data-widget_type=\"text-editor.default\">\n\t\t\t\t<div class=\"elementor-widget-container\">\n\t\t\t\t\t\t\t\t\t<!-- VALEUR AJOUT\u00c9E -->\n  <div class=\"cide-di-approche\">\n    <div class=\"cide-di-approche-inner\">\n      <span class=\"cide-di-section-tag\">\u00bfPor qu\u00e9 elegirnos?<\/span>\n      <h2>NUESTRO <span>valor a\u00f1adido<\/span><\/h2>\n      <div class=\"cide-di-approche-divider\"><\/div>\n      <div class=\"cide-di-approche-list\">\n\n        <div class=\"cide-di-approche-item\">\n          <div class=\"cide-di-approche-item-icon\">\ud83c\udf0d<\/div>\n          <div class=\"cide-di-approche-item-text\">Experiencia reconocida internacionalmente en m\u00e1s de 40 pa\u00edses de \u00c1frica, Am\u00e9rica Latina y Oriente Medio.<\/div>\n        <\/div>\n\n        <div class=\"cide-di-approche-item\">\n          <div class=\"cide-di-approche-item-icon\">\ud83d\udd2c<\/div>\n          <div class=\"cide-di-approche-item-text\">Enfoque basado en competencias (EBC) integrado en todos los niveles de la formaci\u00f3n profesional y t\u00e9cnica.<\/div>\n        <\/div>\n\n        <div class=\"cide-di-approche-item\">\n          <div class=\"cide-di-approche-item-icon\">\ud83d\udcbb<\/div>\n          <div class=\"cide-di-approche-item-text\">Soluciones tecnol\u00f3gicas innovadoras para aumentar el impacto y garantizar la sostenibilidad de los resultados.<\/div>\n        <\/div>\n\n        <div class=\"cide-di-approche-item\">\n          <div class=\"cide-di-approche-item-icon\">\ud83e\udd1d<\/div>\n          <div class=\"cide-di-approche-item-text\">Transferencia de conocimientos especializados canadienses y quebequenses en ingenier\u00eda de formaci\u00f3n a los pa\u00edses beneficiarios.<\/div>\n        <\/div>\n\n      <\/div>\n    <\/div>\n  <\/div>\t\t\t\t\t\t\t\t<\/div>\n\t\t\t\t<\/div>\n\t\t\t\t<div class=\"elementor-element elementor-element-af2caea elementor-widget elementor-widget-text-editor\" data-id=\"af2caea\" data-element_type=\"widget\" data-e-type=\"widget\" data-widget_type=\"text-editor.default\">\n\t\t\t\t<div class=\"elementor-widget-container\">\n\t\t\t\t\t\t\t\t\t<!-- CTA -->\n  <div class=\"cide-di-cta\">\n    <div>\n      <h2>Un proyecto para\u2019<span>apoyo organizacional<\/span> ?<\/h2>\n      <p>P\u00f3ngase en contacto con nuestro equipo de expertos para hablar sobre sus necesidades y descubrir c\u00f3mo CIDE puede fortalecer su organizaci\u00f3n.<\/p>\n    <\/div>\n    <a href=\"\/es\/contactez-nous\/\" class=\"btn-primary\">Cont\u00e1ctanos<\/a>\n  <\/div>\t\t\t\t\t\t\t\t<\/div>\n\t\t\t\t<\/div>\n\t\t\t\t<div class=\"elementor-element elementor-element-91bdc3e elementor-widget elementor-widget-text-editor\" data-id=\"91bdc3e\" data-element_type=\"widget\" data-e-type=\"widget\" data-widget_type=\"text-editor.default\">\n\t\t\t\t<div class=\"elementor-widget-container\">\n\t\t\t\t\t\t\t\t\t<!-- NAVIGATION DOMAINES -->\n  <div class=\"cide-di-nav\">\n    <span class=\"cide-di-nav-label\">Otras \u00e1reas:<\/span>\n    <a href=\"\/es\/education-et-formation-professionnelle\/\" class=\"cide-di-nav-btn\">\ud83c\udf93 Educaci\u00f3n<\/a>\n    <a href=\"\/es\/appui-aux-organisations\/\" class=\"cide-di-nav-btn active\">\ud83c\udfdb\ufe0f Organizaciones<\/a>\n    <a href=\"\/es\/employabilite-et-entrepreneuriat\/\" class=\"cide-di-nav-btn\">\ud83d\udcbc Empleabilidad<\/a>\n\t<a href=\"\/es\/approvisionnement-technique-et-gestion-de-projets\/\" class=\"cide-di-nav-btn\">\u2699\ufe0f Suministro<\/a>\n  <\/div>\t\t\t\t\t\t\t\t<\/div>\n\t\t\t\t<\/div>\n\t\t\t\t\t<\/div>\n\t\t<\/div>\n\t\t\t\t\t<\/div>\n\t\t<\/section>\n\t\t\t\t<\/div>","protected":false},"excerpt":{"rendered":"<p>Accueil \u2192 Domaines d&rsquo;intervention \u2192 Appui aux Organisations \ud83c\udfdb\ufe0f Domaine d&rsquo;intervention Appui auxOrganisations Accompagnement des organisations publiques et priv\u00e9es dans leur renforcement institutionnel et l&rsquo;application des principes de bonne gouvernance. Notre expertise Notre approche Le CIDE offre des services de conseil et d&rsquo;appui technique aux&#8230;<\/p>","protected":false},"author":1,"featured_media":0,"parent":0,"menu_order":0,"comment_status":"closed","ping_status":"closed","template":"","meta":{"footnotes":""},"class_list":["post-532","page","type-page","status-publish","hentry"],"_links":{"self":[{"href":"http:\/\/cide.ca\/es\/wp-json\/wp\/v2\/pages\/532","targetHints":{"allow":["GET"]}}],"collection":[{"href":"http:\/\/cide.ca\/es\/wp-json\/wp\/v2\/pages"}],"about":[{"href":"http:\/\/cide.ca\/es\/wp-json\/wp\/v2\/types\/page"}],"author":[{"embeddable":true,"href":"http:\/\/cide.ca\/es\/wp-json\/wp\/v2\/users\/1"}],"replies":[{"embeddable":true,"href":"http:\/\/cide.ca\/es\/wp-json\/wp\/v2\/comments?post=532"}],"version-history":[{"count":8,"href":"http:\/\/cide.ca\/es\/wp-json\/wp\/v2\/pages\/532\/revisions"}],"predecessor-version":[{"id":1158,"href":"http:\/\/cide.ca\/es\/wp-json\/wp\/v2\/pages\/532\/revisions\/1158"}],"wp:attachment":[{"href":"http:\/\/cide.ca\/es\/wp-json\/wp\/v2\/media?parent=532"}],"curies":[{"name":"gracias","href":"https:\/\/api.w.org\/{rel}","templated":true}]}}