{"id":525,"date":"2021-08-12T09:54:53","date_gmt":"2021-08-12T09:54:53","guid":{"rendered":"http:\/\/s880809430.onlinehome.us\/?page_id=525"},"modified":"2026-04-21T15:42:55","modified_gmt":"2026-04-21T15:42:55","slug":"education-et-formation-professionnelle","status":"publish","type":"page","link":"http:\/\/cide.ca\/es\/education-et-formation-professionnelle\/","title":{"rendered":"Educaci\u00f3n y formaci\u00f3n profesional"},"content":{"rendered":"<div data-elementor-type=\"wp-page\" data-elementor-id=\"525\" class=\"elementor elementor-525\">\n\t\t\t\t\t\t<section class=\"elementor-section elementor-top-section elementor-element elementor-element-2c06ac1 elementor-section-boxed elementor-section-height-default elementor-section-height-default parallax_section_no qode_elementor_container_no\" data-id=\"2c06ac1\" data-element_type=\"section\" data-e-type=\"section\">\n\t\t\t\t\t\t<div class=\"elementor-container elementor-column-gap-default\">\n\t\t\t\t\t<div class=\"elementor-column elementor-col-100 elementor-top-column elementor-element elementor-element-f13cf9d\" data-id=\"f13cf9d\" data-element_type=\"column\" data-e-type=\"column\">\n\t\t\t<div class=\"elementor-widget-wrap elementor-element-populated\">\n\t\t\t\t\t\t<div class=\"elementor-element elementor-element-9433553 elementor-widget elementor-widget-text-editor\" data-id=\"9433553\" data-element_type=\"widget\" data-e-type=\"widget\" data-widget_type=\"text-editor.default\">\n\t\t\t\t<div class=\"elementor-widget-container\">\n\t\t\t\t\t\t\t\t\t<div class=\"cide-domaine-page\">\n\n  <!-- BREADCRUMB -->\n  <div class=\"cide-di-breadcrumb\">\n    <a href=\"\/es\/\">bienvenida<\/a>\n    <span>\u2192<\/span>\n    <a href=\"\/es\/domaines-dintervention\/\">\u00c1reas de intervenci\u00f3n<\/a>\n    <span>\u2192<\/span>\n    Educaci\u00f3n y formaci\u00f3n profesional\n  <\/div>\n\n  <!-- HERO -->\n  <div class=\"cide-di-hero\">\n    <img decoding=\"async\" src=\"http:\/\/cide.ca\/wp-content\/uploads\/2021\/08\/Sans-titre-1.png?w=1400\" alt=\"\u00c9ducation et Formation\" \/>\n    <div class=\"cide-di-hero-overlay\">\n      <div class=\"cide-di-hero-content\">\n        <span class=\"cide-di-hero-tag\">\ud83c\udf93 \u00c1rea de intervenci\u00f3n<\/span>\n        <h1>Educaci\u00f3n y<br><span>Capacitaci\u00f3n<\/span><br>Profesional<\/h1>\n        <div class=\"cide-di-hero-divider\"><\/div>\n        <p class=\"cide-di-hero-desc\">\n          Servicios de consultor\u00eda y asistencia t\u00e9cnica a instituciones de formaci\u00f3n y organismos p\u00fablicos responsables de la educaci\u00f3n.\n        <\/p>\n      <\/div>\n    <\/div>\n  <\/div>\n<\/div>\t\t\t\t\t\t\t\t<\/div>\n\t\t\t\t<\/div>\n\t\t\t\t<div class=\"elementor-element elementor-element-89dc9bf elementor-widget elementor-widget-text-editor\" data-id=\"89dc9bf\" data-element_type=\"widget\" data-e-type=\"widget\" data-widget_type=\"text-editor.default\">\n\t\t\t\t<div class=\"elementor-widget-container\">\n\t\t\t\t\t\t\t\t\t<!-- INTRO + STATS -->\n  <div class=\"cide-di-intro\">\n    <div class=\"cide-di-intro-text\">\n      <span class=\"cide-di-section-tag\">Nuestra experiencia<\/span>\n      <h2>NUESTRO <span>acercarse<\/span><\/h2>\n      <div class=\"cide-di-intro-divider\"><\/div>\n      <p>EL CIDE OFRECE SERVICIOS DE CONSULTOR\u00cdA Y APOYO T\u00c9CNICO A INSTITUCIONES DE FORMACI\u00d3N Y ORGANISMOS P\u00daBLICOS RESPONSABLES DE LA EDUCACI\u00d3N PRIMARIA, LA EDUCACI\u00d3N UNIVERSITARIA Y LA FORMACI\u00d3N PROFESIONAL Y T\u00c9CNICA.\norganismos p\u00fablicos responsables de la educaci\u00f3n primaria, la educaci\u00f3n universitaria y la formaci\u00f3n profesional y t\u00e9cnica.<\/p>\n    <\/div>\n    <div class=\"cide-di-intro-stats\">\n      <div class=\"cide-di-intro-stat\">\n        <div class=\"cide-di-intro-stat-number\">200+<\/div>\n        <div class=\"cide-di-intro-stat-label\">Proyectos finalizados<\/div>\n      <\/div>\n      <div class=\"cide-di-intro-stat\">\n        <div class=\"cide-di-intro-stat-number\">40<\/div>\n        <div class=\"cide-di-intro-stat-label\">Pa\u00eds<\/div>\n      <\/div>\n      <div class=\"cide-di-intro-stat\">\n        <div class=\"cide-di-intro-stat-number\">40+<\/div>\n        <div class=\"cide-di-intro-stat-label\">A\u00f1os de experiencia<\/div>\n      <\/div>\n      <div class=\"cide-di-intro-stat\">\n        <div class=\"cide-di-intro-stat-number\">45<\/div>\n        <div class=\"cide-di-intro-stat-label\">Expertos<\/div>\n      <\/div>\n    <\/div>\n  <\/div>\t\t\t\t\t\t\t\t<\/div>\n\t\t\t\t<\/div>\n\t\t\t\t<div class=\"elementor-element elementor-element-10863da elementor-widget elementor-widget-text-editor\" data-id=\"10863da\" data-element_type=\"widget\" data-e-type=\"widget\" data-widget_type=\"text-editor.default\">\n\t\t\t\t<div class=\"elementor-widget-container\">\n\t\t\t\t\t\t\t\t\t<!-- NOS SERVICES -->\n  <div class=\"cide-di-services\">\n    <div class=\"cide-di-services-header\">\n      <span class=\"cide-di-section-tag\">Lo que ofrecemos<\/span>\n      <h2>Nuestro <span>servicios<\/span><\/h2>\n      <div class=\"cide-di-services-divider\"><\/div>\n    <\/div>\n    <div class=\"cide-di-services-grid\">\n\n      <div class=\"cide-di-service-card\">\n        <span class=\"cide-di-service-num\">01<\/span>\n        <div class=\"cide-di-service-title\">Ingenier\u00eda de formaci\u00f3n seg\u00fan el Enfoque de Competencias<\/div>\n      <\/div>\n\n      <div class=\"cide-di-service-card\">\n        <span class=\"cide-di-service-num\">02<\/span>\n        <div class=\"cide-di-service-title\">Dise\u00f1o, desarrollo y evaluaci\u00f3n de programas<\/div>\n      <\/div>\n\n      <div class=\"cide-di-service-card\">\n        <span class=\"cide-di-service-num\">03<\/span>\n        <div class=\"cide-di-service-title\">Gesti\u00f3n de proyectos para reformas en educaci\u00f3n y formaci\u00f3n profesional.<\/div>\n      <\/div>\n\n      <div class=\"cide-di-service-card\">\n        <span class=\"cide-di-service-num\">04<\/span>\n        <div class=\"cide-di-service-title\">Desarrollo y fortalecimiento institucional<\/div>\n      <\/div>\n\n      <div class=\"cide-di-service-card\">\n        <span class=\"cide-di-service-num\">05<\/span>\n        <div class=\"cide-di-service-title\">Gesti\u00f3n de programas de pr\u00e1cticas y becas.<\/div>\n      <\/div>\n\n      <div class=\"cide-di-service-card\">\n        <span class=\"cide-di-service-num\">06<\/span>\n        <div class=\"cide-di-service-title\">Formaci\u00f3n en recursos humanos (gesti\u00f3n, supervisi\u00f3n y capacitaci\u00f3n)<\/div>\n      <\/div>\n\n      <div class=\"cide-di-service-card\">\n        <span class=\"cide-di-service-num\">07<\/span>\n        <div class=\"cide-di-service-title\">Dise\u00f1o de material t\u00e9cnico-pedag\u00f3gico<\/div>\n      <\/div>\n\n      <div class=\"cide-di-service-card\">\n        <span class=\"cide-di-service-num\">08<\/span>\n        <div class=\"cide-di-service-title\">Apoyo educativo y coaching (educaci\u00f3n continua)<\/div>\n      <\/div>\n\n      <div class=\"cide-di-service-card\">\n        <span class=\"cide-di-service-num\">09<\/span>\n        <div class=\"cide-di-service-title\">Selecci\u00f3n, instalaci\u00f3n e implementaci\u00f3n de talleres y equipamiento educativo<\/div>\n      <\/div>\n\n      <div class=\"cide-di-service-card\">\n        <span class=\"cide-di-service-num\">10<\/span>\n        <div class=\"cide-di-service-title\">Planificaci\u00f3n estrat\u00e9gica del sistema educativo<\/div>\n      <\/div>\n\n      <div class=\"cide-di-service-card\">\n        <span class=\"cide-di-service-num\">11<\/span>\n        <div class=\"cide-di-service-title\">Promoci\u00f3n de la igualdad de oportunidades<\/div>\n      <\/div>\n\n      <div class=\"cide-di-service-card\">\n        <span class=\"cide-di-service-num\">12<\/span>\n        <div class=\"cide-di-service-title\">Desarrollo de estrategias de comunicaci\u00f3n.<\/div>\n      <\/div>\n\n    <\/div>\n  <\/div>\t\t\t\t\t\t\t\t<\/div>\n\t\t\t\t<\/div>\n\t\t\t\t<div class=\"elementor-element elementor-element-1412533 elementor-widget elementor-widget-text-editor\" data-id=\"1412533\" data-element_type=\"widget\" data-e-type=\"widget\" data-widget_type=\"text-editor.default\">\n\t\t\t\t<div class=\"elementor-widget-container\">\n\t\t\t\t\t\t\t\t\t<!-- VALEUR AJOUT\u00c9E -->\n  <div class=\"cide-di-approche\">\n    <div class=\"cide-di-approche-inner\">\n      <span class=\"cide-di-section-tag\">\u00bfPor qu\u00e9 elegirnos?<\/span>\n      <h2>NUESTRO <span>valor a\u00f1adido<\/span><\/h2>\n      <div class=\"cide-di-approche-divider\"><\/div>\n      <div class=\"cide-di-approche-list\">\n\n        <div class=\"cide-di-approche-item\">\n          <div class=\"cide-di-approche-item-icon\">\ud83c\udf0d<\/div>\n          <div class=\"cide-di-approche-item-text\">Experiencia reconocida internacionalmente en m\u00e1s de 40 pa\u00edses de \u00c1frica, Am\u00e9rica Latina y Oriente Medio.<\/div>\n        <\/div>\n\n        <div class=\"cide-di-approche-item\">\n          <div class=\"cide-di-approche-item-icon\">\ud83d\udd2c<\/div>\n          <div class=\"cide-di-approche-item-text\">Enfoque basado en competencias (EBC) integrado en todos los niveles de la formaci\u00f3n profesional y t\u00e9cnica.<\/div>\n        <\/div>\n\n        <div class=\"cide-di-approche-item\">\n          <div class=\"cide-di-approche-item-icon\">\ud83d\udcbb<\/div>\n          <div class=\"cide-di-approche-item-text\">Soluciones tecnol\u00f3gicas innovadoras para aumentar el impacto y garantizar la sostenibilidad de los resultados.<\/div>\n        <\/div>\n\n        <div class=\"cide-di-approche-item\">\n          <div class=\"cide-di-approche-item-icon\">\ud83e\udd1d<\/div>\n          <div class=\"cide-di-approche-item-text\">Transferencia de conocimientos especializados canadienses y quebequenses en ingenier\u00eda de formaci\u00f3n a los pa\u00edses beneficiarios.<\/div>\n        <\/div>\n\n      <\/div>\n    <\/div>\n  <\/div>\t\t\t\t\t\t\t\t<\/div>\n\t\t\t\t<\/div>\n\t\t\t\t<div class=\"elementor-element elementor-element-e8a9066 elementor-widget elementor-widget-text-editor\" data-id=\"e8a9066\" data-element_type=\"widget\" data-e-type=\"widget\" data-widget_type=\"text-editor.default\">\n\t\t\t\t<div class=\"elementor-widget-container\">\n\t\t\t\t\t\t\t\t\t<!-- CTA -->\n  <div class=\"cide-di-cta\">\n    <div>\n      <h2>Un proyecto en <span>educaci\u00f3n<\/span> \u00bfO entrenamiento?<\/h2>\n      <p>P\u00f3ngase en contacto con nuestro equipo de expertos para hablar sobre sus necesidades y descubrir c\u00f3mo CIDE puede ayudarle.<\/p>\n    <\/div>\n    <a href=\"\/es\/contactez-nous\/\" class=\"btn-primary\">Cont\u00e1ctanos<\/a>\n  <\/div>\t\t\t\t\t\t\t\t<\/div>\n\t\t\t\t<\/div>\n\t\t\t\t<div class=\"elementor-element elementor-element-040fa01 elementor-widget elementor-widget-text-editor\" data-id=\"040fa01\" data-element_type=\"widget\" data-e-type=\"widget\" data-widget_type=\"text-editor.default\">\n\t\t\t\t<div class=\"elementor-widget-container\">\n\t\t\t\t\t\t\t\t\t<!-- NAVIGATION DOMAINES -->\n  <div class=\"cide-di-nav\">\n    <span class=\"cide-di-nav-label\">Otras \u00e1reas:<\/span>\n    <a href=\"\/es\/education-et-formation-professionnelle\/\" class=\"cide-di-nav-btn active\">\ud83c\udf93 Educaci\u00f3n<\/a>\n    <a href=\"\/es\/appui-aux-organisations\/\" class=\"cide-di-nav-btn\">\ud83c\udfdb\ufe0f Organizaciones<\/a>\n    <a href=\"\/es\/employabilite-et-entrepreneuriat\/\" class=\"cide-di-nav-btn\">\ud83d\udcbc Empleabilidad<\/a>\n\t<a href=\"\/es\/approvisionnement-technique-et-gestion-de-projets\/\" class=\"cide-di-nav-btn\">\u2699\ufe0f Suministro<\/a>\n  <\/div>\t\t\t\t\t\t\t\t<\/div>\n\t\t\t\t<\/div>\n\t\t\t\t\t<\/div>\n\t\t<\/div>\n\t\t\t\t\t<\/div>\n\t\t<\/section>\n\t\t\t\t<\/div>","protected":false},"excerpt":{"rendered":"<p>Accueil \u2192 Domaines d&rsquo;intervention \u2192 \u00c9ducation et Formation Professionnelle \ud83c\udf93 Domaine d&rsquo;intervention \u00c9ducation etFormationProfessionnelle Services de conseil et d&rsquo;appui technique aux institutions de formation et organismes publics responsables de l&rsquo;enseignement. Notre expertise Notre approche Le CIDE offre des services de conseil et d&rsquo;appui technique aux&#8230;<\/p>","protected":false},"author":1,"featured_media":0,"parent":0,"menu_order":0,"comment_status":"closed","ping_status":"closed","template":"","meta":{"footnotes":""},"class_list":["post-525","page","type-page","status-publish","hentry"],"_links":{"self":[{"href":"http:\/\/cide.ca\/es\/wp-json\/wp\/v2\/pages\/525","targetHints":{"allow":["GET"]}}],"collection":[{"href":"http:\/\/cide.ca\/es\/wp-json\/wp\/v2\/pages"}],"about":[{"href":"http:\/\/cide.ca\/es\/wp-json\/wp\/v2\/types\/page"}],"author":[{"embeddable":true,"href":"http:\/\/cide.ca\/es\/wp-json\/wp\/v2\/users\/1"}],"replies":[{"embeddable":true,"href":"http:\/\/cide.ca\/es\/wp-json\/wp\/v2\/comments?post=525"}],"version-history":[{"count":12,"href":"http:\/\/cide.ca\/es\/wp-json\/wp\/v2\/pages\/525\/revisions"}],"predecessor-version":[{"id":1154,"href":"http:\/\/cide.ca\/es\/wp-json\/wp\/v2\/pages\/525\/revisions\/1154"}],"wp:attachment":[{"href":"http:\/\/cide.ca\/es\/wp-json\/wp\/v2\/media?parent=525"}],"curies":[{"name":"gracias","href":"https:\/\/api.w.org\/{rel}","templated":true}]}}