{"id":369,"date":"2021-07-07T09:03:36","date_gmt":"2021-07-07T09:03:36","guid":{"rendered":"https:\/\/bridge439.qodeinteractive.com\/?page_id=369"},"modified":"2023-03-16T14:38:00","modified_gmt":"2023-03-16T14:38:00","slug":"a-propos","status":"publish","type":"page","link":"http:\/\/cide.ca\/es\/a-propos\/","title":{"rendered":"A proposito"},"content":{"rendered":"\t\t<div data-elementor-type=\"wp-page\" data-elementor-id=\"369\" class=\"elementor elementor-369\">\n\t\t\t\t\t\t<section class=\"elementor-section elementor-top-section elementor-element elementor-element-aa4bde7 elementor-section-full_width qode_elementor_container_inner elementor-section-height-default elementor-section-height-default parallax_section_no\" data-id=\"aa4bde7\" data-element_type=\"section\">\n\t\t\t\t\t\t<div class=\"elementor-container elementor-column-gap-default\">\n\t\t\t\t\t<div class=\"elementor-column elementor-col-100 elementor-top-column elementor-element elementor-element-224e3f9\" data-id=\"224e3f9\" data-element_type=\"column\">\n\t\t\t<div class=\"elementor-widget-wrap elementor-element-populated\">\n\t\t\t\t\t\t<div class=\"elementor-element elementor-element-7fb5cde elementor-widget elementor-widget-image\" data-id=\"7fb5cde\" data-element_type=\"widget\" data-widget_type=\"image.default\">\n\t\t\t\t<div class=\"elementor-widget-container\">\n\t\t\t<style>\/*! elementor - v3.23.0 - 05-08-2024 *\/\n.elementor-widget-image{text-align:center}.elementor-widget-image a{display:inline-block}.elementor-widget-image a img[src$=\".svg\"]{width:48px}.elementor-widget-image img{vertical-align:middle;display:inline-block}<\/style>\t\t\t\t\t\t\t\t\t\t<img fetchpriority=\"high\" decoding=\"async\" width=\"2000\" height=\"1333\" src=\"http:\/\/cide.ca\/wp-content\/uploads\/2021\/08\/everyone-is-smiling-and-listens-group-of-people-at-business-conference-in-modern-classroom-at-daytime.jpg\" class=\"attachment-full size-full wp-image-605\" alt=\"\" srcset=\"http:\/\/cide.ca\/wp-content\/uploads\/2021\/08\/everyone-is-smiling-and-listens-group-of-people-at-business-conference-in-modern-classroom-at-daytime.jpg 2000w, http:\/\/cide.ca\/wp-content\/uploads\/2021\/08\/everyone-is-smiling-and-listens-group-of-people-at-business-conference-in-modern-classroom-at-daytime-300x200.jpg 300w, http:\/\/cide.ca\/wp-content\/uploads\/2021\/08\/everyone-is-smiling-and-listens-group-of-people-at-business-conference-in-modern-classroom-at-daytime-1024x682.jpg 1024w, http:\/\/cide.ca\/wp-content\/uploads\/2021\/08\/everyone-is-smiling-and-listens-group-of-people-at-business-conference-in-modern-classroom-at-daytime-768x512.jpg 768w, http:\/\/cide.ca\/wp-content\/uploads\/2021\/08\/everyone-is-smiling-and-listens-group-of-people-at-business-conference-in-modern-classroom-at-daytime-1536x1024.jpg 1536w, http:\/\/cide.ca\/wp-content\/uploads\/2021\/08\/everyone-is-smiling-and-listens-group-of-people-at-business-conference-in-modern-classroom-at-daytime-700x467.jpg 700w\" sizes=\"(max-width: 2000px) 100vw, 2000px\" \/>\t\t\t\t\t\t\t\t\t\t\t\t\t<\/div>\n\t\t\t\t<\/div>\n\t\t\t\t<div class=\"elementor-element elementor-element-72a1038 elementor-widget elementor-widget-spacer\" data-id=\"72a1038\" data-element_type=\"widget\" data-widget_type=\"spacer.default\">\n\t\t\t\t<div class=\"elementor-widget-container\">\n\t\t\t<style>\/*! elementor - v3.23.0 - 05-08-2024 *\/\n.elementor-column .elementor-spacer-inner{height:var(--spacer-size)}.e-con{--container-widget-width:100%}.e-con-inner>.elementor-widget-spacer,.e-con>.elementor-widget-spacer{width:var(--container-widget-width,var(--spacer-size));--align-self:var(--container-widget-align-self,initial);--flex-shrink:0}.e-con-inner>.elementor-widget-spacer>.elementor-widget-container,.e-con>.elementor-widget-spacer>.elementor-widget-container{height:100%;width:100%}.e-con-inner>.elementor-widget-spacer>.elementor-widget-container>.elementor-spacer,.e-con>.elementor-widget-spacer>.elementor-widget-container>.elementor-spacer{height:100%}.e-con-inner>.elementor-widget-spacer>.elementor-widget-container>.elementor-spacer>.elementor-spacer-inner,.e-con>.elementor-widget-spacer>.elementor-widget-container>.elementor-spacer>.elementor-spacer-inner{height:var(--container-widget-height,var(--spacer-size))}.e-con-inner>.elementor-widget-spacer.elementor-widget-empty,.e-con>.elementor-widget-spacer.elementor-widget-empty{position:relative;min-height:22px;min-width:22px}.e-con-inner>.elementor-widget-spacer.elementor-widget-empty .elementor-widget-empty-icon,.e-con>.elementor-widget-spacer.elementor-widget-empty .elementor-widget-empty-icon{position:absolute;top:0;bottom:0;left:0;right:0;margin:auto;padding:0;width:22px;height:22px}<\/style>\t\t<div class=\"elementor-spacer\">\n\t\t\t<div class=\"elementor-spacer-inner\"><\/div>\n\t\t<\/div>\n\t\t\t\t<\/div>\n\t\t\t\t<\/div>\n\t\t\t\t<div class=\"elementor-element elementor-element-88040f0 elementor-widget elementor-widget-heading\" data-id=\"88040f0\" data-element_type=\"widget\" data-widget_type=\"heading.default\">\n\t\t\t\t<div class=\"elementor-widget-container\">\n\t\t\t<style>\/*! elementor - v3.23.0 - 05-08-2024 *\/\n.elementor-heading-title{padding:0;margin:0;line-height:1}.elementor-widget-heading .elementor-heading-title[class*=elementor-size-]>a{color:inherit;font-size:inherit;line-height:inherit}.elementor-widget-heading .elementor-heading-title.elementor-size-small{font-size:15px}.elementor-widget-heading .elementor-heading-title.elementor-size-medium{font-size:19px}.elementor-widget-heading .elementor-heading-title.elementor-size-large{font-size:29px}.elementor-widget-heading .elementor-heading-title.elementor-size-xl{font-size:39px}.elementor-widget-heading .elementor-heading-title.elementor-size-xxl{font-size:59px}<\/style><h3 class=\"elementor-heading-title elementor-size-default\">Qui nous sommes<br><\/h3>\t\t<\/div>\n\t\t\t\t<\/div>\n\t\t\t\t<div class=\"elementor-element elementor-element-eb618e9 elementor-widget elementor-widget-heading\" data-id=\"eb618e9\" data-element_type=\"widget\" data-widget_type=\"heading.default\">\n\t\t\t\t<div class=\"elementor-widget-container\">\n\t\t\t<h5 class=\"elementor-heading-title elementor-size-default\">LE CIDE EST UNE FIRME DE SERVICE-CONSEIL CANADIENNE \u0152UVRANT SUR LES QUESTIONS DE D\u00c9VELOPPEMENT INTERNATIONAL, DE MARCH\u00c9 DU TRAVAIL, D'\u00c9DUCATION ET DE FORMATION.<\/h5>\t\t<\/div>\n\t\t\t\t<\/div>\n\t\t\t\t<div class=\"elementor-element elementor-element-4112194 elementor-widget elementor-widget-spacer\" data-id=\"4112194\" data-element_type=\"widget\" data-widget_type=\"spacer.default\">\n\t\t\t\t<div class=\"elementor-widget-container\">\n\t\t\t\t\t<div class=\"elementor-spacer\">\n\t\t\t<div class=\"elementor-spacer-inner\"><\/div>\n\t\t<\/div>\n\t\t\t\t<\/div>\n\t\t\t\t<\/div>\n\t\t\t\t\t<\/div>\n\t\t<\/div>\n\t\t\t\t\t<\/div>\n\t\t<\/section>\n\t\t\t\t<section class=\"elementor-section elementor-top-section elementor-element elementor-element-5bb4d8a elementor-section-full_width qode_elementor_container_inner elementor-section-height-default elementor-section-height-default parallax_section_no\" data-id=\"5bb4d8a\" data-element_type=\"section\">\n\t\t\t\t\t\t<div class=\"elementor-container elementor-column-gap-default\">\n\t\t\t\t\t<div class=\"elementor-column elementor-col-100 elementor-top-column elementor-element elementor-element-1c06159\" data-id=\"1c06159\" data-element_type=\"column\">\n\t\t\t<div class=\"elementor-widget-wrap elementor-element-populated\">\n\t\t\t\t\t\t<div class=\"elementor-element elementor-element-182b21c elementor-widget elementor-widget-text-editor\" data-id=\"182b21c\" data-element_type=\"widget\" data-widget_type=\"text-editor.default\">\n\t\t\t\t<div class=\"elementor-widget-container\">\n\t\t\t<style>\/*! elementor - v3.23.0 - 05-08-2024 *\/\n.elementor-widget-text-editor.elementor-drop-cap-view-stacked .elementor-drop-cap{background-color:#69727d;color:#fff}.elementor-widget-text-editor.elementor-drop-cap-view-framed .elementor-drop-cap{color:#69727d;border:3px solid;background-color:transparent}.elementor-widget-text-editor:not(.elementor-drop-cap-view-default) .elementor-drop-cap{margin-top:8px}.elementor-widget-text-editor:not(.elementor-drop-cap-view-default) .elementor-drop-cap-letter{width:1em;height:1em}.elementor-widget-text-editor .elementor-drop-cap{float:left;text-align:center;line-height:1;font-size:50px}.elementor-widget-text-editor .elementor-drop-cap-letter{display:inline-block}<\/style>\t\t\t\t<p>Avec plus de <strong>200 projets r\u00e9alis\u00e9s<\/strong> dans <strong>40 pays<\/strong>, notre firme fait appel aux connaissances et ressources requises pour apporter un soutien technique dans les domaines de l<strong>&lsquo;\u00e9ducation et de la formation professionnelle et technique, du renforcement institutionnel ainsi que de la promotion de l&#8217;emploi et de l&rsquo;entrepreneuriat<\/strong>.<\/p><p>\u00a0<\/p><p>Afin d&rsquo;accro\u00eetre notre impact et d&rsquo;assurer la durabilit\u00e9 des r\u00e9sultats, cet appui s&rsquo;accompagne fr\u00e9quement du d\u00e9veloppement de solutions technologiques.<\/p><p>\u00a0<\/p>\t\t\t\t\t\t<\/div>\n\t\t\t\t<\/div>\n\t\t\t\t<div class=\"elementor-element elementor-element-8d461c1 elementor-widget elementor-widget-text-editor\" data-id=\"8d461c1\" data-element_type=\"widget\" data-widget_type=\"text-editor.default\">\n\t\t\t\t<div class=\"elementor-widget-container\">\n\t\t\t\t\t\t\t<p>CIDE compte\u00a0<strong>quarante-cinq (45) employ\u00e9s<\/strong>\u00a0au si\u00e8ge social \u00e0 <strong>Montr\u00e9al<\/strong> et dans ses bureaux en <strong>Tunisie<\/strong>, au <strong>Maroc<\/strong> et au <strong>El<\/strong>\u00a0<strong>Salvador<\/strong>. Cette \u00e9quipe s&rsquo;enrichit de professionnels ad hoc, associ\u00e9s au suivi et \u00e0 la mise en \u0153uvre de programmes sp\u00e9cifiques.<\/p><p>\u00a0<\/p>\t\t\t\t\t\t<\/div>\n\t\t\t\t<\/div>\n\t\t\t\t<div class=\"elementor-element elementor-element-e15d544 elementor-widget elementor-widget-heading\" data-id=\"e15d544\" data-element_type=\"widget\" data-widget_type=\"heading.default\">\n\t\t\t\t<div class=\"elementor-widget-container\">\n\t\t\t<h3 class=\"elementor-heading-title elementor-size-default\">Ce que nous faisons<br><\/h3>\t\t<\/div>\n\t\t\t\t<\/div>\n\t\t\t\t<div class=\"elementor-element elementor-element-4d67372 elementor-widget elementor-widget-heading\" data-id=\"4d67372\" data-element_type=\"widget\" data-widget_type=\"heading.default\">\n\t\t\t\t<div class=\"elementor-widget-container\">\n\t\t\t<h5 class=\"elementor-heading-title elementor-size-default\">Durant les derni\u00e8res ann\u00e9es, le CIDE a particip\u00e9 dans maintes r\u00e9formes \u00e9ducatives et en formation professionnelle <br><\/h5>\t\t<\/div>\n\t\t\t\t<\/div>\n\t\t\t\t<div class=\"elementor-element elementor-element-cfe4d20 elementor-widget elementor-widget-text-editor\" data-id=\"cfe4d20\" data-element_type=\"widget\" data-widget_type=\"text-editor.default\">\n\t\t\t\t<div class=\"elementor-widget-container\">\n\t\t\t\t\t\t\t<p>s&rsquo;appuyant sur le courant p\u00e9dagogique de l&rsquo;approche par comp\u00e9tences dans divers pays d&rsquo;Afrique et d&rsquo;Am\u00e9rique du Sud. \u00c0 travers le transfert des connaissances et la diffusion de l&rsquo;exp\u00e9rience canadienne et qu\u00e9b\u00e9coise en la mati\u00e8re, le CIDE a soutenu les gouvernements et les institutions publiques et priv\u00e9es dans la transformation des syst\u00e8mes \u00e9ducatifs afin de mieux r\u00e9pondre aux besoins du march\u00e9 du travail.<\/p><p>\u00a0<\/p>\t\t\t\t\t\t<\/div>\n\t\t\t\t<\/div>\n\t\t\t\t<div class=\"elementor-element elementor-element-cf6da7a elementor-widget elementor-widget-heading\" data-id=\"cf6da7a\" data-element_type=\"widget\" data-widget_type=\"heading.default\">\n\t\t\t\t<div class=\"elementor-widget-container\">\n\t\t\t<h5 class=\"elementor-heading-title elementor-size-default\">Ce soutien passe \u00e9galement par l'appui aux organisations dans la mise en \u0153uvre de r\u00e9formes institutionnelles et l'application des principes de bonne gouvernance. <br><\/h5>\t\t<\/div>\n\t\t\t\t<\/div>\n\t\t\t\t<div class=\"elementor-element elementor-element-466bdac elementor-widget elementor-widget-text-editor\" data-id=\"466bdac\" data-element_type=\"widget\" data-widget_type=\"text-editor.default\">\n\t\t\t\t<div class=\"elementor-widget-container\">\n\t\t\t\t\t\t\t<p>Notre approche repose sur le renforcement des comp\u00e9tences, le partage d&rsquo;exp\u00e9riences et la promotion des interactions entre parties prenantes.<\/p>\n<p>Le CIDE appuie \u00e9galement les gouvernements dans l&rsquo;atteinte de leurs objectifs de d\u00e9veloppement \u00e9conomique et social par une meilleure connaissance du march\u00e9 du travail et une planification ad\u00e9quate des formations. Nous nous sommes ainsi d\u00e9marqu\u00e9s dans la conception de mod\u00e8les de pr\u00e9vision de l&rsquo;offre et de la demande en comp\u00e9tences pour l&rsquo;ensemble des secteurs \u00e9conomiques.<\/p>\n<p>Les nouvelles technologies font partie int\u00e9grante de notre approche du d\u00e9veloppement et nous permettent d&rsquo;accro\u00eetre l&rsquo;impact de notre contribution. Nous avons ainsi d\u00e9velopp\u00e9 diverses solutions informatiques selon les besoins sp\u00e9cifiques de nos clients (syst\u00e8me d&rsquo;information de gestion, plateforme d&rsquo;apprentissage \u00e0 distance). Nous avons con\u00e7u plusieurs plateformes web et mobiles qui offrent aux jeunes, n&rsquo;ayant pas acc\u00e8s aux ressources traditionnelles, des services d&rsquo;orientation et d&rsquo;information sur les opportunit\u00e9s d&#8217;emploi, d&rsquo;entreprenariat et de formation.<\/p>\n<p><\/p>\t\t\t\t\t\t<\/div>\n\t\t\t\t<\/div>\n\t\t\t\t<div class=\"elementor-element elementor-element-c4f0c5f elementor-widget elementor-widget-heading\" data-id=\"c4f0c5f\" data-element_type=\"widget\" data-widget_type=\"heading.default\">\n\t\t\t\t<div class=\"elementor-widget-container\">\n\t\t\t<h3 class=\"elementor-heading-title elementor-size-default\">Notre histoire<br><\/h3>\t\t<\/div>\n\t\t\t\t<\/div>\n\t\t\t\t<div class=\"elementor-element elementor-element-aea20a4 elementor-widget elementor-widget-heading\" data-id=\"aea20a4\" data-element_type=\"widget\" data-widget_type=\"heading.default\">\n\t\t\t\t<div class=\"elementor-widget-container\">\n\t\t\t<h5 class=\"elementor-heading-title elementor-size-default\"><a href=\"#\">LE CIDE EST UNE FIRME DE SERVICE-CONSEIL CANADIENNE \u0152UVRANT SUR LES QUESTIONS DE D\u00c9VELOPPEMENT INTERNATIONAL, DE MARCH\u00c9 DU TRAVAIL, D'\u00c9DUCATION ET DE FORMATION.<\/a><\/h5>\t\t<\/div>\n\t\t\t\t<\/div>\n\t\t\t\t<div class=\"elementor-element elementor-element-e37244c elementor-widget elementor-widget-text-editor\" data-id=\"e37244c\" data-element_type=\"widget\" data-widget_type=\"text-editor.default\">\n\t\t\t\t<div class=\"elementor-widget-container\">\n\t\t\t\t\t\t\t<p>Cr\u00e9\u00e9 en 1982 par une \u00e9quipe de professionnels de l&rsquo;\u00e9ducation : les directeurs g\u00e9n\u00e9raux et des services p\u00e9dagogiques des coll\u00e8ges (C\u00c9GEP) John Abbott, Sainte-Foy et Saint-Jean-sur-Richelieu s&rsquo;associent pour partager l&rsquo;expertise canadienne et qu\u00e9b\u00e9coise en ing\u00e9nierie de formation vers les pays entreprenant des r\u00e9formes de leur syst\u00e8me \u00e9ducatif et de formation professionnelle.<\/p>\t\t\t\t\t\t<\/div>\n\t\t\t\t<\/div>\n\t\t\t\t<div class=\"elementor-element elementor-element-17c0cfd elementor-widget elementor-widget-heading\" data-id=\"17c0cfd\" data-element_type=\"widget\" data-widget_type=\"heading.default\">\n\t\t\t\t<div class=\"elementor-widget-container\">\n\t\t\t<h5 class=\"elementor-heading-title elementor-size-default\">1992<\/h5>\t\t<\/div>\n\t\t\t\t<\/div>\n\t\t\t\t<div class=\"elementor-element elementor-element-7b5e3b0 elementor-widget elementor-widget-text-editor\" data-id=\"7b5e3b0\" data-element_type=\"widget\" data-widget_type=\"text-editor.default\">\n\t\t\t\t<div class=\"elementor-widget-container\">\n\t\t\t\t\t\t\t<p>Afin d&rsquo;accroitre ses activit\u00e9s \u00e0 l&rsquo;international, le CIDE acquiert Innovation en d\u00e9veloppement \u00e9conomique et social (ID\u00c9ES International), une entreprise priv\u00e9e.<\/p>\t\t\t\t\t\t<\/div>\n\t\t\t\t<\/div>\n\t\t\t\t<div class=\"elementor-element elementor-element-c750f3e elementor-widget elementor-widget-heading\" data-id=\"c750f3e\" data-element_type=\"widget\" data-widget_type=\"heading.default\">\n\t\t\t\t<div class=\"elementor-widget-container\">\n\t\t\t<h5 class=\"elementor-heading-title elementor-size-default\">2003<\/h5>\t\t<\/div>\n\t\t\t\t<\/div>\n\t\t\t\t<div class=\"elementor-element elementor-element-e7f9530 elementor-widget elementor-widget-text-editor\" data-id=\"e7f9530\" data-element_type=\"widget\" data-widget_type=\"text-editor.default\">\n\t\t\t\t<div class=\"elementor-widget-container\">\n\t\t\t\t\t\t\t<p>Apr\u00e8s des ann\u00e9es de collaboration, le CIDE acquiert le bureau d&rsquo;\u00e9tude tunisien Pro-Invest.<\/p>\t\t\t\t\t\t<\/div>\n\t\t\t\t<\/div>\n\t\t\t\t<div class=\"elementor-element elementor-element-d07f86e elementor-widget elementor-widget-heading\" data-id=\"d07f86e\" data-element_type=\"widget\" data-widget_type=\"heading.default\">\n\t\t\t\t<div class=\"elementor-widget-container\">\n\t\t\t<h5 class=\"elementor-heading-title elementor-size-default\">2010<\/h5>\t\t<\/div>\n\t\t\t\t<\/div>\n\t\t\t\t<div class=\"elementor-element elementor-element-68bbe2e elementor-widget elementor-widget-text-editor\" data-id=\"68bbe2e\" data-element_type=\"widget\" data-widget_type=\"text-editor.default\">\n\t\t\t\t<div class=\"elementor-widget-container\">\n\t\t\t\t\t\t\t<p>Nos bureaux ouvrent au Maroc (Casablanca)<\/p>\t\t\t\t\t\t<\/div>\n\t\t\t\t<\/div>\n\t\t\t\t<div class=\"elementor-element elementor-element-b701a7e elementor-widget elementor-widget-heading\" data-id=\"b701a7e\" data-element_type=\"widget\" data-widget_type=\"heading.default\">\n\t\t\t\t<div class=\"elementor-widget-container\">\n\t\t\t<h5 class=\"elementor-heading-title elementor-size-default\">2012<\/h5>\t\t<\/div>\n\t\t\t\t<\/div>\n\t\t\t\t<div class=\"elementor-element elementor-element-22d4d37 elementor-widget elementor-widget-text-editor\" data-id=\"22d4d37\" data-element_type=\"widget\" data-widget_type=\"text-editor.default\">\n\t\t\t\t<div class=\"elementor-widget-container\">\n\t\t\t\t\t\t\t<p>Nos bureaux ouvrent au Salvador (San Salvador)<\/p>\t\t\t\t\t\t<\/div>\n\t\t\t\t<\/div>\n\t\t\t\t\t<\/div>\n\t\t<\/div>\n\t\t\t\t\t<\/div>\n\t\t<\/section>\n\t\t\t\t<\/div>\n\t\t","protected":false},"excerpt":{"rendered":"<p>Qui\u00e9nes somos LE CIDE ES UNA EMPRESA DE CONSULTOR\u00cdA CANADIENSE QUE TRABAJA EN TEMAS DE DESARROLLO INTERNACIONAL, MERCADO LABORAL, EDUCACI\u00d3N Y CAPACITACI\u00d3N. Con m\u00e1s de 200 proyectos realizados en 40 pa\u00edses, nuestra firma cuenta con el conocimiento y los recursos necesarios para\u2026<\/p>","protected":false},"author":1,"featured_media":0,"parent":0,"menu_order":0,"comment_status":"closed","ping_status":"closed","template":"full_width.php","meta":[],"_links":{"self":[{"href":"http:\/\/cide.ca\/es\/wp-json\/wp\/v2\/pages\/369"}],"collection":[{"href":"http:\/\/cide.ca\/es\/wp-json\/wp\/v2\/pages"}],"about":[{"href":"http:\/\/cide.ca\/es\/wp-json\/wp\/v2\/types\/page"}],"author":[{"embeddable":true,"href":"http:\/\/cide.ca\/es\/wp-json\/wp\/v2\/users\/1"}],"replies":[{"embeddable":true,"href":"http:\/\/cide.ca\/es\/wp-json\/wp\/v2\/comments?post=369"}],"version-history":[{"count":41,"href":"http:\/\/cide.ca\/es\/wp-json\/wp\/v2\/pages\/369\/revisions"}],"predecessor-version":[{"id":882,"href":"http:\/\/cide.ca\/es\/wp-json\/wp\/v2\/pages\/369\/revisions\/882"}],"wp:attachment":[{"href":"http:\/\/cide.ca\/es\/wp-json\/wp\/v2\/media?parent=369"}],"curies":[{"name":"gracias","href":"https:\/\/api.w.org\/{rel}","templated":true}]}}