{"id":1120,"date":"2026-04-21T13:09:42","date_gmt":"2026-04-21T13:09:42","guid":{"rendered":"http:\/\/cide.ca\/?page_id=1120"},"modified":"2026-04-21T16:07:13","modified_gmt":"2026-04-21T16:07:13","slug":"domaines-dintervention","status":"publish","type":"page","link":"http:\/\/cide.ca\/es\/domaines-dintervention\/","title":{"rendered":"\u00c1reas de intervenci\u00f3n"},"content":{"rendered":"<div data-elementor-type=\"wp-page\" data-elementor-id=\"1120\" class=\"elementor elementor-1120\">\n\t\t\t\t\t\t<section class=\"elementor-section elementor-top-section elementor-element elementor-element-1c35342 elementor-section-boxed elementor-section-height-default elementor-section-height-default parallax_section_no qode_elementor_container_no\" data-id=\"1c35342\" data-element_type=\"section\" data-e-type=\"section\">\n\t\t\t\t\t\t<div class=\"elementor-container elementor-column-gap-default\">\n\t\t\t\t\t<div class=\"elementor-column elementor-col-100 elementor-top-column elementor-element elementor-element-b466914\" data-id=\"b466914\" data-element_type=\"column\" data-e-type=\"column\">\n\t\t\t<div class=\"elementor-widget-wrap elementor-element-populated\">\n\t\t\t\t\t\t<div class=\"elementor-element elementor-element-726e189 elementor-widget elementor-widget-text-editor\" data-id=\"726e189\" data-element_type=\"widget\" data-e-type=\"widget\" data-widget_type=\"text-editor.default\">\n\t\t\t\t<div class=\"elementor-widget-container\">\n\t\t\t\t\t\t\t\t\t<div class=\"cide-domaines-page\">\n\n  <!-- HERO OPTION 1 \u2014 Blanc, continuit\u00e9 header -->\n  <div class=\"cide-dip-hero\">\n    <span class=\"cide-dip-hero-tag\">\ud83c\udf0d Nuestra experiencia<\/span>\n    <h1>\u00c1reas de\u2019<span>intervenci\u00f3n<\/span><\/h1>\n    <div class=\"cide-dip-hero-divider\"><\/div>\n    <p>CIDE ofrece servicios de asesoramiento y apoyo t\u00e9cnico a instituciones de formaci\u00f3n y organismos p\u00fablicos responsables en todos los niveles educativos, desde la primaria hasta la universidad, incluyendo la formaci\u00f3n profesional y t\u00e9cnica.<\/p>\n  <\/div>\n<\/div>\t\t\t\t\t\t\t\t<\/div>\n\t\t\t\t<\/div>\n\t\t\t\t<div class=\"elementor-element elementor-element-76c3cd2 elementor-widget elementor-widget-text-editor\" data-id=\"76c3cd2\" data-element_type=\"widget\" data-e-type=\"widget\" data-widget_type=\"text-editor.default\">\n\t\t\t\t<div class=\"elementor-widget-container\">\n\t\t\t\t\t\t\t\t\t<div class=\"cide-domaines-page\">\n\n  <!-- STATS BAR \u2014 Premi\u00e8re rupture dor\u00e9e -->\n  <div class=\"cide-dip-stats\">\n    <div class=\"cide-dip-stat\">\n      <div class=\"cide-dip-stat-number\">200+<\/div>\n      <div class=\"cide-dip-stat-label\">Proyectos finalizados<\/div>\n    <\/div>\n    <div class=\"cide-dip-stat\">\n      <div class=\"cide-dip-stat-number\">40<\/div>\n      <div class=\"cide-dip-stat-label\">Pa\u00eds de intervenci\u00f3n<\/div>\n    <\/div>\n    <div class=\"cide-dip-stat\">\n      <div class=\"cide-dip-stat-number\">40+<\/div>\n      <div class=\"cide-dip-stat-label\">A\u00f1os de experiencia<\/div>\n    <\/div>\n    <div class=\"cide-dip-stat\">\n      <div class=\"cide-dip-stat-number\">4<\/div>\n      <div class=\"cide-dip-stat-label\">\u00c1reas de especializaci\u00f3n<\/div>\n    <\/div>\n  <\/div>\n<\/div>\t\t\t\t\t\t\t\t<\/div>\n\t\t\t\t<\/div>\n\t\t\t\t<div class=\"elementor-element elementor-element-8653cfe elementor-widget elementor-widget-text-editor\" data-id=\"8653cfe\" data-element_type=\"widget\" data-e-type=\"widget\" data-widget_type=\"text-editor.default\">\n\t\t\t\t<div class=\"elementor-widget-container\">\n\t\t\t\t\t\t\t\t\t<div class=\"cide-domaines-page\">\n\n  <!-- INTRO -->\n  <div class=\"cide-dip-intro\">\n    <span class=\"cide-dip-intro-tag\">lo que hacemos<\/span>\n    <h2>Nuestro <span>dominios<\/span> pericia<\/h2>\n    <div class=\"cide-dip-intro-divider\"><\/div>\n    <p>Durante m\u00e1s de 40 a\u00f1os, CIDE ha estado activa en cuatro \u00e1reas complementarias principales para apoyar a gobiernos, instituciones y organizaciones en sus proyectos de desarrollo.<\/p>\n  <\/div>\n<\/div>\t\t\t\t\t\t\t\t<\/div>\n\t\t\t\t<\/div>\n\t\t\t\t\t<\/div>\n\t\t<\/div>\n\t\t\t\t\t<\/div>\n\t\t<\/section>\n\t\t\t\t<section class=\"elementor-section elementor-top-section elementor-element elementor-element-30ecd3c elementor-section-boxed elementor-section-height-default elementor-section-height-default parallax_section_no qode_elementor_container_no\" data-id=\"30ecd3c\" data-element_type=\"section\" data-e-type=\"section\">\n\t\t\t\t\t\t<div class=\"elementor-container elementor-column-gap-default\">\n\t\t\t\t\t<div class=\"elementor-column elementor-col-50 elementor-top-column elementor-element elementor-element-596ccdc\" data-id=\"596ccdc\" data-element_type=\"column\" data-e-type=\"column\">\n\t\t\t<div class=\"elementor-widget-wrap elementor-element-populated\">\n\t\t\t\t\t\t<div class=\"elementor-element elementor-element-e22aee5 elementor-widget elementor-widget-text-editor\" data-id=\"e22aee5\" data-element_type=\"widget\" data-e-type=\"widget\" data-widget_type=\"text-editor.default\">\n\t\t\t\t<div class=\"elementor-widget-container\">\n\t\t\t\t\t\t\t\t\t<!-- DOMAINE 1 \u2014 \u00c9DUCATION -->\n      <div class=\"cide-dip-card\">\n        <div class=\"cide-dip-card-img\">\n          <img decoding=\"async\" src=\"http:\/\/cide.ca\/wp-content\/uploads\/2021\/08\/Sans-titre-1.png?w=800\" alt=\"\u00c9ducation et Formation Professionnelle\" \/>\n          <div class=\"cide-dip-card-img-overlay\"><\/div>\n          <div class=\"cide-dip-card-num\">01<\/div>\n        <\/div>\n        <div class=\"cide-dip-card-body\">\n          <div class=\"cide-dip-card-title\">Educaci\u00f3n y formaci\u00f3n profesional<\/div>\n          <p class=\"cide-dip-card-desc\">Servicios de consultor\u00eda y asistencia t\u00e9cnica a instituciones de formaci\u00f3n y organismos p\u00fablicos responsables de la educaci\u00f3n primaria, secundaria y universitaria, incluida la formaci\u00f3n profesional y t\u00e9cnica.<\/p>\n          <a href=\"\/es\/education-et-formation-professionnelle\/\" class=\"cide-dip-card-link\">\n            M\u00e1s informaci\u00f3n\n            <span class=\"cide-dip-card-link-arrow\">\u2192<\/span>\n          <\/a>\n        <\/div>\n      <\/div>\t\t\t\t\t\t\t\t<\/div>\n\t\t\t\t<\/div>\n\t\t\t\t\t<\/div>\n\t\t<\/div>\n\t\t\t\t<div class=\"elementor-column elementor-col-50 elementor-top-column elementor-element elementor-element-a552c56\" data-id=\"a552c56\" data-element_type=\"column\" data-e-type=\"column\">\n\t\t\t<div class=\"elementor-widget-wrap elementor-element-populated\">\n\t\t\t\t\t\t<div class=\"elementor-element elementor-element-08d5199 elementor-widget elementor-widget-text-editor\" data-id=\"08d5199\" data-element_type=\"widget\" data-e-type=\"widget\" data-widget_type=\"text-editor.default\">\n\t\t\t\t<div class=\"elementor-widget-container\">\n\t\t\t\t\t\t\t\t\t<!-- DOMAINE 2 \u2014 ORGANISATIONS -->\n      <div class=\"cide-dip-card\">\n        <div class=\"cide-dip-card-img\">\n          <img decoding=\"async\" src=\"http:\/\/cide.ca\/wp-content\/uploads\/2021\/08\/2-2.png?w=800\" alt=\"Appui aux Organisations\" \/>\n          <div class=\"cide-dip-card-img-overlay\"><\/div>\n          <div class=\"cide-dip-card-num\">02<\/div>\n        <\/div>\n        <div class=\"cide-dip-card-body\">\n          <div class=\"cide-dip-card-title\">Apoyo a las organizaciones<\/div>\n          <p class=\"cide-dip-card-desc\">Apoyar a las organizaciones p\u00fablicas y privadas en su fortalecimiento institucional, buena gobernanza y el desarrollo de habilidades gerenciales y administrativas.<\/p>\n          <a href=\"\/es\/appui-aux-organisations\/\" class=\"cide-dip-card-link\">\n            M\u00e1s informaci\u00f3n\n            <span class=\"cide-dip-card-link-arrow\">\u2192<\/span>\n          <\/a>\n        <\/div>\n      <\/div>\t\t\t\t\t\t\t\t<\/div>\n\t\t\t\t<\/div>\n\t\t\t\t\t<\/div>\n\t\t<\/div>\n\t\t\t\t\t<\/div>\n\t\t<\/section>\n\t\t\t\t<section class=\"elementor-section elementor-top-section elementor-element elementor-element-136bc23 elementor-section-boxed elementor-section-height-default elementor-section-height-default parallax_section_no qode_elementor_container_no\" data-id=\"136bc23\" data-element_type=\"section\" data-e-type=\"section\">\n\t\t\t\t\t\t<div class=\"elementor-container elementor-column-gap-default\">\n\t\t\t\t\t<div class=\"elementor-column elementor-col-50 elementor-top-column elementor-element elementor-element-3576a08\" data-id=\"3576a08\" data-element_type=\"column\" data-e-type=\"column\">\n\t\t\t<div class=\"elementor-widget-wrap elementor-element-populated\">\n\t\t\t\t\t\t<div class=\"elementor-element elementor-element-eea4c67 elementor-widget elementor-widget-text-editor\" data-id=\"eea4c67\" data-element_type=\"widget\" data-e-type=\"widget\" data-widget_type=\"text-editor.default\">\n\t\t\t\t<div class=\"elementor-widget-container\">\n\t\t\t\t\t\t\t\t\t<!-- DOMAINE 3 \u2014 EMPLOYABILIT\u00c9 -->\n      <div class=\"cide-dip-card\">\n        <div class=\"cide-dip-card-img\">\n          <img decoding=\"async\" src=\"http:\/\/cide.ca\/wp-content\/uploads\/2021\/08\/3.png?w=800\" alt=\"Employabilit\u00e9 et Entrepreneuriat\" \/>\n          <div class=\"cide-dip-card-img-overlay\"><\/div>\n          <div class=\"cide-dip-card-num\">03<\/div>\n        <\/div>\n        <div class=\"cide-dip-card-body\">\n          <div class=\"cide-dip-card-title\">Empleabilidad y emprendimiento<\/div>\n          <p class=\"cide-dip-card-desc\">Brindar apoyo para comprender mejor la din\u00e1mica del mercado laboral y la implementaci\u00f3n de mecanismos que fomenten la empleabilidad y el esp\u00edritu emprendedor de los j\u00f3venes.<\/p>\n          <a href=\"\/es\/employabilite-et-entrepreneuriat\/\" class=\"cide-dip-card-link\">\n            M\u00e1s informaci\u00f3n\n            <span class=\"cide-dip-card-link-arrow\">\u2192<\/span>\n          <\/a>\n        <\/div>\n      <\/div>\t\t\t\t\t\t\t\t<\/div>\n\t\t\t\t<\/div>\n\t\t\t\t\t<\/div>\n\t\t<\/div>\n\t\t\t\t<div class=\"elementor-column elementor-col-50 elementor-top-column elementor-element elementor-element-87cd355\" data-id=\"87cd355\" data-element_type=\"column\" data-e-type=\"column\">\n\t\t\t<div class=\"elementor-widget-wrap elementor-element-populated\">\n\t\t\t\t\t\t<div class=\"elementor-element elementor-element-9c00cb5 elementor-widget elementor-widget-text-editor\" data-id=\"9c00cb5\" data-element_type=\"widget\" data-e-type=\"widget\" data-widget_type=\"text-editor.default\">\n\t\t\t\t<div class=\"elementor-widget-container\">\n\t\t\t\t\t\t\t\t\t<!-- DOMAINE 4 \u2014 APPROVISIONNEMENT -->\n      <div class=\"cide-dip-card\">\n        <div class=\"cide-dip-card-img\">\n          <img decoding=\"async\" src=\"http:\/\/cide.ca\/wp-content\/uploads\/2021\/07\/services-image-3.jpg?w=800\" alt=\"Approvisionnement Technique et Gestion de Projets\" \/>\n          <div class=\"cide-dip-card-img-overlay\"><\/div>\n          <div class=\"cide-dip-card-num\">04<\/div>\n        <\/div>\n        <div class=\"cide-dip-card-body\">\n          <div class=\"cide-dip-card-title\">Adquisiciones y gesti\u00f3n de proyectos<\/div>\n          <p class=\"cide-dip-card-desc\">Gesti\u00f3n integral de la adquisici\u00f3n de material educativo y did\u00e1ctico, desde la definici\u00f3n de las especificaciones hasta la puesta en marcha in situ, incluyendo la gesti\u00f3n integral del proyecto.<\/p>\n          <a href=\"\/es\/approvisionnement-technique-et-gestion-de-projets\/\" class=\"cide-dip-card-link\">\n            M\u00e1s informaci\u00f3n\n            <span class=\"cide-dip-card-link-arrow\">\u2192<\/span>\n          <\/a>\n        <\/div>\n      <\/div>\t\t\t\t\t\t\t\t<\/div>\n\t\t\t\t<\/div>\n\t\t\t\t\t<\/div>\n\t\t<\/div>\n\t\t\t\t\t<\/div>\n\t\t<\/section>\n\t\t\t\t<\/div>","protected":false},"excerpt":{"rendered":"<p>\ud83c\udf0d Notre expertise Domaines d&rsquo;intervention Le CIDE offre des services de conseil et d&rsquo;appui technique aupr\u00e8s des institutions de formation et des organismes publics responsables, et ce, \u00e0 tous les niveaux d&rsquo;\u00e9ducation, de l&rsquo;enseignement primaire \u00e0 l&rsquo;enseignement universitaire en passant par la formation professionnelle et&#8230;<\/p>","protected":false},"author":1,"featured_media":0,"parent":0,"menu_order":0,"comment_status":"closed","ping_status":"closed","template":"","meta":{"footnotes":""},"class_list":["post-1120","page","type-page","status-publish","hentry"],"_links":{"self":[{"href":"http:\/\/cide.ca\/es\/wp-json\/wp\/v2\/pages\/1120","targetHints":{"allow":["GET"]}}],"collection":[{"href":"http:\/\/cide.ca\/es\/wp-json\/wp\/v2\/pages"}],"about":[{"href":"http:\/\/cide.ca\/es\/wp-json\/wp\/v2\/types\/page"}],"author":[{"embeddable":true,"href":"http:\/\/cide.ca\/es\/wp-json\/wp\/v2\/users\/1"}],"replies":[{"embeddable":true,"href":"http:\/\/cide.ca\/es\/wp-json\/wp\/v2\/comments?post=1120"}],"version-history":[{"count":17,"href":"http:\/\/cide.ca\/es\/wp-json\/wp\/v2\/pages\/1120\/revisions"}],"predecessor-version":[{"id":1171,"href":"http:\/\/cide.ca\/es\/wp-json\/wp\/v2\/pages\/1120\/revisions\/1171"}],"wp:attachment":[{"href":"http:\/\/cide.ca\/es\/wp-json\/wp\/v2\/media?parent=1120"}],"curies":[{"name":"gracias","href":"https:\/\/api.w.org\/{rel}","templated":true}]}}