{"id":1090,"date":"2026-04-20T16:13:16","date_gmt":"2026-04-20T16:13:16","guid":{"rendered":"http:\/\/cide.ca\/?page_id=1090"},"modified":"2026-04-20T16:32:10","modified_gmt":"2026-04-20T16:32:10","slug":"a-propos","status":"publish","type":"page","link":"http:\/\/cide.ca\/es\/a-propos\/","title":{"rendered":"A proposito"},"content":{"rendered":"<div data-elementor-type=\"wp-page\" data-elementor-id=\"1090\" class=\"elementor elementor-1090\">\n\t\t\t\t\t\t<section class=\"elementor-section elementor-top-section elementor-element elementor-element-92648ca elementor-section-boxed elementor-section-height-default elementor-section-height-default parallax_section_no qode_elementor_container_no\" data-id=\"92648ca\" data-element_type=\"section\" data-e-type=\"section\">\n\t\t\t\t\t\t<div class=\"elementor-container elementor-column-gap-default\">\n\t\t\t\t\t<div class=\"elementor-column elementor-col-100 elementor-top-column elementor-element elementor-element-6b746a5\" data-id=\"6b746a5\" data-element_type=\"column\" data-e-type=\"column\">\n\t\t\t<div class=\"elementor-widget-wrap elementor-element-populated\">\n\t\t\t\t\t\t<div class=\"elementor-element elementor-element-ec98a7f elementor-widget elementor-widget-text-editor\" data-id=\"ec98a7f\" data-element_type=\"widget\" data-e-type=\"widget\" data-widget_type=\"text-editor.default\">\n\t\t\t\t<div class=\"elementor-widget-container\">\n\t\t\t\t\t\t\t\t\t<div class=\"cide-about-page\">\n\n  <!-- HERO -->\n  <div class=\"cide-ap-hero\">\n    <img decoding=\"async\" src=\"http:\/\/cide.ca\/wp-content\/uploads\/2026\/04\/photo-hero.jpg?w=1400\" alt=\"CIDE - \u00c0 propos\" \/>\n    <div class=\"cide-ap-hero-overlay\">\n      <div class=\"cide-ap-hero-content\">\n        <span class=\"cide-ap-hero-tag\">\ud83c\udf0d \u00bfQui\u00e9nes somos?<\/span>\n        <h1>Acerca de<br>de <span>CIDE<\/span><\/h1>\n        <p>Firma consultora canadiense especializada en temas de desarrollo internacional, mercado laboral, educaci\u00f3n y formaci\u00f3n.<\/p>\n      <\/div>\n    <\/div>\n  <\/div>\n<\/div>\t\t\t\t\t\t\t\t<\/div>\n\t\t\t\t<\/div>\n\t\t\t\t<div class=\"elementor-element elementor-element-0f7c4d6 elementor-widget elementor-widget-text-editor\" data-id=\"0f7c4d6\" data-element_type=\"widget\" data-e-type=\"widget\" data-widget_type=\"text-editor.default\">\n\t\t\t\t<div class=\"elementor-widget-container\">\n\t\t\t\t\t\t\t\t\t<div class=\"cide-about-page\">\n\n  <!-- STATS -->\n  <div class=\"cide-ap-stats\">\n    <div class=\"cide-ap-stat\">\n      <div class=\"cide-ap-stat-number\">200+<\/div>\n      <div class=\"cide-ap-stat-label\">Proyectos finalizados<\/div>\n    <\/div>\n    <div class=\"cide-ap-stat\">\n      <div class=\"cide-ap-stat-number\">40<\/div>\n      <div class=\"cide-ap-stat-label\">Pa\u00eds de intervenci\u00f3n<\/div>\n    <\/div>\n    <div class=\"cide-ap-stat\">\n      <div class=\"cide-ap-stat-number\">45<\/div>\n      <div class=\"cide-ap-stat-label\">Empleados<\/div>\n    <\/div>\n    <div class=\"cide-ap-stat\">\n      <div class=\"cide-ap-stat-number\">1982<\/div>\n      <div class=\"cide-ap-stat-label\">Fundada en<\/div>\n    <\/div>\n  <\/div>\n<\/div>\t\t\t\t\t\t\t\t<\/div>\n\t\t\t\t<\/div>\n\t\t\t\t<div class=\"elementor-element elementor-element-e8c53fc elementor-widget elementor-widget-text-editor\" data-id=\"e8c53fc\" data-element_type=\"widget\" data-e-type=\"widget\" data-widget_type=\"text-editor.default\">\n\t\t\t\t<div class=\"elementor-widget-container\">\n\t\t\t\t\t\t\t\t\t<div class=\"cide-about-page\">\n\n  <!-- QUI NOUS SOMMES -->\n  <div class=\"cide-ap-qui\">\n    <div class=\"cide-ap-qui-text\">\n      <span class=\"cide-ap-section-tag\">Nuestra identidad<\/span>\n      <h2 class=\"cide-ap-section-title\">\u00bfQui\u00e9nes somos? <span>son<\/span><\/h2>\n      <div class=\"cide-ap-divider\"><\/div>\n      <p>El CIDE es un <strong>Firma consultora canadiense<\/strong> Trabajando en temas de desarrollo internacional, mercado laboral, educaci\u00f3n y formaci\u00f3n.<\/p>\n      <p>Con m\u00e1s de <strong>200 proyectos realizados<\/strong> en <strong>40 pa\u00edses<\/strong>, Nuestra firma ha recurrido al conocimiento y a los recursos necesarios para brindar apoyo t\u00e9cnico en las \u00e1reas de educaci\u00f3n, formaci\u00f3n profesional y t\u00e9cnica, fortalecimiento institucional y promoci\u00f3n del empleo y el emprendimiento.<\/p>\n      <p>Para aumentar nuestro impacto y garantizar la sostenibilidad de los resultados, este apoyo suele ir acompa\u00f1ado del desarrollo de soluciones tecnol\u00f3gicas.<\/p>\n    <\/div>\n    <div class=\"cide-ap-qui-cards\">\n      <div class=\"cide-ap-info-card\">\n        <span class=\"cide-ap-info-card-icon\">\ud83c\udf93<\/span>\n        <div class=\"cide-ap-info-card-title\">Educaci\u00f3n<\/div>\n        <p>Formaci\u00f3n profesional y t\u00e9cnica en m\u00e1s de 40 pa\u00edses.<\/p>\n      <\/div>\n      <div class=\"cide-ap-info-card\">\n        <span class=\"cide-ap-info-card-icon\">\ud83c\udfdb\ufe0f<\/span>\n        <div class=\"cide-ap-info-card-title\">Gobernancia<\/div>\n        <p>Fortalecimiento institucional y buena gobernanza.<\/p>\n      <\/div>\n      <div class=\"cide-ap-info-card\">\n        <span class=\"cide-ap-info-card-icon\">\ud83d\udcbc<\/span>\n        <div class=\"cide-ap-info-card-title\">Trabajo<\/div>\n        <p>Fomentar el empleo y el esp\u00edritu emprendedor.<\/p>\n      <\/div>\n      <div class=\"cide-ap-info-card\">\n        <span class=\"cide-ap-info-card-icon\">\ud83d\udcbb<\/span>\n        <div class=\"cide-ap-info-card-title\">Tecnolog\u00eda<\/div>\n        <p>Desarrollo de soluciones tecnol\u00f3gicas innovadoras.<\/p>\n      <\/div>\n    <\/div>\n  <\/div>\n<\/div>\t\t\t\t\t\t\t\t<\/div>\n\t\t\t\t<\/div>\n\t\t\t\t<div class=\"elementor-element elementor-element-d28ca40 elementor-widget elementor-widget-text-editor\" data-id=\"d28ca40\" data-element_type=\"widget\" data-e-type=\"widget\" data-widget_type=\"text-editor.default\">\n\t\t\t\t<div class=\"elementor-widget-container\">\n\t\t\t\t\t\t\t\t\t<div class=\"cide-about-page\">\n\n  <!-- CE QUE NOUS FAISONS -->\n  <div class=\"cide-ap-faisons\">\n    <span class=\"cide-ap-section-tag\">Nuestras actividades<\/span>\n    <h2 class=\"cide-ap-section-title\">Lo que nosotros <span>vamos<\/span><\/h2>\n    <div class=\"cide-ap-divider\"><\/div>\n    <div class=\"cide-ap-faisons-grid\">\n\n      <div class=\"cide-ap-faisons-card\">\n        <span class=\"cide-ap-faisons-icon\">\ud83d\udcda<\/span>\n        <div class=\"cide-ap-faisons-title\">reformas educativas<\/div>\n        <p>Participaci\u00f3n en reformas educativas y formaci\u00f3n profesional basadas en el enfoque por competencias en \u00c1frica y Sudam\u00e9rica.<\/p>\n      <\/div>\n\n      <div class=\"cide-ap-faisons-card\">\n        <span class=\"cide-ap-faisons-icon\">\ud83e\udd1d<\/span>\n        <div class=\"cide-ap-faisons-title\">Apoyo a organizaciones<\/div>\n        <p>Apoyo a la implementaci\u00f3n de reformas institucionales y a la aplicaci\u00f3n de principios de buena gobernanza para los actores p\u00fablicos y privados.<\/p>\n      <\/div>\n\n      <div class=\"cide-ap-faisons-card\">\n        <span class=\"cide-ap-faisons-icon\">\ud83d\udcca<\/span>\n        <div class=\"cide-ap-faisons-title\">Mercado de trabajo<\/div>\n        <p>Apoyar a los gobiernos en el logro de sus objetivos de desarrollo econ\u00f3mico mediante un mejor conocimiento del mercado laboral y una planificaci\u00f3n adecuada de los programas de formaci\u00f3n.<\/p>\n      <\/div>\n\n    <\/div>\n  <\/div>\n<\/div>\t\t\t\t\t\t\t\t<\/div>\n\t\t\t\t<\/div>\n\t\t\t\t<div class=\"elementor-element elementor-element-d315c29 elementor-widget elementor-widget-text-editor\" data-id=\"d315c29\" data-element_type=\"widget\" data-e-type=\"widget\" data-widget_type=\"text-editor.default\">\n\t\t\t\t<div class=\"elementor-widget-container\">\n\t\t\t\t\t\t\t\t\t<div class=\"cide-about-page\">\n\n  <!-- NOTRE HISTOIRE -->\n  <div class=\"cide-ap-histoire\">\n    <span class=\"cide-ap-section-tag\">Nuestro viaje<\/span>\n    <h2 class=\"cide-ap-section-title\">NUESTRO <span>historia<\/span><\/h2>\n    <div class=\"cide-ap-divider\"><\/div>\n    <p class=\"cide-ap-histoire-intro\">\n      Desde 1982, CIDE ha estado apoyando a gobiernos e instituciones en la transformaci\u00f3n de sus sistemas de educaci\u00f3n y formaci\u00f3n profesional en todo el mundo.\n    <\/p>\n    <div class=\"cide-ap-timeline\">\n\n      <div class=\"cide-ap-timeline-item\">\n        <span class=\"cide-ap-timeline-year\">1982<\/span>\n        <h4>Fundaci\u00f3n CIDE<\/h4>\n        <p>Creado por un equipo de profesionales de la educaci\u00f3n \u2014directores generales de los C\u00c9GEP John Abbott, Sainte-Foy y Saint-Jean-sur-Richelieu\u2014 para compartir la experiencia canadiense y quebequense en la formaci\u00f3n de ingenieros.<\/p>\n      <\/div>\n\n      <div class=\"cide-ap-timeline-item\">\n        <span class=\"cide-ap-timeline-year\">1992<\/span>\n        <h4>expansi\u00f3n internacional<\/h4>\n        <p>Adquisici\u00f3n de Innovaci\u00f3n en Desarrollo Econ\u00f3mico y Social (ID\u00c9ES International), una empresa privada, con el fin de ampliar sus actividades internacionales.<\/p>\n      <\/div>\n\n      <div class=\"cide-ap-timeline-item\">\n        <span class=\"cide-ap-timeline-year\">2003<\/span>\n        <h4>Inauguraci\u00f3n en T\u00fanez<\/h4>\n        <p>Tras a\u00f1os de colaboraci\u00f3n, CIDE adquiere la consultora tunecina Pro-Invest, reforzando as\u00ed su presencia en el norte de \u00c1frica.<\/p>\n      <\/div>\n\n      <div class=\"cide-ap-timeline-item\">\n        <span class=\"cide-ap-timeline-year\">2010<\/span>\n        <h4>Inauguraci\u00f3n en Marruecos<\/h4>\n        <p>Abriremos oficinas en Casablanca, reforzando as\u00ed nuestra presencia en el norte de \u00c1frica.<\/p>\n      <\/div>\n\n      <div class=\"cide-ap-timeline-item\">\n        <span class=\"cide-ap-timeline-year\">2012<\/span>\n        <h4>Inauguraci\u00f3n en El Salvador<\/h4>\n        <p>Nuestras oficinas se inauguran en San Salvador, reforzando as\u00ed nuestra presencia en Centroam\u00e9rica y Sudam\u00e9rica.<\/p>\n      <\/div>\n\n    <\/div>\n  <\/div>\n<\/div>\t\t\t\t\t\t\t\t<\/div>\n\t\t\t\t<\/div>\n\t\t\t\t<div class=\"elementor-element elementor-element-33daeed elementor-widget elementor-widget-text-editor\" data-id=\"33daeed\" data-element_type=\"widget\" data-e-type=\"widget\" data-widget_type=\"text-editor.default\">\n\t\t\t\t<div class=\"elementor-widget-container\">\n\t\t\t\t\t\t\t\t\t<div class=\"cide-about-page\">\n\n  <!-- NOS BUREAUX -->\n  <div class=\"cide-ap-bureaux\">\n    <span class=\"cide-ap-section-tag\">Nuestra presencia<\/span>\n    <h2 class=\"cide-ap-section-title\">Nuestro <span>oficinas<\/span><\/h2>\n    <div class=\"cide-ap-divider\"><\/div>\n    <div class=\"cide-ap-bureaux-grid\">\n      <div class=\"cide-ap-bureau-card\">\n        <span class=\"cide-ap-bureau-flag\">\ud83c\udde8\ud83c\udde6<\/span>\n        <div class=\"cide-ap-bureau-pays\">Canad\u00e1<\/div>\n        <div class=\"cide-ap-bureau-ville\">Montreal \u2014 Oficina Central<\/div>\n      <\/div>\n      <div class=\"cide-ap-bureau-card\">\n        <span class=\"cide-ap-bureau-flag\">\ud83c\uddf9\ud83c\uddf3<\/span>\n        <div class=\"cide-ap-bureau-pays\">T\u00fanez<\/div>\n        <div class=\"cide-ap-bureau-ville\">T\u00fanez<\/div>\n      <\/div>\n      <div class=\"cide-ap-bureau-card\">\n        <span class=\"cide-ap-bureau-flag\">\ud83c\uddf2\ud83c\udde6<\/span>\n        <div class=\"cide-ap-bureau-pays\">Marruecos<\/div>\n        <div class=\"cide-ap-bureau-ville\">mohamedemia<\/div>\n      <\/div>\n      <div class=\"cide-ap-bureau-card\">\n        <span class=\"cide-ap-bureau-flag\">\ud83c\uddf8\ud83c\uddfb<\/span>\n        <div class=\"cide-ap-bureau-pays\">El Salvador<\/div>\n        <div class=\"cide-ap-bureau-ville\">San Salvador<\/div>\n      <\/div>\n    <\/div>\n  <\/div>\n<\/div>\t\t\t\t\t\t\t\t<\/div>\n\t\t\t\t<\/div>\n\t\t\t\t<div class=\"elementor-element elementor-element-eec240c elementor-widget elementor-widget-text-editor\" data-id=\"eec240c\" data-element_type=\"widget\" data-e-type=\"widget\" data-widget_type=\"text-editor.default\">\n\t\t\t\t<div class=\"elementor-widget-container\">\n\t\t\t\t\t\t\t\t\t<div class=\"cide-about-page\">\n\n  <!-- CTA -->\n  <div class=\"cide-ap-cta\">\n    <h2>Trabajemos <span>juntos<\/span> en tus proyectos<\/h2>\n    <div>\n      <p>CIDE est\u00e1 a su disposici\u00f3n para apoyarle en sus proyectos internacionales de desarrollo, educaci\u00f3n y formaci\u00f3n profesional.<\/p>\n      <a href=\"\/es\/contactez-nous\/\" class=\"btn-primary\">Cont\u00e1ctanos<\/a>\n    <\/div>\n  <\/div>\n\n<\/div>\t\t\t\t\t\t\t\t<\/div>\n\t\t\t\t<\/div>\n\t\t\t\t\t<\/div>\n\t\t<\/div>\n\t\t\t\t\t<\/div>\n\t\t<\/section>\n\t\t\t\t<\/div>","protected":false},"excerpt":{"rendered":"<p>\ud83c\udf0d Qui sommes-nous \u00c0 proposdu CIDE Firme de service-conseil canadienne \u0153uvrant sur les questions de d\u00e9veloppement international, de march\u00e9 du travail, d&rsquo;\u00e9ducation et de formation. 200+ Projets r\u00e9alis\u00e9s 40 Pays d&rsquo;intervention 45 Employ\u00e9s 1982 Fond\u00e9 en Notre identit\u00e9 Qui nous sommes Le CIDE est une&#8230;<\/p>","protected":false},"author":1,"featured_media":0,"parent":0,"menu_order":0,"comment_status":"closed","ping_status":"closed","template":"","meta":{"footnotes":""},"class_list":["post-1090","page","type-page","status-publish","hentry"],"_links":{"self":[{"href":"http:\/\/cide.ca\/es\/wp-json\/wp\/v2\/pages\/1090","targetHints":{"allow":["GET"]}}],"collection":[{"href":"http:\/\/cide.ca\/es\/wp-json\/wp\/v2\/pages"}],"about":[{"href":"http:\/\/cide.ca\/es\/wp-json\/wp\/v2\/types\/page"}],"author":[{"embeddable":true,"href":"http:\/\/cide.ca\/es\/wp-json\/wp\/v2\/users\/1"}],"replies":[{"embeddable":true,"href":"http:\/\/cide.ca\/es\/wp-json\/wp\/v2\/comments?post=1090"}],"version-history":[{"count":5,"href":"http:\/\/cide.ca\/es\/wp-json\/wp\/v2\/pages\/1090\/revisions"}],"predecessor-version":[{"id":1095,"href":"http:\/\/cide.ca\/es\/wp-json\/wp\/v2\/pages\/1090\/revisions\/1095"}],"wp:attachment":[{"href":"http:\/\/cide.ca\/es\/wp-json\/wp\/v2\/media?parent=1090"}],"curies":[{"name":"gracias","href":"https:\/\/api.w.org\/{rel}","templated":true}]}}