{"id":1021,"date":"2026-04-20T13:56:13","date_gmt":"2026-04-20T13:56:13","guid":{"rendered":"http:\/\/cide.ca\/?page_id=1021"},"modified":"2026-04-21T17:26:48","modified_gmt":"2026-04-21T17:26:48","slug":"accueil","status":"publish","type":"page","link":"http:\/\/cide.ca\/es\/","title":{"rendered":"bienvenida"},"content":{"rendered":"<div data-elementor-type=\"wp-page\" data-elementor-id=\"1021\" class=\"elementor elementor-1021\">\n\t\t\t\t\t\t<section class=\"elementor-section elementor-top-section elementor-element elementor-element-e4f6434 elementor-section-boxed elementor-section-height-default elementor-section-height-default parallax_section_no qode_elementor_container_no\" data-id=\"e4f6434\" data-element_type=\"section\" data-e-type=\"section\">\n\t\t\t\t\t\t<div class=\"elementor-container elementor-column-gap-default\">\n\t\t\t\t\t<div class=\"elementor-column elementor-col-100 elementor-top-column elementor-element elementor-element-b6b6cfb\" data-id=\"b6b6cfb\" data-element_type=\"column\" data-e-type=\"column\">\n\t\t\t<div class=\"elementor-widget-wrap elementor-element-populated\">\n\t\t\t\t\t\t<div class=\"elementor-element elementor-element-7172a7e elementor-widget elementor-widget-text-editor\" data-id=\"7172a7e\" data-element_type=\"widget\" data-e-type=\"widget\" data-widget_type=\"text-editor.default\">\n\t\t\t\t<div class=\"elementor-widget-container\">\n\t\t\t\t\t\t\t\t\t<div class=\"cide-home\">\n\n<!-- 1. HERO -->\n<div class=\"cide-hero\">\n<div class=\"cide-hero-left\"><span class=\"cide-hero-tag\">\ud83c\udf0d Firma de consultor\u00eda internacional<\/span>\n<h1>Experto en Desarrollo Internacional<\/h1>\n<p class=\"cide-hero-desc\">CIDE es una empresa de consultor\u00eda canadiense que trabaja en temas de desarrollo internacional, mercado laboral, educaci\u00f3n y formaci\u00f3n.<\/p>\n\n<div class=\"cide-hero-btns\"><a class=\"btn-primary\" href=\"\/es\/a-propos\/\">Descubre el CIDE<\/a>\n<a class=\"btn-outline\" href=\"\/es\/contactez-nous\/\">Cont\u00e1ctanos<\/a><\/div>\n<\/div>\n<div class=\"cide-hero-right\"><img decoding=\"async\" src=\"http:\/\/cide.ca\/wp-content\/uploads\/2026\/04\/photo-hero.jpg?w=900\" alt=\"\u00c9ducation et formation\" \/><\/div>\n<\/div>\n<\/div>\t\t\t\t\t\t\t\t<\/div>\n\t\t\t\t<\/div>\n\t\t\t\t<div class=\"elementor-element elementor-element-fcd91d5 elementor-widget elementor-widget-text-editor\" data-id=\"fcd91d5\" data-element_type=\"widget\" data-e-type=\"widget\" data-widget_type=\"text-editor.default\">\n\t\t\t\t<div class=\"elementor-widget-container\">\n\t\t\t\t\t\t\t\t\t<div class=\"cide-home\"><p><!-- STATS BAR --><\/p><div class=\"cide-stats-bar\"><div class=\"cide-stat-item\"><div class=\"cide-stat-number\">200+<\/div><div class=\"cide-stat-label\">Proyectos finalizados<\/div><\/div><div class=\"cide-stat-item\"><div class=\"cide-stat-number\">40<\/div><div class=\"cide-stat-label\">Pa\u00eds de intervenci\u00f3n<\/div><\/div><div class=\"cide-stat-item\"><div class=\"cide-stat-number\">40+<\/div><div class=\"cide-stat-label\">A\u00f1os de experiencia<\/div><\/div><div class=\"cide-stat-item\"><div class=\"cide-stat-number\">3<\/div><div class=\"cide-stat-label\">Oficinas internacionales<\/div><\/div><\/div><\/div>\t\t\t\t\t\t\t\t<\/div>\n\t\t\t\t<\/div>\n\t\t\t\t<div class=\"elementor-element elementor-element-205556d elementor-widget elementor-widget-text-editor\" data-id=\"205556d\" data-element_type=\"widget\" data-e-type=\"widget\" data-widget_type=\"text-editor.default\">\n\t\t\t\t<div class=\"elementor-widget-container\">\n\t\t\t\t\t\t\t\t\t<div class=\"cide-home\">\n\n<!-- 2. \u00c0 PROPOS -->\n<div class=\"cide-about\">\n<div class=\"cide-about-img\"><img decoding=\"async\" src=\"http:\/\/cide.ca\/wp-content\/uploads\/2026\/04\/photo-a-propos.jpg?w=800\" alt=\"\u00c9quipe CIDE\" \/>\n<div class=\"cide-about-badge\"><strong>200+<\/strong>\nProyectos finalizados<\/div>\n<\/div>\n<div class=\"cide-about-content\"><span class=\"cide-section-tag\">Acerca del CIDE<\/span>\n<h2 class=\"cide-section-title\">Con m\u00e1s de 200 proyectos en 40 pa\u00edses.<\/h2>\n<div class=\"cide-divider\"><\/div>\nNuestra firma moviliza recursos humanos e inform\u00e1ticos para brindar apoyo t\u00e9cnico en los sectores de educaci\u00f3n y formaci\u00f3n profesional. Desde el fortalecimiento institucional hasta la promoci\u00f3n del empleo y el emprendimiento, nuestro apoyo suele ir acompa\u00f1ado del desarrollo de soluciones tecnol\u00f3gicas.\n\n<a class=\"cide-link\" href=\"\/es\/a-propos\/\">M\u00e1s informaci\u00f3n \u2192<\/a>\n\n<\/div>\n<\/div>\n<\/div>\t\t\t\t\t\t\t\t<\/div>\n\t\t\t\t<\/div>\n\t\t\t\t<div class=\"elementor-element elementor-element-5ae8718 elementor-widget__width-initial elementor-widget elementor-widget-text-editor\" data-id=\"5ae8718\" data-element_type=\"widget\" data-e-type=\"widget\" data-widget_type=\"text-editor.default\">\n\t\t\t\t<div class=\"elementor-widget-container\">\n\t\t\t\t\t\t\t\t\t<div class=\"cide-home\">\n\n  <!-- 3. \u00c9COLE -->\n  <div class=\"cide-ect\">\n    <div class=\"cide-ect-content\">\n      <span class=\"cide-section-tag\">Nuestra red<\/span>\n      <h2 class=\"cide-section-title\">El CIDE tambi\u00e9n es<br><span>la escuela canadiense<\/span><br>de T\u00fanez<\/h2>\n      <div class=\"cide-divider\"><\/div>\n      <p>Una instituci\u00f3n de excelencia en educaci\u00f3n en el coraz\u00f3n de T\u00fanez, que combina los valores educativos canadienses con las realidades locales.<\/p>\n      <a href=\"https:\/\/ec-tunis.com\/\" class=\"btn-primary\" style=\"width:fit-content\">M\u00e1s informaci\u00f3n<\/a>\n    <\/div>\n    <div class=\"cide-ect-img\">\n      <img decoding=\"async\" src=\"http:\/\/cide.ca\/wp-content\/uploads\/2023\/03\/1-scaled.jpg?w=900\" alt=\"\u00c9cole Canadienne de Tunis\" \/>\n    <\/div>\n  <\/div>\n<\/div>\t\t\t\t\t\t\t\t<\/div>\n\t\t\t\t<\/div>\n\t\t\t\t<div class=\"elementor-element elementor-element-64f0ffd elementor-widget elementor-widget-text-editor\" data-id=\"64f0ffd\" data-element_type=\"widget\" data-e-type=\"widget\" data-widget_type=\"text-editor.default\">\n\t\t\t\t<div class=\"elementor-widget-container\">\n\t\t\t\t\t\t\t\t\t<div class=\"cide-home\"><p><!-- 4. DOMAINES --><\/p><div class=\"cide-domaines\"><div class=\"cide-domaines-header\"><p><span class=\"cide-section-tag\">Nuestra experiencia<\/span><\/p><h2 class=\"cide-section-title\">APOYAMOS A NUESTROS CLIENTES EN VARIAS \u00c1REAS<\/h2><div class=\"cide-divider\" style=\"margin: 20px auto;\">\u00a0<\/div><\/div><div class=\"cide-domaines-grid\"><div class=\"cide-domaine-card\"><p><img decoding=\"async\" class=\"cide-domaine-img\" src=\"http:\/\/cide.ca\/wp-content\/uploads\/2021\/08\/Sans-titre-1.png?w=600\" alt=\"\u00c9ducation\" \/><\/p><div class=\"cide-domaine-body\"><p><span class=\"cide-domaine-icon\">\ud83c\udf93<\/span><\/p><div class=\"cide-domaine-title\">Educaci\u00f3n y formaci\u00f3n profesional<\/div><p>Apoyo a las instituciones de educaci\u00f3n primaria y universitaria y a la formaci\u00f3n profesional.<\/p><p><a class=\"cide-link\" href=\"\/es\/education-et-formation-professionnelle\/\">M\u00e1s informaci\u00f3n \u2192<\/a><\/p><\/div><\/div><div class=\"cide-domaine-card\"><p><img decoding=\"async\" class=\"cide-domaine-img\" src=\"http:\/\/cide.ca\/wp-content\/uploads\/2021\/08\/2-2.png?w=600\" alt=\"Organisations\" \/><\/p><div class=\"cide-domaine-body\"><p><span class=\"cide-domaine-icon\">\ud83c\udfdb\ufe0f<\/span><\/p><div class=\"cide-domaine-title\">Apoyo a las organizaciones<\/div><p>Fortalecimiento institucional y organizativo para los actores p\u00fablicos y privados.<\/p><p><a class=\"cide-link\" href=\"\/es\/appui-aux-organisations\/\">M\u00e1s informaci\u00f3n \u2192<\/a><\/p><\/div><\/div><div class=\"cide-domaine-card\"><p><img decoding=\"async\" class=\"cide-domaine-img\" src=\"http:\/\/cide.ca\/wp-content\/uploads\/2021\/08\/3.png?w=600\" alt=\"Employabilit\u00e9\" \/><\/p><div class=\"cide-domaine-body\"><p><span class=\"cide-domaine-icon\">\ud83d\udcbc<\/span><\/p><div class=\"cide-domaine-title\">Empleabilidad y emprendimiento<\/div><p>Promover el empleo, desarrollar habilidades y apoyar el esp\u00edritu emprendedor.<\/p><p><a class=\"cide-link\" href=\"\/es\/employabilite-et-entrepreneuriat\/\">M\u00e1s informaci\u00f3n \u2192<\/a><\/p><\/div><\/div><\/div><\/div><\/div>\t\t\t\t\t\t\t\t<\/div>\n\t\t\t\t<\/div>\n\t\t\t\t<div class=\"elementor-element elementor-element-e2c7e20 elementor-widget elementor-widget-text-editor\" data-id=\"e2c7e20\" data-element_type=\"widget\" data-e-type=\"widget\" data-widget_type=\"text-editor.default\">\n\t\t\t\t<div class=\"elementor-widget-container\">\n\t\t\t\t\t\t\t\t\t<div class=\"cide-home\"><br \/><!-- 4. VID\u00c9O --><div class=\"cide-video-section\"><div class=\"cide-video-header\"><span class=\"cide-video-tag\">\ud83c\udfac Estudio de caso<\/span><h2>An\u00e1lisis del mercado laboral<br \/>en la Rep\u00fablica Dominicana<\/h2><div class=\"cide-video-divider\">\u00a0<\/div><p>Descubra c\u00f3mo CIDE apoya a INFOTEP en el an\u00e1lisis y desarrollo del mercado laboral en la Rep\u00fablica Dominicana.<\/p><\/div><div class=\"cide-video-wrapper\"><video preload=\"metadata\" controls=\"controls\" width=\"300\" height=\"150\"><br \/>\n        <source src=\"https:\/\/www.dropbox.com\/scl\/fo\/cdapy3gjsuqvgpg5xxtpz\/AMfIQSdDbdNKtXqgdjOGT4c?e=1&amp;preview=CIDE+INFOTEP+ESPAGNOL.mp4&amp;rlkey=vaajy9hz5eg70yr4327kutgih&amp;st=igo02jos&amp;bmus=1&amp;raw=1\" type=\"video\/mp4\" \/><br \/>\n        Tu navegador no admite la reproducci\u00f3n de v\u00eddeo.<br \/>\n      <\/video><\/div><div class=\"cide-video-badge\">\ud83c\udde9\ud83c\uddf4<br \/>Proyecto <strong>CIDE \u00d7 INFOTEP<\/strong> \u2014 Rep\u00fablica Dominicana<\/div><\/div><\/div>\t\t\t\t\t\t\t\t<\/div>\n\t\t\t\t<\/div>\n\t\t\t\t<div class=\"elementor-element elementor-element-815a826 elementor-widget elementor-widget-text-editor\" data-id=\"815a826\" data-element_type=\"widget\" data-e-type=\"widget\" data-widget_type=\"text-editor.default\">\n\t\t\t\t<div class=\"elementor-widget-container\">\n\t\t\t\t\t\t\t\t\t<div class=\"cide-home\">\n\n  <!-- 5. CTA -->\n  <div class=\"cide-cta\">\n    <h2>Trabajemos juntos en tus proyectos.<\/h2>\n    <div>\n      <p>CIDE ofrece servicios de consultor\u00eda y asistencia t\u00e9cnica a instituciones de formaci\u00f3n y organismos p\u00fablicos responsables de la educaci\u00f3n y la formaci\u00f3n profesional y t\u00e9cnica.<\/p>\n      <a href=\"\/es\/contactez-nous\/\" class=\"btn-primary\">Cont\u00e1ctanos<\/a>\n    <\/div>\n  <\/div>\n<\/div>\t\t\t\t\t\t\t\t<\/div>\n\t\t\t\t<\/div>\n\t\t\t\t\t<\/div>\n\t\t<\/div>\n\t\t\t\t\t<\/div>\n\t\t<\/section>\n\t\t\t\t<\/div>","protected":false},"excerpt":{"rendered":"<p>\ud83c\udf0d Firme de conseil internationale Expert en D\u00e9veloppement International Le CIDE est une firme de service-conseil canadienne \u0153uvrant sur les questions de d\u00e9veloppement international, de march\u00e9 du travail, d&rsquo;\u00e9ducation et de formation. D\u00e9couvrir le CIDE Nous contacter 200+Projets r\u00e9alis\u00e9s40Pays d&rsquo;intervention40+Ann\u00e9es d&rsquo;exp\u00e9rience3Bureaux internationaux 200+ Projets r\u00e9alis\u00e9s&#8230;<\/p>","protected":false},"author":1,"featured_media":0,"parent":0,"menu_order":0,"comment_status":"closed","ping_status":"closed","template":"","meta":{"footnotes":""},"class_list":["post-1021","page","type-page","status-publish","hentry"],"_links":{"self":[{"href":"http:\/\/cide.ca\/es\/wp-json\/wp\/v2\/pages\/1021","targetHints":{"allow":["GET"]}}],"collection":[{"href":"http:\/\/cide.ca\/es\/wp-json\/wp\/v2\/pages"}],"about":[{"href":"http:\/\/cide.ca\/es\/wp-json\/wp\/v2\/types\/page"}],"author":[{"embeddable":true,"href":"http:\/\/cide.ca\/es\/wp-json\/wp\/v2\/users\/1"}],"replies":[{"embeddable":true,"href":"http:\/\/cide.ca\/es\/wp-json\/wp\/v2\/comments?post=1021"}],"version-history":[{"count":50,"href":"http:\/\/cide.ca\/es\/wp-json\/wp\/v2\/pages\/1021\/revisions"}],"predecessor-version":[{"id":1193,"href":"http:\/\/cide.ca\/es\/wp-json\/wp\/v2\/pages\/1021\/revisions\/1193"}],"wp:attachment":[{"href":"http:\/\/cide.ca\/es\/wp-json\/wp\/v2\/media?parent=1021"}],"curies":[{"name":"gracias","href":"https:\/\/api.w.org\/{rel}","templated":true}]}}