{"id":703,"date":"2021-08-30T07:49:05","date_gmt":"2021-08-30T07:49:05","guid":{"rendered":"http:\/\/s880809430.onlinehome.us\/?page_id=703"},"modified":"2021-08-30T07:49:05","modified_gmt":"2021-08-30T07:49:05","slug":"gabon","status":"publish","type":"page","link":"http:\/\/cide.ca\/en\/gabon\/","title":{"rendered":"GABON"},"content":{"rendered":"<p><strong>Support mission for managers of vocational training centers and technical education establishments in the development of development projects<\/strong><\/p>\n<p>The project aimed to provide support to technical education and vocational training (ETFP) establishments to promote quality technical and vocational education driven by demand, meeting the quality standards implemented in the framework of a partnership with the private sector and developing TVET potential in growth and job-creating sectors.<\/p>","protected":false},"excerpt":{"rendered":"<p>Mission d&rsquo;appui aux gestionnaires des centres de formation professionnelle et des \u00e9tablissements d&rsquo;enseignement technique dans l&rsquo;\u00e9laboration de projets de d\u00e9veloppement Le projet vise \u00e0 fournir des appuis \u00e0 des \u00e9tablissements de l&rsquo;enseignement technique et de formation professionnelle (ETFP) dans le but de promouvoir un enseignement&#8230;<\/p>","protected":false},"author":1,"featured_media":0,"parent":0,"menu_order":0,"comment_status":"closed","ping_status":"closed","template":"","meta":{"footnotes":""},"class_list":["post-703","page","type-page","status-publish","hentry"],"_links":{"self":[{"href":"http:\/\/cide.ca\/en\/wp-json\/wp\/v2\/pages\/703","targetHints":{"allow":["GET"]}}],"collection":[{"href":"http:\/\/cide.ca\/en\/wp-json\/wp\/v2\/pages"}],"about":[{"href":"http:\/\/cide.ca\/en\/wp-json\/wp\/v2\/types\/page"}],"author":[{"embeddable":true,"href":"http:\/\/cide.ca\/en\/wp-json\/wp\/v2\/users\/1"}],"replies":[{"embeddable":true,"href":"http:\/\/cide.ca\/en\/wp-json\/wp\/v2\/comments?post=703"}],"version-history":[{"count":1,"href":"http:\/\/cide.ca\/en\/wp-json\/wp\/v2\/pages\/703\/revisions"}],"predecessor-version":[{"id":704,"href":"http:\/\/cide.ca\/en\/wp-json\/wp\/v2\/pages\/703\/revisions\/704"}],"wp:attachment":[{"href":"http:\/\/cide.ca\/en\/wp-json\/wp\/v2\/media?parent=703"}],"curies":[{"name":"wp","href":"https:\/\/api.w.org\/{rel}","templated":true}]}}