{"id":536,"date":"2021-08-12T10:07:40","date_gmt":"2021-08-12T10:07:40","guid":{"rendered":"http:\/\/s880809430.onlinehome.us\/?page_id=536"},"modified":"2026-04-21T15:56:27","modified_gmt":"2026-04-21T15:56:27","slug":"employabilite-et-entrepreneuriat","status":"publish","type":"page","link":"http:\/\/cide.ca\/en\/employabilite-et-entrepreneuriat\/","title":{"rendered":"Employability and entrepreneurship"},"content":{"rendered":"<div data-elementor-type=\"wp-page\" data-elementor-id=\"536\" class=\"elementor elementor-536\">\n\t\t\t\t\t\t<section class=\"elementor-section elementor-top-section elementor-element elementor-element-3f93ddd elementor-section-boxed elementor-section-height-default elementor-section-height-default parallax_section_no qode_elementor_container_no\" data-id=\"3f93ddd\" data-element_type=\"section\" data-e-type=\"section\">\n\t\t\t\t\t\t<div class=\"elementor-container elementor-column-gap-default\">\n\t\t\t\t\t<div class=\"elementor-column elementor-col-100 elementor-top-column elementor-element elementor-element-29d7b2f\" data-id=\"29d7b2f\" data-element_type=\"column\" data-e-type=\"column\">\n\t\t\t<div class=\"elementor-widget-wrap elementor-element-populated\">\n\t\t\t\t\t\t<div class=\"elementor-element elementor-element-c45f2d9 elementor-widget elementor-widget-text-editor\" data-id=\"c45f2d9\" data-element_type=\"widget\" data-e-type=\"widget\" data-widget_type=\"text-editor.default\">\n\t\t\t\t<div class=\"elementor-widget-container\">\n\t\t\t\t\t\t\t\t\t<div class=\"cide-domaine-page\">\n\n  <!-- BREADCRUMB -->\n  <div class=\"cide-di-breadcrumb\">\n    <a href=\"\/en\/\">Welcome<\/a>\n    <span>\u2192<\/span>\n    <a href=\"\/en\/domaines-dintervention\/\">Areas of intervention<\/a>\n    <span>\u2192<\/span>\n    Employability and Entrepreneurship\n  <\/div>\n\n  <!-- HERO -->\n  <div class=\"cide-di-hero\">\n    <img decoding=\"async\" src=\"http:\/\/cide.ca\/wp-content\/uploads\/2021\/08\/3.png?w=1400\" alt=\"Employabilit\u00e9 et Entrepreneuriat\" \/>\n    <div class=\"cide-di-hero-overlay\">\n      <div class=\"cide-di-hero-content\">\n        <span class=\"cide-di-hero-tag\">\ud83d\udcbc Area of intervention<\/span>\n        <h1>Employability and<br><span>Entrepreneurship<\/span><\/h1>\n        <div class=\"cide-di-hero-divider\"><\/div>\n        <p class=\"cide-di-hero-desc\">\n          Support in acquiring a better understanding of the dynamics of the job market and implementation of mechanisms to support employability.\n        <\/p>\n      <\/div>\n    <\/div>\n  <\/div>\t\t\t\t\t\t\t\t<\/div>\n\t\t\t\t<\/div>\n\t\t\t\t<div class=\"elementor-element elementor-element-3e8d058 elementor-widget elementor-widget-text-editor\" data-id=\"3e8d058\" data-element_type=\"widget\" data-e-type=\"widget\" data-widget_type=\"text-editor.default\">\n\t\t\t\t<div class=\"elementor-widget-container\">\n\t\t\t\t\t\t\t\t\t<!-- INTRO + STATS -->\n  <div class=\"cide-di-intro\">\n    <div class=\"cide-di-intro-text\">\n      <span class=\"cide-di-section-tag\">Our expertise<\/span>\n      <h2>OUR <span>approach<\/span><\/h2>\n      <div class=\"cide-di-intro-divider\"><\/div>\n      <p>CIDE offers consulting and technical support services to public education institutions responsible for primary through university levels. We also offer support for training institutions through vocational and technical training.<\/p>\n    <\/div>\n    <div class=\"cide-di-intro-stats\">\n      <div class=\"cide-di-intro-stat\">\n        <div class=\"cide-di-intro-stat-number\">200+<\/div>\n        <div class=\"cide-di-intro-stat-label\">Completed projects<\/div>\n      <\/div>\n      <div class=\"cide-di-intro-stat\">\n        <div class=\"cide-di-intro-stat-number\">40<\/div>\n        <div class=\"cide-di-intro-stat-label\">COUNTRIES OF<\/div>\n      <\/div>\n      <div class=\"cide-di-intro-stat\">\n        <div class=\"cide-di-intro-stat-number\">40+<\/div>\n        <div class=\"cide-di-intro-stat-label\">Years of experience<\/div>\n      <\/div>\n      <div class=\"cide-di-intro-stat\">\n        <div class=\"cide-di-intro-stat-number\">45<\/div>\n        <div class=\"cide-di-intro-stat-label\">Experts<\/div>\n      <\/div>\n    <\/div>\n  <\/div>\t\t\t\t\t\t\t\t<\/div>\n\t\t\t\t<\/div>\n\t\t\t\t<div class=\"elementor-element elementor-element-c54e9c5 elementor-widget elementor-widget-text-editor\" data-id=\"c54e9c5\" data-element_type=\"widget\" data-e-type=\"widget\" data-widget_type=\"text-editor.default\">\n\t\t\t\t<div class=\"elementor-widget-container\">\n\t\t\t\t\t\t\t\t\t<!-- NOS SERVICES -->\n  <div class=\"cide-di-services\">\n    <div class=\"cide-di-services-header\">\n      <span class=\"cide-di-section-tag\">What we offer<\/span>\n      <h2>Our <span>services<\/span><\/h2>\n      <div class=\"cide-di-services-divider\"><\/div>\n    <\/div>\n    <div class=\"cide-di-services-grid\">\n\n      <div class=\"cide-di-service-card\">\n        <span class=\"cide-di-service-num\">01<\/span>\n        <div class=\"cide-di-service-title\">Sector studies<\/div>\n      <\/div>\n\n      <div class=\"cide-di-service-card\">\n        <span class=\"cide-di-service-num\">02<\/span>\n        <div class=\"cide-di-service-title\">Labor market studies<\/div>\n      <\/div>\n\n      <div class=\"cide-di-service-card\">\n        <span class=\"cide-di-service-num\">03<\/span>\n        <div class=\"cide-di-service-title\">Industrial surveys<\/div>\n      <\/div>\n\n      <div class=\"cide-di-service-card\">\n        <span class=\"cide-di-service-num\">04<\/span>\n        <div class=\"cide-di-service-title\">Work situation analysis<\/div>\n      <\/div>\n\n      <div class=\"cide-di-service-card\">\n        <span class=\"cide-di-service-num\">05<\/span>\n        <div class=\"cide-di-service-title\">Support for employment services<\/div>\n      <\/div>\n\n      <div class=\"cide-di-service-card\">\n        <span class=\"cide-di-service-num\">06<\/span>\n        <div class=\"cide-di-service-title\">Support for entrepreneurship development<\/div>\n      <\/div>\n\n      <div class=\"cide-di-service-card\">\n        <span class=\"cide-di-service-num\">07<\/span>\n        <div class=\"cide-di-service-title\">Professional orientation<\/div>\n      <\/div>\n\n      <div class=\"cide-di-service-card\">\n        <span class=\"cide-di-service-num\">08<\/span>\n        <div class=\"cide-di-service-title\">Support for intermediation services<\/div>\n      <\/div>\n\n    <\/div>\n  <\/div>\t\t\t\t\t\t\t\t<\/div>\n\t\t\t\t<\/div>\n\t\t\t\t<div class=\"elementor-element elementor-element-17b8e6a elementor-widget elementor-widget-text-editor\" data-id=\"17b8e6a\" data-element_type=\"widget\" data-e-type=\"widget\" data-widget_type=\"text-editor.default\">\n\t\t\t\t<div class=\"elementor-widget-container\">\n\t\t\t\t\t\t\t\t\t<!-- VALEUR AJOUT\u00c9E -->\n  <div class=\"cide-di-approche\">\n    <div class=\"cide-di-approche-inner\">\n      <span class=\"cide-di-section-tag\">Why choose us?<\/span>\n      <h2>OUR <span>added value<\/span><\/h2>\n      <div class=\"cide-di-approche-divider\"><\/div>\n      <div class=\"cide-di-approche-list\">\n\n        <div class=\"cide-di-approche-item\">\n          <div class=\"cide-di-approche-item-icon\">\ud83c\udf0d<\/div>\n          <div class=\"cide-di-approche-item-text\">Internationally recognized expertise in more than 40 countries across Africa, Latin America and the Middle East<\/div>\n        <\/div>\n\n        <div class=\"cide-di-approche-item\">\n          <div class=\"cide-di-approche-item-icon\">\ud83d\udd2c<\/div>\n          <div class=\"cide-di-approche-item-text\">Competency-based approach (CBA) integrated at all levels of vocational and technical training<\/div>\n        <\/div>\n\n        <div class=\"cide-di-approche-item\">\n          <div class=\"cide-di-approche-item-icon\">\ud83d\udcbb<\/div>\n          <div class=\"cide-di-approche-item-text\">Innovative technological solutions to increase impact and ensure the sustainability of results<\/div>\n        <\/div>\n\n        <div class=\"cide-di-approche-item\">\n          <div class=\"cide-di-approche-item-icon\">\ud83e\udd1d<\/div>\n          <div class=\"cide-di-approche-item-text\">Transfer of Canadian and Quebec expertise in training engineering to beneficiary countries<\/div>\n        <\/div>\n\n      <\/div>\n    <\/div>\n  <\/div>\t\t\t\t\t\t\t\t<\/div>\n\t\t\t\t<\/div>\n\t\t\t\t<div class=\"elementor-element elementor-element-45d6e1f elementor-widget elementor-widget-text-editor\" data-id=\"45d6e1f\" data-element_type=\"widget\" data-e-type=\"widget\" data-widget_type=\"text-editor.default\">\n\t\t\t\t<div class=\"elementor-widget-container\">\n\t\t\t\t\t\t\t\t\t<!-- CTA -->\n  <div class=\"cide-di-cta\">\n    <div>\n      <h2>A project in <span>employability<\/span> or entrepreneurship?<\/h2>\n      <p>Contact our team of experts to discuss your needs and discover how CIDE can support you.<\/p>\n    <\/div>\n    <a href=\"\/en\/contactez-nous\/\" class=\"btn-primary\">Contact us<\/a>\n  <\/div>\t\t\t\t\t\t\t\t<\/div>\n\t\t\t\t<\/div>\n\t\t\t\t<div class=\"elementor-element elementor-element-96276cc elementor-widget elementor-widget-text-editor\" data-id=\"96276cc\" data-element_type=\"widget\" data-e-type=\"widget\" data-widget_type=\"text-editor.default\">\n\t\t\t\t<div class=\"elementor-widget-container\">\n\t\t\t\t\t\t\t\t\t<!-- NAVIGATION DOMAINES -->\n  <div class=\"cide-di-nav\">\n    <span class=\"cide-di-nav-label\">Other areas:<\/span>\n    <a href=\"\/en\/education-et-formation-professionnelle\/\" class=\"cide-di-nav-btn\">\ud83c\udf93 Education<\/a>\n    <a href=\"\/en\/appui-aux-organisations\/\" class=\"cide-di-nav-btn\">\ud83c\udfdb\ufe0f Organizations<\/a>\n    <a href=\"\/en\/employabilite-et-entrepreneuriat\/\" class=\"cide-di-nav-btn active\">\ud83d\udcbc Employability<\/a>\n\t<a href=\"\/en\/approvisionnement-technique-et-gestion-de-projets\/\" class=\"cide-di-nav-btn\">\u2699\ufe0f Supply<\/a>\n  <\/div>\t\t\t\t\t\t\t\t<\/div>\n\t\t\t\t<\/div>\n\t\t\t\t\t<\/div>\n\t\t<\/div>\n\t\t\t\t\t<\/div>\n\t\t<\/section>\n\t\t\t\t<\/div>","protected":false},"excerpt":{"rendered":"<p>Accueil \u2192 Domaines d&rsquo;intervention \u2192 Employabilit\u00e9 et Entrepreneuriat \ud83d\udcbc Domaine d&rsquo;intervention Employabilit\u00e9 etEntrepreneuriat Accompagnement dans l&rsquo;acquisition d&rsquo;une meilleure connaissance des dynamiques du march\u00e9 de l&#8217;emploi et mise en place de m\u00e9canismes de soutien \u00e0 l&#8217;employabilit\u00e9. Notre expertise Notre approche Le CIDE offre des services de&#8230;<\/p>","protected":false},"author":1,"featured_media":0,"parent":0,"menu_order":0,"comment_status":"closed","ping_status":"closed","template":"","meta":{"footnotes":""},"class_list":["post-536","page","type-page","status-publish","hentry"],"_links":{"self":[{"href":"http:\/\/cide.ca\/en\/wp-json\/wp\/v2\/pages\/536","targetHints":{"allow":["GET"]}}],"collection":[{"href":"http:\/\/cide.ca\/en\/wp-json\/wp\/v2\/pages"}],"about":[{"href":"http:\/\/cide.ca\/en\/wp-json\/wp\/v2\/types\/page"}],"author":[{"embeddable":true,"href":"http:\/\/cide.ca\/en\/wp-json\/wp\/v2\/users\/1"}],"replies":[{"embeddable":true,"href":"http:\/\/cide.ca\/en\/wp-json\/wp\/v2\/comments?post=536"}],"version-history":[{"count":13,"href":"http:\/\/cide.ca\/en\/wp-json\/wp\/v2\/pages\/536\/revisions"}],"predecessor-version":[{"id":1162,"href":"http:\/\/cide.ca\/en\/wp-json\/wp\/v2\/pages\/536\/revisions\/1162"}],"wp:attachment":[{"href":"http:\/\/cide.ca\/en\/wp-json\/wp\/v2\/media?parent=536"}],"curies":[{"name":"wp","href":"https:\/\/api.w.org\/{rel}","templated":true}]}}