{"id":402,"date":"2021-08-11T21:21:31","date_gmt":"2021-08-11T21:21:31","guid":{"rendered":"http:\/\/s880809430.onlinehome.us\/?page_id=402"},"modified":"2026-04-21T17:40:40","modified_gmt":"2026-04-21T17:40:40","slug":"projets","status":"publish","type":"page","link":"http:\/\/cide.ca\/en\/projets\/","title":{"rendered":"Projects"},"content":{"rendered":"<div data-elementor-type=\"wp-page\" data-elementor-id=\"402\" class=\"elementor elementor-402\">\n\t\t\t\t\t\t<section class=\"elementor-section elementor-top-section elementor-element elementor-element-d9f357f elementor-section-boxed elementor-section-height-default elementor-section-height-default parallax_section_no qode_elementor_container_no\" data-id=\"d9f357f\" data-element_type=\"section\" data-e-type=\"section\">\n\t\t\t\t\t\t<div class=\"elementor-container elementor-column-gap-default\">\n\t\t\t\t\t<div class=\"elementor-column elementor-col-100 elementor-top-column elementor-element elementor-element-d5ada9f\" data-id=\"d5ada9f\" data-element_type=\"column\" data-e-type=\"column\">\n\t\t\t<div class=\"elementor-widget-wrap elementor-element-populated\">\n\t\t\t\t\t\t<div class=\"elementor-element elementor-element-7114524 elementor-widget elementor-widget-text-editor\" data-id=\"7114524\" data-element_type=\"widget\" data-e-type=\"widget\" data-widget_type=\"text-editor.default\">\n\t\t\t\t<div class=\"elementor-widget-container\">\n\t\t\t\t\t\t\t\t\t<div class=\"cide-projets-page\">\n\n  <!-- HERO -->\n  <div class=\"cide-proj-hero\">\n    <span class=\"cide-proj-hero-tag\">\ud83c\udf0d Our global presence<\/span>\n    <h1>Our <span>Projects<\/span><\/h1>\n    <div class=\"cide-proj-hero-divider\"><\/div>\n    <p>For more than 40 years, CIDE has been working in more than 40 countries across Africa, Latin America, the Middle East and Asia to support governments and institutions in their development projects.<\/p>\n  <\/div>\n<\/div>\t\t\t\t\t\t\t\t<\/div>\n\t\t\t\t<\/div>\n\t\t\t\t<div class=\"elementor-element elementor-element-f88535c elementor-widget elementor-widget-text-editor\" data-id=\"f88535c\" data-element_type=\"widget\" data-e-type=\"widget\" data-widget_type=\"text-editor.default\">\n\t\t\t\t<div class=\"elementor-widget-container\">\n\t\t\t\t\t\t\t\t\t<!-- STATS BAR -->\n  <div class=\"cide-proj-stats\">\n    <div class=\"cide-proj-stat\">\n      <div class=\"cide-proj-stat-number\">200+<\/div>\n      <div class=\"cide-proj-stat-label\">Completed projects<\/div>\n    <\/div>\n    <div class=\"cide-proj-stat\">\n      <div class=\"cide-proj-stat-number\">40+<\/div>\n      <div class=\"cide-proj-stat-label\">Country of intervention<\/div>\n    <\/div>\n    <div class=\"cide-proj-stat\">\n      <div class=\"cide-proj-stat-number\">3<\/div>\n      <div class=\"cide-proj-stat-label\">Regional offices<\/div>\n    <\/div>\n    <div class=\"cide-proj-stat\">\n      <div class=\"cide-proj-stat-number\">40+<\/div>\n      <div class=\"cide-proj-stat-label\">Years of experience<\/div>\n    <\/div>\n  <\/div>\t\t\t\t\t\t\t\t<\/div>\n\t\t\t\t<\/div>\n\t\t\t\t\t<\/div>\n\t\t<\/div>\n\t\t\t\t\t<\/div>\n\t\t<\/section>\n\t\t\t\t<section class=\"elementor-section elementor-top-section elementor-element elementor-element-2364b6ad elementor-section-boxed elementor-section-height-default elementor-section-height-default parallax_section_no qode_elementor_container_no\" data-id=\"2364b6ad\" data-element_type=\"section\" data-e-type=\"section\">\n\t\t\t\t\t\t<div class=\"elementor-container elementor-column-gap-default\">\n\t\t\t\t\t<div class=\"elementor-column elementor-col-100 elementor-top-column elementor-element elementor-element-23c0ed46\" data-id=\"23c0ed46\" data-element_type=\"column\" data-e-type=\"column\">\n\t\t\t<div class=\"elementor-widget-wrap elementor-element-populated\">\n\t\t\t\t\t\t<div class=\"elementor-element elementor-element-6bfc1ef elementor-widget elementor-widget-text-editor\" data-id=\"6bfc1ef\" data-element_type=\"widget\" data-e-type=\"widget\" data-widget_type=\"text-editor.default\">\n\t\t\t\t<div class=\"elementor-widget-container\">\n\t\t\t\t\t\t\t\t\t<!-- CARTE -->\n  <div class=\"cide-proj-map-section\">\n    <div class=\"cide-proj-map-header\">\n      <span class=\"cide-proj-section-tag\">Interactive map<\/span>\n      <h2>Our areas of\u2019<span>intervention<\/span><\/h2>\n      <div class=\"cide-proj-map-divider\"><\/div>\n    <\/div>\n  <\/div>\t\t\t\t\t\t\t\t<\/div>\n\t\t\t\t<\/div>\n\t\t\t\t<div class=\"elementor-element elementor-element-7bb5a470 elementor-widget elementor-widget-shortcode\" data-id=\"7bb5a470\" data-element_type=\"widget\" data-e-type=\"widget\" data-widget_type=\"shortcode.default\">\n\t\t\t\t<div class=\"elementor-widget-container\">\n\t\t\t\t\t\t\t<div class=\"elementor-shortcode\"><div id=\"unique_iwm_0\"><div class='iwm_map_canvas'><div id='map_canvas_1' data-map-id='1'  class='i_world_map'><div class='iwm_placeholder'><img width='32px' alt='Projets Placeholder' title='Projects' src='http:\/\/cide.ca\/wp-content\/plugins\/interactive-world-maps\/imgs\/placeholder.png'><br>Projects<\/div><\/div><\/div><div id='imap1message' style='display:none;'>\n\t\t\t\t<div id=\"map_1_message_AF\" style=\"display:block;\">#<\/div><div id=\"map_1_message_AX\" style=\"display:block;\">#<\/div><div id=\"map_1_message_AL\" style=\"display:block;\">#<\/div><div id=\"map_1_message_AS\" style=\"display:block;\">#<\/div><div id=\"map_1_message_AD\" style=\"display:block;\">#<\/div><div id=\"map_1_message_AO\" style=\"display:block;\">#<\/div><div id=\"map_1_message_AI\" style=\"display:block;\">#<\/div><div id=\"map_1_message_AQ\" style=\"display:block;\">#<\/div><div id=\"map_1_message_AG\" style=\"display:block;\">#<\/div><div id=\"map_1_message_AR\" style=\"display:block;\">http:\/\/cide.ca\/argentine\/<\/div><div id=\"map_1_message_AM\" style=\"display:block;\">#<\/div><div id=\"map_1_message_AW\" style=\"display:block;\">#<\/div><div id=\"map_1_message_AU\" style=\"display:block;\">#<\/div><div id=\"map_1_message_AT\" style=\"display:block;\">#<\/div><div id=\"map_1_message_AZ\" style=\"display:block;\">http:\/\/s880809430.onlinehome.us\/azerbaidjan\/<\/div><div id=\"map_1_message_BS\" style=\"display:block;\">#<\/div><div id=\"map_1_message_BH\" style=\"display:block;\">#<\/div><div id=\"map_1_message_BD\" style=\"display:block;\">#<\/div><div id=\"map_1_message_BB\" style=\"display:block;\">#<\/div><div id=\"map_1_message_BY\" style=\"display:block;\">#<\/div><div id=\"map_1_message_BE\" style=\"display:block;\">#<\/div><div id=\"map_1_message_BZ\" style=\"display:block;\">#<\/div><div id=\"map_1_message_BJ\" style=\"display:block;\">http:\/\/s880809430.onlinehome.us\/benin\/<\/div><div id=\"map_1_message_BM\" style=\"display:block;\">#<\/div><div id=\"map_1_message_BT\" style=\"display:block;\">#<\/div><div id=\"map_1_message_BO\" style=\"display:block;\">#<\/div><div id=\"map_1_message_BQ\" style=\"display:block;\">#<\/div><div id=\"map_1_message_BA\" style=\"display:block;\">#<\/div><div id=\"map_1_message_BW\" style=\"display:block;\">http:\/\/cide.ca\/botswana\/<\/div><div id=\"map_1_message_BV\" style=\"display:block;\">#<\/div><div id=\"map_1_message_BR\" style=\"display:block;\">http:\/\/s880809430.onlinehome.us\/bresil\/<\/div><div id=\"map_1_message_IO\" style=\"display:block;\">#<\/div><div id=\"map_1_message_BN\" style=\"display:block;\">#<\/div><div id=\"map_1_message_BG\" style=\"display:block;\">#<\/div><div id=\"map_1_message_BF\" style=\"display:block;\">#<\/div><div id=\"map_1_message_BI\" style=\"display:block;\">#<\/div><div id=\"map_1_message_CV\" style=\"display:block;\">#<\/div><div id=\"map_1_message_KH\" style=\"display:block;\">#<\/div><div id=\"map_1_message_CM\" style=\"display:block;\">http:\/\/s880809430.onlinehome.us\/cameroun\/<\/div><div id=\"map_1_message_CA\" style=\"display:block;\">#<\/div><div id=\"map_1_message_KY\" style=\"display:block;\">#<\/div><div id=\"map_1_message_CF\" style=\"display:block;\">http:\/\/s880809430.onlinehome.us\/centrafrique\/<\/div><div id=\"map_1_message_TD\" style=\"display:block;\">http:\/\/s880809430.onlinehome.us\/tchad\/<\/div><div id=\"map_1_message_CL\" style=\"display:block;\">http:\/\/s880809430.onlinehome.us\/chili\/<\/div><div id=\"map_1_message_CN\" style=\"display:block;\">#<\/div><div id=\"map_1_message_CX\" style=\"display:block;\">#<\/div><div id=\"map_1_message_CC\" style=\"display:block;\">#<\/div><div id=\"map_1_message_CO\" style=\"display:block;\">http:\/\/s880809430.onlinehome.us\/colombie\/<\/div><div id=\"map_1_message_KM\" style=\"display:block;\">#<\/div><div id=\"map_1_message_CG\" style=\"display:block;\">http:\/\/s880809430.onlinehome.us\/congo\/<\/div><div id=\"map_1_message_CD\" style=\"display:block;\">http:\/\/s880809430.onlinehome.us\/republique-democratique-du-congo\/<\/div><div id=\"map_1_message_CK\" style=\"display:block;\">#<\/div><div id=\"map_1_message_CR\" style=\"display:block;\">#<\/div><div id=\"map_1_message_CI\" style=\"display:block;\">http:\/\/s880809430.onlinehome.us\/cote-divoire\/<\/div><div id=\"map_1_message_HR\" style=\"display:block;\">#<\/div><div id=\"map_1_message_CU\" style=\"display:block;\">#<\/div><div id=\"map_1_message_CW\" style=\"display:block;\">#<\/div><div id=\"map_1_message_CY\" style=\"display:block;\">#<\/div><div id=\"map_1_message_CZ\" style=\"display:block;\">#<\/div><div id=\"map_1_message_DK\" style=\"display:block;\">#<\/div><div id=\"map_1_message_DJ\" style=\"display:block;\">#<\/div><div id=\"map_1_message_DM\" style=\"display:block;\">#<\/div><div id=\"map_1_message_DO\" style=\"display:block;\">http:\/\/cide.ca\/republique-dominicaine\/<\/div><div id=\"map_1_message_EC\" style=\"display:block;\">#<\/div><div id=\"map_1_message_EG\" style=\"display:block;\">http:\/\/s880809430.onlinehome.us\/egypte\/<\/div><div id=\"map_1_message_SV\" style=\"display:block;\">#<\/div><div id=\"map_1_message_GQ\" style=\"display:block;\">http:\/\/cide.ca\/guinee-equatoriale-2\/<\/div><div id=\"map_1_message_ER\" style=\"display:block;\">#<\/div><div id=\"map_1_message_EE\" style=\"display:block;\">#<\/div><div id=\"map_1_message_ET\" style=\"display:block;\">#<\/div><div id=\"map_1_message_FK\" style=\"display:block;\">#<\/div><div id=\"map_1_message_FO\" style=\"display:block;\">#<\/div><div id=\"map_1_message_FJ\" style=\"display:block;\">#<\/div><div id=\"map_1_message_FI\" style=\"display:block;\">#<\/div><div id=\"map_1_message_FR\" style=\"display:block;\">#<\/div><div id=\"map_1_message_GF\" style=\"display:block;\">#<\/div><div id=\"map_1_message_PF\" style=\"display:block;\">#<\/div><div id=\"map_1_message_TF\" style=\"display:block;\">#<\/div><div id=\"map_1_message_GA\" style=\"display:block;\">http:\/\/s880809430.onlinehome.us\/gabon\/<\/div><div id=\"map_1_message_GM\" style=\"display:block;\">#<\/div><div id=\"map_1_message_GE\" style=\"display:block;\">#<\/div><div id=\"map_1_message_DE\" style=\"display:block;\">#<\/div><div id=\"map_1_message_GH\" style=\"display:block;\">http:\/\/s880809430.onlinehome.us\/ghana\/<\/div><div id=\"map_1_message_GI\" style=\"display:block;\">#<\/div><div id=\"map_1_message_GR\" style=\"display:block;\">#<\/div><div id=\"map_1_message_GL\" style=\"display:block;\">#<\/div><div id=\"map_1_message_GD\" style=\"display:block;\">#<\/div><div id=\"map_1_message_GP\" style=\"display:block;\">#<\/div><div id=\"map_1_message_GU\" style=\"display:block;\">#<\/div><div id=\"map_1_message_GT\" style=\"display:block;\">#<\/div><div id=\"map_1_message_GG\" style=\"display:block;\">#<\/div><div id=\"map_1_message_GN\" style=\"display:block;\">http:\/\/s880809430.onlinehome.us\/guinee\/<\/div><div id=\"map_1_message_GW\" style=\"display:block;\"><\/div><div id=\"map_1_message_GY\" style=\"display:block;\">#<\/div><div id=\"map_1_message_HT\" style=\"display:block;\">http:\/\/s880809430.onlinehome.us\/haiti\/<\/div><div id=\"map_1_message_HM\" style=\"display:block;\">#<\/div><div id=\"map_1_message_VA\" style=\"display:block;\">#<\/div><div id=\"map_1_message_HN\" style=\"display:block;\">http:\/\/s880809430.onlinehome.us\/honduras\/<\/div><div id=\"map_1_message_HK\" style=\"display:block;\">#<\/div><div id=\"map_1_message_HU\" style=\"display:block;\">#<\/div><div id=\"map_1_message_IS\" style=\"display:block;\">#<\/div><div id=\"map_1_message_IN\" style=\"display:block;\">#<\/div><div id=\"map_1_message_ID\" style=\"display:block;\">#<\/div><div id=\"map_1_message_IR\" style=\"display:block;\">http:\/\/s880809430.onlinehome.us\/republique-islamique-diran\/<\/div><div id=\"map_1_message_IQ\" style=\"display:block;\">http:\/\/s880809430.onlinehome.us\/irak\/<\/div><div id=\"map_1_message_IE\" style=\"display:block;\">#<\/div><div id=\"map_1_message_IM\" style=\"display:block;\">#<\/div><div id=\"map_1_message_IL\" style=\"display:block;\">#<\/div><div id=\"map_1_message_IT\" style=\"display:block;\">#<\/div><div id=\"map_1_message_JM\" style=\"display:block;\">#<\/div><div id=\"map_1_message_JP\" style=\"display:block;\">#<\/div><div id=\"map_1_message_JE\" style=\"display:block;\">#<\/div><div id=\"map_1_message_JO\" style=\"display:block;\">http:\/\/s880809430.onlinehome.us\/jordanie\/<\/div><div id=\"map_1_message_KZ\" style=\"display:block;\">#<\/div><div id=\"map_1_message_KE\" style=\"display:block;\">#<\/div><div id=\"map_1_message_KI\" style=\"display:block;\">#<\/div><div id=\"map_1_message_KP\" style=\"display:block;\">#<\/div><div id=\"map_1_message_KR\" style=\"display:block;\">#<\/div><div id=\"map_1_message_KW\" style=\"display:block;\">#<\/div><div id=\"map_1_message_KG\" style=\"display:block;\">#<\/div><div id=\"map_1_message_LA\" style=\"display:block;\">#<\/div><div id=\"map_1_message_LV\" style=\"display:block;\">#<\/div><div id=\"map_1_message_LB\" style=\"display:block;\">http:\/\/s880809430.onlinehome.us\/liban\/<\/div><div id=\"map_1_message_LS\" style=\"display:block;\">#<\/div><div id=\"map_1_message_LR\" style=\"display:block;\">#<\/div><div id=\"map_1_message_LY\" style=\"display:block;\">http:\/\/cide.ca\/libye\/<\/div><div id=\"map_1_message_LI\" style=\"display:block;\">#<\/div><div id=\"map_1_message_LT\" style=\"display:block;\">#<\/div><div id=\"map_1_message_LU\" style=\"display:block;\">#<\/div><div id=\"map_1_message_MO\" style=\"display:block;\">#<\/div><div id=\"map_1_message_MK\" style=\"display:block;\">#<\/div><div id=\"map_1_message_MG\" style=\"display:block;\">http:\/\/s880809430.onlinehome.us\/madagascar\/<\/div><div id=\"map_1_message_MW\" style=\"display:block;\">#<\/div><div id=\"map_1_message_MY\" style=\"display:block;\">http:\/\/s880809430.onlinehome.us\/malaisie\/<\/div><div id=\"map_1_message_MV\" style=\"display:block;\">#<\/div><div id=\"map_1_message_ML\" style=\"display:block;\">http:\/\/s880809430.onlinehome.us\/mali\/<\/div><div id=\"map_1_message_MT\" style=\"display:block;\">#<\/div><div id=\"map_1_message_MH\" style=\"display:block;\">#<\/div><div id=\"map_1_message_MQ\" style=\"display:block;\">#<\/div><div id=\"map_1_message_MR\" style=\"display:block;\">http:\/\/s880809430.onlinehome.us\/mauritanie\/<\/div><div id=\"map_1_message_MU\" style=\"display:block;\">#<\/div><div id=\"map_1_message_YT\" style=\"display:block;\">#<\/div><div id=\"map_1_message_MX\" style=\"display:block;\">http:\/\/s880809430.onlinehome.us\/mexique<\/div><div id=\"map_1_message_FM\" style=\"display:block;\">#<\/div><div id=\"map_1_message_MD\" style=\"display:block;\">#<\/div><div id=\"map_1_message_MC\" style=\"display:block;\">#<\/div><div id=\"map_1_message_MN\" style=\"display:block;\">#<\/div><div id=\"map_1_message_ME\" style=\"display:block;\">#<\/div><div id=\"map_1_message_MS\" style=\"display:block;\">#<\/div><div id=\"map_1_message_MA\" style=\"display:block;\">http:\/\/cide.ca\/maroc\/<\/div><div id=\"map_1_message_MZ\" style=\"display:block;\">#<\/div><div id=\"map_1_message_MM\" style=\"display:block;\">#<\/div><div id=\"map_1_message_NA\" style=\"display:block;\">http:\/\/s880809430.onlinehome.us\/namibie\/<\/div><div id=\"map_1_message_NR\" style=\"display:block;\">#<\/div><div id=\"map_1_message_NP\" style=\"display:block;\">#<\/div><div id=\"map_1_message_NL\" style=\"display:block;\">#<\/div><div id=\"map_1_message_NC\" style=\"display:block;\">#<\/div><div id=\"map_1_message_NZ\" style=\"display:block;\">#<\/div><div id=\"map_1_message_NI\" style=\"display:block;\">http:\/\/cide.ca\/nicaragua\/<\/div><div id=\"map_1_message_NE\" style=\"display:block;\">http:\/\/s880809430.onlinehome.us\/niger\/<\/div><div id=\"map_1_message_NG\" style=\"display:block;\">#<\/div><div id=\"map_1_message_NU\" style=\"display:block;\">#<\/div><div id=\"map_1_message_NF\" style=\"display:block;\">#<\/div><div id=\"map_1_message_MP\" style=\"display:block;\">#<\/div><div id=\"map_1_message_NO\" style=\"display:block;\">#<\/div><div id=\"map_1_message_OM\" style=\"display:block;\">#<\/div><div id=\"map_1_message_PK\" style=\"display:block;\">#<\/div><div id=\"map_1_message_PW\" style=\"display:block;\">#<\/div><div id=\"map_1_message_PS\" style=\"display:block;\">#<\/div><div id=\"map_1_message_PA\" style=\"display:block;\">http:\/\/s880809430.onlinehome.us\/panama\/<\/div><div id=\"map_1_message_PG\" style=\"display:block;\">#<\/div><div id=\"map_1_message_PY\" style=\"display:block;\">http:\/\/s880809430.onlinehome.us\/paraguay\/<\/div><div id=\"map_1_message_PE\" style=\"display:block;\">#<\/div><div id=\"map_1_message_PH\" style=\"display:block;\">#<\/div><div id=\"map_1_message_PN\" style=\"display:block;\">#<\/div><div id=\"map_1_message_PL\" style=\"display:block;\">#<\/div><div id=\"map_1_message_PT\" style=\"display:block;\">#<\/div><div id=\"map_1_message_PR\" style=\"display:block;\">#<\/div><div id=\"map_1_message_QA\" style=\"display:block;\">#<\/div><div id=\"map_1_message_RE\" style=\"display:block;\">#<\/div><div id=\"map_1_message_RO\" style=\"display:block;\">http:\/\/s880809430.onlinehome.us\/roumanie\/<\/div><div id=\"map_1_message_RU\" style=\"display:block;\">#<\/div><div id=\"map_1_message_RW\" style=\"display:block;\">http:\/\/s880809430.onlinehome.us\/rwanda\/<\/div><div id=\"map_1_message_BL\" style=\"display:block;\">#<\/div><div id=\"map_1_message_SH\" style=\"display:block;\">#<\/div><div id=\"map_1_message_KN\" style=\"display:block;\">#<\/div><div id=\"map_1_message_LC\" style=\"display:block;\">#<\/div><div id=\"map_1_message_MF\" style=\"display:block;\">#<\/div><div id=\"map_1_message_PM\" style=\"display:block;\">#<\/div><div id=\"map_1_message_VC\" style=\"display:block;\">#<\/div><div id=\"map_1_message_WS\" style=\"display:block;\">#<\/div><div id=\"map_1_message_SM\" style=\"display:block;\">#<\/div><div id=\"map_1_message_ST\" style=\"display:block;\">#<\/div><div id=\"map_1_message_SA\" style=\"display:block;\">#<\/div><div id=\"map_1_message_SN\" style=\"display:block;\">http:\/\/s880809430.onlinehome.us\/senegal\/<\/div><div id=\"map_1_message_RS\" style=\"display:block;\">#<\/div><div id=\"map_1_message_SC\" style=\"display:block;\">#<\/div><div id=\"map_1_message_SL\" style=\"display:block;\">#<\/div><div id=\"map_1_message_SG\" style=\"display:block;\">#<\/div><div id=\"map_1_message_SX\" style=\"display:block;\">#<\/div><div id=\"map_1_message_SK\" style=\"display:block;\">#<\/div><div id=\"map_1_message_SI\" style=\"display:block;\">#<\/div><div id=\"map_1_message_SB\" style=\"display:block;\">#<\/div><div id=\"map_1_message_SO\" style=\"display:block;\">#<\/div><div id=\"map_1_message_ZA\" style=\"display:block;\">#<\/div><div id=\"map_1_message_GS\" style=\"display:block;\">#<\/div><div id=\"map_1_message_SS\" style=\"display:block;\">#<\/div><div id=\"map_1_message_ES\" style=\"display:block;\">#<\/div><div id=\"map_1_message_LK\" style=\"display:block;\">#<\/div><div id=\"map_1_message_SD\" style=\"display:block;\">http:\/\/cide.ca\/soudan\/<\/div><div id=\"map_1_message_SR\" style=\"display:block;\">#<\/div><div id=\"map_1_message_SJ\" style=\"display:block;\">#<\/div><div id=\"map_1_message_SZ\" style=\"display:block;\">#<\/div><div id=\"map_1_message_SE\" style=\"display:block;\">#<\/div><div id=\"map_1_message_CH\" style=\"display:block;\">#<\/div><div id=\"map_1_message_SY\" style=\"display:block;\">#<\/div><div id=\"map_1_message_TW\" style=\"display:block;\">#<\/div><div id=\"map_1_message_TJ\" style=\"display:block;\">#<\/div><div id=\"map_1_message_TZ\" style=\"display:block;\">http:\/\/cide.ca\/tanzanie\/<\/div><div id=\"map_1_message_TH\" style=\"display:block;\">#<\/div><div id=\"map_1_message_TL\" style=\"display:block;\">#<\/div><div id=\"map_1_message_TG\" style=\"display:block;\">http:\/\/cide.ca\/togo\/<\/div><div id=\"map_1_message_TK\" style=\"display:block;\">#<\/div><div id=\"map_1_message_TO\" style=\"display:block;\">#<\/div><div id=\"map_1_message_TT\" style=\"display:block;\">#<\/div><div id=\"map_1_message_TN\" style=\"display:block;\">http:\/\/cide.ca\/tunisie\/<\/div><div id=\"map_1_message_TR\" style=\"display:block;\">#<\/div><div id=\"map_1_message_TM\" style=\"display:block;\">#<\/div><div id=\"map_1_message_TC\" style=\"display:block;\">#<\/div><div id=\"map_1_message_TV\" style=\"display:block;\">#<\/div><div id=\"map_1_message_UG\" style=\"display:block;\">http:\/\/cide.ca\/ouganda\/<\/div><div id=\"map_1_message_UA\" style=\"display:block;\">http:\/\/s880809430.onlinehome.us\/ukraine\/<\/div><div id=\"map_1_message_AE\" style=\"display:block;\">#<\/div><div id=\"map_1_message_GB\" style=\"display:block;\">#<\/div><div id=\"map_1_message_UM\" style=\"display:block;\">#<\/div><div id=\"map_1_message_US\" style=\"display:block;\">#<\/div><div id=\"map_1_message_UY\" style=\"display:block;\">#<\/div><div id=\"map_1_message_UZ\" style=\"display:block;\">#<\/div><div id=\"map_1_message_VU\" style=\"display:block;\">#<\/div><div id=\"map_1_message_VE\" style=\"display:block;\">#<\/div><div id=\"map_1_message_VN\" style=\"display:block;\">#<\/div><div id=\"map_1_message_VG\" style=\"display:block;\">#<\/div><div id=\"map_1_message_VI\" style=\"display:block;\">#<\/div><div id=\"map_1_message_WF\" style=\"display:block;\">#<\/div><div id=\"map_1_message_\" style=\"display:block;\">http:\/\/cide.ca\/maroc\/<\/div><div id=\"map_1_message_YE\" style=\"display:block;\">#<\/div><div id=\"map_1_message_ZM\" style=\"display:block;\">#<\/div><div id=\"map_1_message_ZW\" style=\"display:block;\">#<\/div><div id=\"map_1_message_DZ\" style=\"display:block;\">http:\/\/s880809430.onlinehome.us\/algerie\/<\/div>\n\t\t\t\t<\/div><\/div><\/div>\n\t\t\t\t\t\t<\/div>\n\t\t\t\t<\/div>\n\t\t\t\t\t<\/div>\n\t\t<\/div>\n\t\t\t\t\t<\/div>\n\t\t<\/section>\n\t\t\t\t<section class=\"elementor-section elementor-top-section elementor-element elementor-element-ae07f4e elementor-section-boxed elementor-section-height-default elementor-section-height-default parallax_section_no qode_elementor_container_no\" data-id=\"ae07f4e\" data-element_type=\"section\" data-e-type=\"section\">\n\t\t\t\t\t\t<div class=\"elementor-container elementor-column-gap-default\">\n\t\t\t\t\t<div class=\"elementor-column elementor-col-100 elementor-top-column elementor-element elementor-element-f6a5a42\" data-id=\"f6a5a42\" data-element_type=\"column\" data-e-type=\"column\">\n\t\t\t<div class=\"elementor-widget-wrap elementor-element-populated\">\n\t\t\t\t\t\t<div class=\"elementor-element elementor-element-150cd6c elementor-widget elementor-widget-text-editor\" data-id=\"150cd6c\" data-element_type=\"widget\" data-e-type=\"widget\" data-widget_type=\"text-editor.default\">\n\t\t\t\t<div class=\"elementor-widget-container\">\n\t\t\t\t\t\t\t\t\t<!-- BUREAUX R\u00c9GIONAUX \u2014 MIS EN VALEUR -->\n  <div class=\"cide-proj-bureaux-section\">\n    <div class=\"cide-proj-bureaux-inner\">\n      <div class=\"cide-proj-bureaux-header\">\n        <span class=\"cide-proj-section-tag\">Regional presence<\/span>\n        <h2>Our <span>offices<\/span> in the world<\/h2>\n        <div class=\"cide-proj-bureaux-divider\"><\/div>\n      <\/div>\n\n      <div class=\"cide-proj-bureaux-grid\">\n\n        <!-- MAROC -->\n        <div class=\"cide-proj-bureau-card\">\n          <span class=\"cide-proj-bureau-flag\">\ud83c\uddf2\ud83c\udde6<\/span>\n          <div class=\"cide-proj-bureau-city\">Mohammedia<\/div>\n          <div class=\"cide-proj-bureau-country\">Morocco \u2014 North Africa<\/div>\n          <div class=\"cide-proj-bureau-divider\"><\/div>\n          <a href=\"\/en\/contactez-nous\/\" class=\"cide-proj-bureau-link\">Contact this office \u2192<\/a>\n        <\/div>\n\n        <!-- TUNISIE -->\n        <div class=\"cide-proj-bureau-card\">\n          <span class=\"cide-proj-bureau-flag\">\ud83c\uddf9\ud83c\uddf3<\/span>\n          <div class=\"cide-proj-bureau-city\">Tunis<\/div>\n          <div class=\"cide-proj-bureau-country\">Tunisia \u2014 North Africa<\/div>\n          <div class=\"cide-proj-bureau-divider\"><\/div>\n          <a href=\"\/en\/contactez-nous\/\" class=\"cide-proj-bureau-link\">Contact this office \u2192<\/a>\n        <\/div>\n\n        <!-- EL SALVADOR -->\n        <div class=\"cide-proj-bureau-card\">\n          <span class=\"cide-proj-bureau-flag\">\ud83c\uddf8\ud83c\uddfb<\/span>\n          <div class=\"cide-proj-bureau-city\">San Salvador<\/div>\n          <div class=\"cide-proj-bureau-country\">El Salvador \u2014 America<\/div>\n          <div class=\"cide-proj-bureau-divider\"><\/div>\n          <a href=\"\/en\/contactez-nous\/\" class=\"cide-proj-bureau-link\">Contact this office \u2192<\/a>\n        <\/div>\n\n      <\/div>\n    <\/div>\n  <\/div>\t\t\t\t\t\t\t\t<\/div>\n\t\t\t\t<\/div>\n\t\t\t\t<div class=\"elementor-element elementor-element-e22a0c7 elementor-widget elementor-widget-text-editor\" data-id=\"e22a0c7\" data-element_type=\"widget\" data-e-type=\"widget\" data-widget_type=\"text-editor.default\">\n\t\t\t\t<div class=\"elementor-widget-container\">\n\t\t\t\t\t\t\t\t\t<!-- CTA -->\n  <div class=\"cide-proj-cta\">\n    <div>\n      <h2>A project in your <span>country<\/span> ?<\/h2>\n      <p>Contact one of our regional offices or our head office in Montreal to discuss your development project.<\/p>\n    <\/div>\n    <a href=\"\/en\/contactez-nous\/\" class=\"btn-primary\">Contact us<\/a>\n  <\/div>\t\t\t\t\t\t\t\t<\/div>\n\t\t\t\t<\/div>\n\t\t\t\t\t<\/div>\n\t\t<\/div>\n\t\t\t\t\t<\/div>\n\t\t<\/section>\n\t\t\t\t<\/div>","protected":false},"excerpt":{"rendered":"<p>\ud83c\udf0d Notre pr\u00e9sence mondiale Nos Projets Depuis plus de 40 ans, le CIDE intervient dans plus de 40 pays \u00e0 travers l&rsquo;Afrique, l&rsquo;Am\u00e9rique latine, le Moyen-Orient et l&rsquo;Asie pour accompagner les gouvernements et institutions dans leurs projets de d\u00e9veloppement. 200+ Projets r\u00e9alis\u00e9s 40+ Pays d&rsquo;intervention&#8230;<\/p>","protected":false},"author":1,"featured_media":0,"parent":0,"menu_order":0,"comment_status":"closed","ping_status":"closed","template":"full_width.php","meta":{"footnotes":""},"class_list":["post-402","page","type-page","status-publish","hentry"],"_links":{"self":[{"href":"http:\/\/cide.ca\/en\/wp-json\/wp\/v2\/pages\/402","targetHints":{"allow":["GET"]}}],"collection":[{"href":"http:\/\/cide.ca\/en\/wp-json\/wp\/v2\/pages"}],"about":[{"href":"http:\/\/cide.ca\/en\/wp-json\/wp\/v2\/types\/page"}],"author":[{"embeddable":true,"href":"http:\/\/cide.ca\/en\/wp-json\/wp\/v2\/users\/1"}],"replies":[{"embeddable":true,"href":"http:\/\/cide.ca\/en\/wp-json\/wp\/v2\/comments?post=402"}],"version-history":[{"count":11,"href":"http:\/\/cide.ca\/en\/wp-json\/wp\/v2\/pages\/402\/revisions"}],"predecessor-version":[{"id":1203,"href":"http:\/\/cide.ca\/en\/wp-json\/wp\/v2\/pages\/402\/revisions\/1203"}],"wp:attachment":[{"href":"http:\/\/cide.ca\/en\/wp-json\/wp\/v2\/media?parent=402"}],"curies":[{"name":"wp","href":"https:\/\/api.w.org\/{rel}","templated":true}]}}