{"id":1140,"date":"2026-04-21T15:14:38","date_gmt":"2026-04-21T15:14:38","guid":{"rendered":"http:\/\/cide.ca\/?page_id=1140"},"modified":"2026-04-21T16:06:27","modified_gmt":"2026-04-21T16:06:27","slug":"partenaires","status":"publish","type":"page","link":"http:\/\/cide.ca\/en\/partenaires\/","title":{"rendered":"Partners"},"content":{"rendered":"<div data-elementor-type=\"wp-page\" data-elementor-id=\"1140\" class=\"elementor elementor-1140\">\n\t\t\t\t\t\t<section class=\"elementor-section elementor-top-section elementor-element elementor-element-d4add94 elementor-section-boxed elementor-section-height-default elementor-section-height-default parallax_section_no qode_elementor_container_no\" data-id=\"d4add94\" data-element_type=\"section\" data-e-type=\"section\">\n\t\t\t\t\t\t<div class=\"elementor-container elementor-column-gap-default\">\n\t\t\t\t\t<div class=\"elementor-column elementor-col-100 elementor-top-column elementor-element elementor-element-2aeaba3\" data-id=\"2aeaba3\" data-element_type=\"column\" data-e-type=\"column\">\n\t\t\t<div class=\"elementor-widget-wrap elementor-element-populated\">\n\t\t\t\t\t\t<div class=\"elementor-element elementor-element-8ad4246 elementor-widget elementor-widget-text-editor\" data-id=\"8ad4246\" data-element_type=\"widget\" data-e-type=\"widget\" data-widget_type=\"text-editor.default\">\n\t\t\t\t<div class=\"elementor-widget-container\">\n\t\t\t\t\t\t\t\t\t<div class=\"cide-partenaires-page\">\n\n  <!-- HERO -->\n  <div class=\"cide-pt-hero\">\n    <span class=\"cide-pt-hero-tag\">\ud83e\udd1d Our network<\/span>\n    <h1>Our <span>Partners<\/span><\/h1>\n    <div class=\"cide-pt-hero-divider\"><\/div>\n    <p>CIDE is a corporation that has carved out a prominent place at the center of a network of educational institutions and public and private organizations in order to offer its clients the expertise and resources necessary to carry out their projects.<\/p>\n  <\/div>\n<\/div>\t\t\t\t\t\t\t\t<\/div>\n\t\t\t\t<\/div>\n\t\t\t\t<div class=\"elementor-element elementor-element-fe84ab8 elementor-widget elementor-widget-text-editor\" data-id=\"fe84ab8\" data-element_type=\"widget\" data-e-type=\"widget\" data-widget_type=\"text-editor.default\">\n\t\t\t\t<div class=\"elementor-widget-container\">\n\t\t\t\t\t\t\t\t\t<!-- STATS BAR -->\n  <div class=\"cide-pt-stats\">\n    <div class=\"cide-pt-stat\">\n      <div class=\"cide-pt-stat-number\">12+<\/div>\n      <div class=\"cide-pt-stat-label\">International Partners<\/div>\n    <\/div>\n    <div class=\"cide-pt-stat\">\n      <div class=\"cide-pt-stat-number\">40<\/div>\n      <div class=\"cide-pt-stat-label\">Country of intervention<\/div>\n    <\/div>\n    <div class=\"cide-pt-stat\">\n      <div class=\"cide-pt-stat-number\">40+<\/div>\n      <div class=\"cide-pt-stat-label\">Years of collaboration<\/div>\n    <\/div>\n  <\/div>\t\t\t\t\t\t\t\t<\/div>\n\t\t\t\t<\/div>\n\t\t\t\t<div class=\"elementor-element elementor-element-76d4d7a elementor-widget elementor-widget-text-editor\" data-id=\"76d4d7a\" data-element_type=\"widget\" data-e-type=\"widget\" data-widget_type=\"text-editor.default\">\n\t\t\t\t<div class=\"elementor-widget-container\">\n\t\t\t\t\t\t\t\t\t<div class=\"cide-pt-grid\">\n\n      <!-- Global Affairs Canada -->\n      <a class=\"cide-pt-card\" href=\"https:\/\/international.canada.ca\/fr\/affaires-mondiales\" target=\"_blank\">\n        <img decoding=\"async\" src=\"http:\/\/cide.ca\/wp-content\/uploads\/2021\/08\/11.png\"\n             onerror=\"this.style.display='none'\"\n             alt=\"Global Affairs Canada\" \/>\n        <div class=\"cide-pt-card-name\">Global Affairs Canada<\/div>\n      <\/a>\n\n      <!-- UNDP -->\n      <a class=\"cide-pt-card\" href=\"https:\/\/www.undp.org\/\" target=\"_blank\">\n        <img decoding=\"async\" src=\"http:\/\/cide.ca\/wp-content\/uploads\/2021\/08\/12.png\"\n             onerror=\"this.style.display='none'\"\n             alt=\"UNDP\" \/>\n        <div class=\"cide-pt-card-name\">UNDP<\/div>\n      <\/a>\n\n      <!-- Banque Mondiale -->\n      <a class=\"cide-pt-card\" href=\"https:\/\/www.banquemondiale.org\/ext\/fr\/home\" target=\"_blank\">\n        <img decoding=\"async\" src=\"http:\/\/cide.ca\/wp-content\/uploads\/2021\/08\/9.png\"\n             onerror=\"this.style.display='none'\"\n             alt=\"La Banque Mondiale\" \/>\n        <div class=\"cide-pt-card-name\">The World Bank<\/div>\n      <\/a>\n\n      <!-- Millennium Challenge Corporation -->\n      <a class=\"cide-pt-card\" href=\"https:\/\/www.mcc.gov\/\" target=\"_blank\">\n        <img decoding=\"async\" src=\"http:\/\/cide.ca\/wp-content\/uploads\/2021\/08\/10.png\"\n             onerror=\"this.style.display='none'\"\n             alt=\"Millennium Challenge Corporation\" \/>\n        <div class=\"cide-pt-card-name\">Millennium Challenge Corporation<\/div>\n      <\/a>\n\n      <!-- AFD -->\n      <a class=\"cide-pt-card\" href=\"https:\/\/www.afd.fr\/fr\" target=\"_blank\">\n        <img decoding=\"async\" src=\"http:\/\/cide.ca\/wp-content\/uploads\/2021\/08\/6.png\"\n             onerror=\"this.style.display='none'\"\n             alt=\"AFD \u2014 Agence Fran\u00e7aise de D\u00e9veloppement\" \/>\n        <div class=\"cide-pt-card-name\">French Development Agency<\/div>\n      <\/a>\n\n      <!-- OIT -->\n      <a class=\"cide-pt-card\" href=\"https:\/\/www.ilo.org\/fr\" target=\"_blank\">\n        <img decoding=\"async\" src=\"http:\/\/cide.ca\/wp-content\/uploads\/2021\/08\/7.png\"\n             onerror=\"this.style.display='none'\"\n             alt=\"Organisation Internationale du Travail\" \/>\n        <div class=\"cide-pt-card-name\">International Labour Organization<\/div>\n      <\/a>\n\n      <!-- UNIDO -->\n      <a class=\"cide-pt-card\" href=\"https:\/\/www.unido.org\/\" target=\"_blank\">\n        <img decoding=\"async\" src=\"http:\/\/cide.ca\/wp-content\/uploads\/2021\/08\/Sans-titre.png\"\n             onerror=\"this.style.display='none'\"\n             alt=\"UNIDO\" \/>\n        <div class=\"cide-pt-card-name\">United Nations Industrial Development Organization<\/div>\n      <\/a>\n\n      <!-- Organisation de la Francophonie -->\n      <a class=\"cide-pt-card\" href=\"https:\/\/www.francophonie.org\/\" target=\"_blank\">\n        <img decoding=\"async\" src=\"http:\/\/cide.ca\/wp-content\/uploads\/2021\/08\/2-1.png\"\n             onerror=\"this.style.display='none'\"\n             alt=\"Organisation Internationale de la Francophonie\" \/>\n        <div class=\"cide-pt-card-name\">International Organisation of the Francophonie<\/div>\n      <\/a>\n\n      <!-- UNESCO -->\n      <a class=\"cide-pt-card\" href=\"https:\/\/www.unesco.org\/fr\" target=\"_blank\">\n        <img decoding=\"async\" src=\"http:\/\/cide.ca\/wp-content\/uploads\/2021\/11\/5.png\"\n             onerror=\"this.style.display='none'\"\n             alt=\"UNESCO\" \/>\n        <div class=\"cide-pt-card-name\">UNESCO<\/div>\n      <\/a>\n\n      <!-- UNICEF -->\n      <a class=\"cide-pt-card\" href=\"https:\/\/www.unicef.fr\/\" target=\"_blank\">\n        <img decoding=\"async\" src=\"http:\/\/cide.ca\/wp-content\/uploads\/2021\/11\/4.png\"\n             onerror=\"this.style.display='none'\"\n             alt=\"UNICEF\" \/>\n        <div class=\"cide-pt-card-name\">UNICEF<\/div>\n      <\/a>\n\n      <!-- GIZ -->\n      <a class=\"cide-pt-card\" href=\"https:\/\/www.giz.de\/en\" target=\"_blank\">\n        <img decoding=\"async\" src=\"http:\/\/cide.ca\/wp-content\/uploads\/2021\/11\/3.png\"\n             onerror=\"this.style.display='none'\"\n             alt=\"GIZ\" \/>\n        <div class=\"cide-pt-card-name\">The German Corporation for International Cooperation<\/div>\n      <\/a>\n\n      <!-- IDB -->\n      <a class=\"cide-pt-card\" href=\"https:\/\/www.iadb.org\/fr\" target=\"_blank\">\n        <img decoding=\"async\" src=\"http:\/\/cide.ca\/wp-content\/uploads\/2021\/11\/2.png\"\n             onerror=\"this.style.display='none'\"\n             alt=\"IDB \u2014 Banque Interam\u00e9ricaine de D\u00e9veloppement\" \/>\n        <div class=\"cide-pt-card-name\">Inter-American Development Bank<\/div>\n      <\/a>\n\n      <!-- Banque Africaine de D\u00e9veloppement -->\n      <a class=\"cide-pt-card\" href=\"https:\/\/www.afdb.org\/fr\" target=\"_blank\">\n        <img decoding=\"async\" src=\"http:\/\/cide.ca\/wp-content\/uploads\/2021\/11\/1.png\"\n             onerror=\"this.style.display='none'\"\n             alt=\"Banque Africaine de D\u00e9veloppement\" \/>\n        <div class=\"cide-pt-card-name\">African Development Bank<\/div>\n      <\/a>\n\n    <\/div>\t\t\t\t\t\t\t\t<\/div>\n\t\t\t\t<\/div>\n\t\t\t\t<div class=\"elementor-element elementor-element-d355bda elementor-widget elementor-widget-text-editor\" data-id=\"d355bda\" data-element_type=\"widget\" data-e-type=\"widget\" data-widget_type=\"text-editor.default\">\n\t\t\t\t<div class=\"elementor-widget-container\">\n\t\t\t\t\t\t\t\t\t<!-- CTA -->\n  <div class=\"cide-pt-cta\">\n    <div>\n      <span class=\"cide-pt-cta-tag\">Join our network<\/span>\n      <h2>Become a <span>partner<\/span> of the CIDE<\/h2>\n      <p>Are you interested in collaborating with CIDE on international development projects? Contact us to explore partnership opportunities.<\/p>\n    <\/div>\n    <a href=\"\/en\/contactez-nous\/\" class=\"btn-primary\">Contact us<\/a>\n  <\/div>\t\t\t\t\t\t\t\t<\/div>\n\t\t\t\t<\/div>\n\t\t\t\t\t<\/div>\n\t\t<\/div>\n\t\t\t\t\t<\/div>\n\t\t<\/section>\n\t\t\t\t<\/div>","protected":false},"excerpt":{"rendered":"<p>\ud83e\udd1d Notre r\u00e9seau Nos Partenaires Le CIDE est une corporation qui s&rsquo;est taill\u00e9e une place de choix au centre d&rsquo;un r\u00e9seau d&rsquo;institutions d&rsquo;enseignement et d&rsquo;organisations publiques et priv\u00e9es afin d&rsquo;offrir \u00e0 ses clients l&rsquo;expertise et les ressources n\u00e9cessaires \u00e0 la r\u00e9alisation de leurs projets. 12+&#8230;<\/p>","protected":false},"author":1,"featured_media":0,"parent":0,"menu_order":0,"comment_status":"closed","ping_status":"closed","template":"","meta":{"footnotes":""},"class_list":["post-1140","page","type-page","status-publish","hentry"],"_links":{"self":[{"href":"http:\/\/cide.ca\/en\/wp-json\/wp\/v2\/pages\/1140","targetHints":{"allow":["GET"]}}],"collection":[{"href":"http:\/\/cide.ca\/en\/wp-json\/wp\/v2\/pages"}],"about":[{"href":"http:\/\/cide.ca\/en\/wp-json\/wp\/v2\/types\/page"}],"author":[{"embeddable":true,"href":"http:\/\/cide.ca\/en\/wp-json\/wp\/v2\/users\/1"}],"replies":[{"embeddable":true,"href":"http:\/\/cide.ca\/en\/wp-json\/wp\/v2\/comments?post=1140"}],"version-history":[{"count":11,"href":"http:\/\/cide.ca\/en\/wp-json\/wp\/v2\/pages\/1140\/revisions"}],"predecessor-version":[{"id":1168,"href":"http:\/\/cide.ca\/en\/wp-json\/wp\/v2\/pages\/1140\/revisions\/1168"}],"wp:attachment":[{"href":"http:\/\/cide.ca\/en\/wp-json\/wp\/v2\/media?parent=1140"}],"curies":[{"name":"wp","href":"https:\/\/api.w.org\/{rel}","templated":true}]}}