{"id":1090,"date":"2026-04-20T16:13:16","date_gmt":"2026-04-20T16:13:16","guid":{"rendered":"http:\/\/cide.ca\/?page_id=1090"},"modified":"2026-04-20T16:32:10","modified_gmt":"2026-04-20T16:32:10","slug":"a-propos","status":"publish","type":"page","link":"http:\/\/cide.ca\/en\/a-propos\/","title":{"rendered":"In regards to"},"content":{"rendered":"<div data-elementor-type=\"wp-page\" data-elementor-id=\"1090\" class=\"elementor elementor-1090\">\n\t\t\t\t\t\t<section class=\"elementor-section elementor-top-section elementor-element elementor-element-92648ca elementor-section-boxed elementor-section-height-default elementor-section-height-default parallax_section_no qode_elementor_container_no\" data-id=\"92648ca\" data-element_type=\"section\" data-e-type=\"section\">\n\t\t\t\t\t\t<div class=\"elementor-container elementor-column-gap-default\">\n\t\t\t\t\t<div class=\"elementor-column elementor-col-100 elementor-top-column elementor-element elementor-element-6b746a5\" data-id=\"6b746a5\" data-element_type=\"column\" data-e-type=\"column\">\n\t\t\t<div class=\"elementor-widget-wrap elementor-element-populated\">\n\t\t\t\t\t\t<div class=\"elementor-element elementor-element-ec98a7f elementor-widget elementor-widget-text-editor\" data-id=\"ec98a7f\" data-element_type=\"widget\" data-e-type=\"widget\" data-widget_type=\"text-editor.default\">\n\t\t\t\t<div class=\"elementor-widget-container\">\n\t\t\t\t\t\t\t\t\t<div class=\"cide-about-page\">\n\n  <!-- HERO -->\n  <div class=\"cide-ap-hero\">\n    <img decoding=\"async\" src=\"http:\/\/cide.ca\/wp-content\/uploads\/2026\/04\/photo-hero.jpg?w=1400\" alt=\"CIDE - \u00c0 propos\" \/>\n    <div class=\"cide-ap-hero-overlay\">\n      <div class=\"cide-ap-hero-content\">\n        <span class=\"cide-ap-hero-tag\">\ud83c\udf0d Who are we?<\/span>\n        <h1>About<br>of <span>CIDE<\/span><\/h1>\n        <p>Canadian consulting firm working on issues of international development, labour market, education and training.<\/p>\n      <\/div>\n    <\/div>\n  <\/div>\n<\/div>\t\t\t\t\t\t\t\t<\/div>\n\t\t\t\t<\/div>\n\t\t\t\t<div class=\"elementor-element elementor-element-0f7c4d6 elementor-widget elementor-widget-text-editor\" data-id=\"0f7c4d6\" data-element_type=\"widget\" data-e-type=\"widget\" data-widget_type=\"text-editor.default\">\n\t\t\t\t<div class=\"elementor-widget-container\">\n\t\t\t\t\t\t\t\t\t<div class=\"cide-about-page\">\n\n  <!-- STATS -->\n  <div class=\"cide-ap-stats\">\n    <div class=\"cide-ap-stat\">\n      <div class=\"cide-ap-stat-number\">200+<\/div>\n      <div class=\"cide-ap-stat-label\">Completed projects<\/div>\n    <\/div>\n    <div class=\"cide-ap-stat\">\n      <div class=\"cide-ap-stat-number\">40<\/div>\n      <div class=\"cide-ap-stat-label\">Country of intervention<\/div>\n    <\/div>\n    <div class=\"cide-ap-stat\">\n      <div class=\"cide-ap-stat-number\">45<\/div>\n      <div class=\"cide-ap-stat-label\">Employees<\/div>\n    <\/div>\n    <div class=\"cide-ap-stat\">\n      <div class=\"cide-ap-stat-number\">1982<\/div>\n      <div class=\"cide-ap-stat-label\">Founded in<\/div>\n    <\/div>\n  <\/div>\n<\/div>\t\t\t\t\t\t\t\t<\/div>\n\t\t\t\t<\/div>\n\t\t\t\t<div class=\"elementor-element elementor-element-e8c53fc elementor-widget elementor-widget-text-editor\" data-id=\"e8c53fc\" data-element_type=\"widget\" data-e-type=\"widget\" data-widget_type=\"text-editor.default\">\n\t\t\t\t<div class=\"elementor-widget-container\">\n\t\t\t\t\t\t\t\t\t<div class=\"cide-about-page\">\n\n  <!-- QUI NOUS SOMMES -->\n  <div class=\"cide-ap-qui\">\n    <div class=\"cide-ap-qui-text\">\n      <span class=\"cide-ap-section-tag\">Our identity<\/span>\n      <h2 class=\"cide-ap-section-title\">Who are we? <span>are<\/span><\/h2>\n      <div class=\"cide-ap-divider\"><\/div>\n      <p>The CIDE is a <strong>Canadian consulting firm<\/strong> working on issues of international development, labor market, education and training.<\/p>\n      <p>With more than <strong>200 successful projects carried out<\/strong> In <strong>40 countries<\/strong>, Our firm has drawn on the knowledge and resources required to provide technical support in the areas of education, vocational and technical training, institutional strengthening, and the promotion of employment and entrepreneurship.<\/p>\n      <p>To increase our impact and ensure the sustainability of results, this support is frequently accompanied by the development of technological solutions.<\/p>\n    <\/div>\n    <div class=\"cide-ap-qui-cards\">\n      <div class=\"cide-ap-info-card\">\n        <span class=\"cide-ap-info-card-icon\">\ud83c\udf93<\/span>\n        <div class=\"cide-ap-info-card-title\">Education<\/div>\n        <p>Vocational and technical training in more than 40 countries.<\/p>\n      <\/div>\n      <div class=\"cide-ap-info-card\">\n        <span class=\"cide-ap-info-card-icon\">\ud83c\udfdb\ufe0f<\/span>\n        <div class=\"cide-ap-info-card-title\">Governance<\/div>\n        <p>Institutional strengthening and good governance.<\/p>\n      <\/div>\n      <div class=\"cide-ap-info-card\">\n        <span class=\"cide-ap-info-card-icon\">\ud83d\udcbc<\/span>\n        <div class=\"cide-ap-info-card-title\">Job<\/div>\n        <p>Promoting employment and entrepreneurship.<\/p>\n      <\/div>\n      <div class=\"cide-ap-info-card\">\n        <span class=\"cide-ap-info-card-icon\">\ud83d\udcbb<\/span>\n        <div class=\"cide-ap-info-card-title\">Technology<\/div>\n        <p>Development of innovative technological solutions.<\/p>\n      <\/div>\n    <\/div>\n  <\/div>\n<\/div>\t\t\t\t\t\t\t\t<\/div>\n\t\t\t\t<\/div>\n\t\t\t\t<div class=\"elementor-element elementor-element-d28ca40 elementor-widget elementor-widget-text-editor\" data-id=\"d28ca40\" data-element_type=\"widget\" data-e-type=\"widget\" data-widget_type=\"text-editor.default\">\n\t\t\t\t<div class=\"elementor-widget-container\">\n\t\t\t\t\t\t\t\t\t<div class=\"cide-about-page\">\n\n  <!-- CE QUE NOUS FAISONS -->\n  <div class=\"cide-ap-faisons\">\n    <span class=\"cide-ap-section-tag\">Our activities<\/span>\n    <h2 class=\"cide-ap-section-title\">What we <span>let&#039;s<\/span><\/h2>\n    <div class=\"cide-ap-divider\"><\/div>\n    <div class=\"cide-ap-faisons-grid\">\n\n      <div class=\"cide-ap-faisons-card\">\n        <span class=\"cide-ap-faisons-icon\">\ud83d\udcda<\/span>\n        <div class=\"cide-ap-faisons-title\">Educational reforms<\/div>\n        <p>Participation in educational reforms and vocational training based on the competency-based approach in Africa and South America.<\/p>\n      <\/div>\n\n      <div class=\"cide-ap-faisons-card\">\n        <span class=\"cide-ap-faisons-icon\">\ud83e\udd1d<\/span>\n        <div class=\"cide-ap-faisons-title\">Support for organizations<\/div>\n        <p>Support for the implementation of institutional reforms and the application of good governance principles for public and private actors.<\/p>\n      <\/div>\n\n      <div class=\"cide-ap-faisons-card\">\n        <span class=\"cide-ap-faisons-icon\">\ud83d\udcca<\/span>\n        <div class=\"cide-ap-faisons-title\">Labor market<\/div>\n        <p>Supporting governments in achieving their economic development objectives through better knowledge of the labour market and adequate planning of training programs.<\/p>\n      <\/div>\n\n    <\/div>\n  <\/div>\n<\/div>\t\t\t\t\t\t\t\t<\/div>\n\t\t\t\t<\/div>\n\t\t\t\t<div class=\"elementor-element elementor-element-d315c29 elementor-widget elementor-widget-text-editor\" data-id=\"d315c29\" data-element_type=\"widget\" data-e-type=\"widget\" data-widget_type=\"text-editor.default\">\n\t\t\t\t<div class=\"elementor-widget-container\">\n\t\t\t\t\t\t\t\t\t<div class=\"cide-about-page\">\n\n  <!-- NOTRE HISTOIRE -->\n  <div class=\"cide-ap-histoire\">\n    <span class=\"cide-ap-section-tag\">Our journey<\/span>\n    <h2 class=\"cide-ap-section-title\">OUR <span>history<\/span><\/h2>\n    <div class=\"cide-ap-divider\"><\/div>\n    <p class=\"cide-ap-histoire-intro\">\n      Since 1982, CIDE has been supporting governments and institutions in the transformation of their education and vocational training systems around the world.\n    <\/p>\n    <div class=\"cide-ap-timeline\">\n\n      <div class=\"cide-ap-timeline-item\">\n        <span class=\"cide-ap-timeline-year\">1982<\/span>\n        <h4>CIDE Foundation<\/h4>\n        <p>Created by a team of education professionals \u2014 directors general of C\u00c9GEP John Abbott, Sainte-Foy and Saint-Jean-sur-Richelieu \u2014 to share Canadian and Quebec expertise in training engineering.<\/p>\n      <\/div>\n\n      <div class=\"cide-ap-timeline-item\">\n        <span class=\"cide-ap-timeline-year\">1992<\/span>\n        <h4>International expansion<\/h4>\n        <p>Acquisition of Innovation in Economic and Social Development (ID\u00c9ES International), a private company, in order to expand international activities.<\/p>\n      <\/div>\n\n      <div class=\"cide-ap-timeline-item\">\n        <span class=\"cide-ap-timeline-year\">2003<\/span>\n        <h4>Opening in Tunisia<\/h4>\n        <p>After years of collaboration, CIDE acquires the Tunisian consulting firm Pro-Invest, strengthening its presence in North Africa.<\/p>\n      <\/div>\n\n      <div class=\"cide-ap-timeline-item\">\n        <span class=\"cide-ap-timeline-year\">2010<\/span>\n        <h4>Opening in Morocco<\/h4>\n        <p>Our offices are opening in Casablanca, strengthening our presence in North Africa.<\/p>\n      <\/div>\n\n      <div class=\"cide-ap-timeline-item\">\n        <span class=\"cide-ap-timeline-year\">2012<\/span>\n        <h4>Opening in El Salvador<\/h4>\n        <p>Our offices are opening in San Salvador, strengthening our presence in Central and South America.<\/p>\n      <\/div>\n\n    <\/div>\n  <\/div>\n<\/div>\t\t\t\t\t\t\t\t<\/div>\n\t\t\t\t<\/div>\n\t\t\t\t<div class=\"elementor-element elementor-element-33daeed elementor-widget elementor-widget-text-editor\" data-id=\"33daeed\" data-element_type=\"widget\" data-e-type=\"widget\" data-widget_type=\"text-editor.default\">\n\t\t\t\t<div class=\"elementor-widget-container\">\n\t\t\t\t\t\t\t\t\t<div class=\"cide-about-page\">\n\n  <!-- NOS BUREAUX -->\n  <div class=\"cide-ap-bureaux\">\n    <span class=\"cide-ap-section-tag\">Our presence<\/span>\n    <h2 class=\"cide-ap-section-title\">Our <span>offices<\/span><\/h2>\n    <div class=\"cide-ap-divider\"><\/div>\n    <div class=\"cide-ap-bureaux-grid\">\n      <div class=\"cide-ap-bureau-card\">\n        <span class=\"cide-ap-bureau-flag\">\ud83c\udde8\ud83c\udde6<\/span>\n        <div class=\"cide-ap-bureau-pays\">Canada<\/div>\n        <div class=\"cide-ap-bureau-ville\">Montreal \u2014 Head Office<\/div>\n      <\/div>\n      <div class=\"cide-ap-bureau-card\">\n        <span class=\"cide-ap-bureau-flag\">\ud83c\uddf9\ud83c\uddf3<\/span>\n        <div class=\"cide-ap-bureau-pays\">Tunisia<\/div>\n        <div class=\"cide-ap-bureau-ville\">Tunis<\/div>\n      <\/div>\n      <div class=\"cide-ap-bureau-card\">\n        <span class=\"cide-ap-bureau-flag\">\ud83c\uddf2\ud83c\udde6<\/span>\n        <div class=\"cide-ap-bureau-pays\">Morocco<\/div>\n        <div class=\"cide-ap-bureau-ville\">Mohammedia<\/div>\n      <\/div>\n      <div class=\"cide-ap-bureau-card\">\n        <span class=\"cide-ap-bureau-flag\">\ud83c\uddf8\ud83c\uddfb<\/span>\n        <div class=\"cide-ap-bureau-pays\">El Salvador<\/div>\n        <div class=\"cide-ap-bureau-ville\">San Salvador<\/div>\n      <\/div>\n    <\/div>\n  <\/div>\n<\/div>\t\t\t\t\t\t\t\t<\/div>\n\t\t\t\t<\/div>\n\t\t\t\t<div class=\"elementor-element elementor-element-eec240c elementor-widget elementor-widget-text-editor\" data-id=\"eec240c\" data-element_type=\"widget\" data-e-type=\"widget\" data-widget_type=\"text-editor.default\">\n\t\t\t\t<div class=\"elementor-widget-container\">\n\t\t\t\t\t\t\t\t\t<div class=\"cide-about-page\">\n\n  <!-- CTA -->\n  <div class=\"cide-ap-cta\">\n    <h2>Let&#039;s work <span>together<\/span> on your projects<\/h2>\n    <div>\n      <p>CIDE is at your disposal to support you in your international development, education and vocational training projects.<\/p>\n      <a href=\"\/en\/contactez-nous\/\" class=\"btn-primary\">Contact us<\/a>\n    <\/div>\n  <\/div>\n\n<\/div>\t\t\t\t\t\t\t\t<\/div>\n\t\t\t\t<\/div>\n\t\t\t\t\t<\/div>\n\t\t<\/div>\n\t\t\t\t\t<\/div>\n\t\t<\/section>\n\t\t\t\t<\/div>","protected":false},"excerpt":{"rendered":"<p>\ud83c\udf0d Qui sommes-nous \u00c0 proposdu CIDE Firme de service-conseil canadienne \u0153uvrant sur les questions de d\u00e9veloppement international, de march\u00e9 du travail, d&rsquo;\u00e9ducation et de formation. 200+ Projets r\u00e9alis\u00e9s 40 Pays d&rsquo;intervention 45 Employ\u00e9s 1982 Fond\u00e9 en Notre identit\u00e9 Qui nous sommes Le CIDE est une&#8230;<\/p>","protected":false},"author":1,"featured_media":0,"parent":0,"menu_order":0,"comment_status":"closed","ping_status":"closed","template":"","meta":{"footnotes":""},"class_list":["post-1090","page","type-page","status-publish","hentry"],"_links":{"self":[{"href":"http:\/\/cide.ca\/en\/wp-json\/wp\/v2\/pages\/1090","targetHints":{"allow":["GET"]}}],"collection":[{"href":"http:\/\/cide.ca\/en\/wp-json\/wp\/v2\/pages"}],"about":[{"href":"http:\/\/cide.ca\/en\/wp-json\/wp\/v2\/types\/page"}],"author":[{"embeddable":true,"href":"http:\/\/cide.ca\/en\/wp-json\/wp\/v2\/users\/1"}],"replies":[{"embeddable":true,"href":"http:\/\/cide.ca\/en\/wp-json\/wp\/v2\/comments?post=1090"}],"version-history":[{"count":5,"href":"http:\/\/cide.ca\/en\/wp-json\/wp\/v2\/pages\/1090\/revisions"}],"predecessor-version":[{"id":1095,"href":"http:\/\/cide.ca\/en\/wp-json\/wp\/v2\/pages\/1090\/revisions\/1095"}],"wp:attachment":[{"href":"http:\/\/cide.ca\/en\/wp-json\/wp\/v2\/media?parent=1090"}],"curies":[{"name":"wp","href":"https:\/\/api.w.org\/{rel}","templated":true}]}}