{"id":1021,"date":"2026-04-20T13:56:13","date_gmt":"2026-04-20T13:56:13","guid":{"rendered":"http:\/\/cide.ca\/?page_id=1021"},"modified":"2026-04-21T17:26:48","modified_gmt":"2026-04-21T17:26:48","slug":"accueil","status":"publish","type":"page","link":"http:\/\/cide.ca\/en\/","title":{"rendered":"Welcome"},"content":{"rendered":"<div data-elementor-type=\"wp-page\" data-elementor-id=\"1021\" class=\"elementor elementor-1021\">\n\t\t\t\t\t\t<section class=\"elementor-section elementor-top-section elementor-element elementor-element-e4f6434 elementor-section-boxed elementor-section-height-default elementor-section-height-default parallax_section_no qode_elementor_container_no\" data-id=\"e4f6434\" data-element_type=\"section\" data-e-type=\"section\">\n\t\t\t\t\t\t<div class=\"elementor-container elementor-column-gap-default\">\n\t\t\t\t\t<div class=\"elementor-column elementor-col-100 elementor-top-column elementor-element elementor-element-b6b6cfb\" data-id=\"b6b6cfb\" data-element_type=\"column\" data-e-type=\"column\">\n\t\t\t<div class=\"elementor-widget-wrap elementor-element-populated\">\n\t\t\t\t\t\t<div class=\"elementor-element elementor-element-7172a7e elementor-widget elementor-widget-text-editor\" data-id=\"7172a7e\" data-element_type=\"widget\" data-e-type=\"widget\" data-widget_type=\"text-editor.default\">\n\t\t\t\t<div class=\"elementor-widget-container\">\n\t\t\t\t\t\t\t\t\t<div class=\"cide-home\">\n\n<!-- 1. HERO -->\n<div class=\"cide-hero\">\n<div class=\"cide-hero-left\"><span class=\"cide-hero-tag\">\ud83c\udf0d International consulting firm<\/span>\n<h1>Expert in International Development<\/h1>\n<p class=\"cide-hero-desc\">CIDE is a Canadian consulting firm working on issues of international development, labour market, education and training.<\/p>\n\n<div class=\"cide-hero-btns\"><a class=\"btn-primary\" href=\"\/en\/a-propos\/\">Discover the CIDE<\/a>\n<a class=\"btn-outline\" href=\"\/en\/contactez-nous\/\">Contact us<\/a><\/div>\n<\/div>\n<div class=\"cide-hero-right\"><img decoding=\"async\" src=\"http:\/\/cide.ca\/wp-content\/uploads\/2026\/04\/photo-hero.jpg?w=900\" alt=\"\u00c9ducation et formation\" \/><\/div>\n<\/div>\n<\/div>\t\t\t\t\t\t\t\t<\/div>\n\t\t\t\t<\/div>\n\t\t\t\t<div class=\"elementor-element elementor-element-fcd91d5 elementor-widget elementor-widget-text-editor\" data-id=\"fcd91d5\" data-element_type=\"widget\" data-e-type=\"widget\" data-widget_type=\"text-editor.default\">\n\t\t\t\t<div class=\"elementor-widget-container\">\n\t\t\t\t\t\t\t\t\t<div class=\"cide-home\"><p><!-- STATS BAR --><\/p><div class=\"cide-stats-bar\"><div class=\"cide-stat-item\"><div class=\"cide-stat-number\">200+<\/div><div class=\"cide-stat-label\">Completed projects<\/div><\/div><div class=\"cide-stat-item\"><div class=\"cide-stat-number\">40<\/div><div class=\"cide-stat-label\">Country of intervention<\/div><\/div><div class=\"cide-stat-item\"><div class=\"cide-stat-number\">40+<\/div><div class=\"cide-stat-label\">Years of experience<\/div><\/div><div class=\"cide-stat-item\"><div class=\"cide-stat-number\">3<\/div><div class=\"cide-stat-label\">International Offices<\/div><\/div><\/div><\/div>\t\t\t\t\t\t\t\t<\/div>\n\t\t\t\t<\/div>\n\t\t\t\t<div class=\"elementor-element elementor-element-205556d elementor-widget elementor-widget-text-editor\" data-id=\"205556d\" data-element_type=\"widget\" data-e-type=\"widget\" data-widget_type=\"text-editor.default\">\n\t\t\t\t<div class=\"elementor-widget-container\">\n\t\t\t\t\t\t\t\t\t<div class=\"cide-home\">\n\n<!-- 2. \u00c0 PROPOS -->\n<div class=\"cide-about\">\n<div class=\"cide-about-img\"><img decoding=\"async\" src=\"http:\/\/cide.ca\/wp-content\/uploads\/2026\/04\/photo-a-propos.jpg?w=800\" alt=\"\u00c9quipe CIDE\" \/>\n<div class=\"cide-about-badge\"><strong>200+<\/strong>\nCompleted projects<\/div>\n<\/div>\n<div class=\"cide-about-content\"><span class=\"cide-section-tag\">About the CIDE<\/span>\n<h2 class=\"cide-section-title\">With more than 200 projects in 40 countries<\/h2>\n<div class=\"cide-divider\"><\/div>\nOur firm mobilizes human and informational resources to provide technical support in the education and vocational training sectors. From institutional strengthening to the promotion of employment and entrepreneurship, our support is frequently accompanied by the development of technological solutions.\n\n<a class=\"cide-link\" href=\"\/en\/a-propos\/\">Learn more \u2192<\/a>\n\n<\/div>\n<\/div>\n<\/div>\t\t\t\t\t\t\t\t<\/div>\n\t\t\t\t<\/div>\n\t\t\t\t<div class=\"elementor-element elementor-element-5ae8718 elementor-widget__width-initial elementor-widget elementor-widget-text-editor\" data-id=\"5ae8718\" data-element_type=\"widget\" data-e-type=\"widget\" data-widget_type=\"text-editor.default\">\n\t\t\t\t<div class=\"elementor-widget-container\">\n\t\t\t\t\t\t\t\t\t<div class=\"cide-home\">\n\n  <!-- 3. \u00c9COLE -->\n  <div class=\"cide-ect\">\n    <div class=\"cide-ect-content\">\n      <span class=\"cide-section-tag\">Our network<\/span>\n      <h2 class=\"cide-section-title\">The CIDE is also<br><span>the Canadian School<\/span><br>from Tunis<\/h2>\n      <div class=\"cide-divider\"><\/div>\n      <p>An institution of excellence in education in the heart of Tunis, combining Canadian educational values with local realities.<\/p>\n      <a href=\"https:\/\/ec-tunis.com\/\" class=\"btn-primary\" style=\"width:fit-content\">Learn more<\/a>\n    <\/div>\n    <div class=\"cide-ect-img\">\n      <img decoding=\"async\" src=\"http:\/\/cide.ca\/wp-content\/uploads\/2023\/03\/1-scaled.jpg?w=900\" alt=\"\u00c9cole Canadienne de Tunis\" \/>\n    <\/div>\n  <\/div>\n<\/div>\t\t\t\t\t\t\t\t<\/div>\n\t\t\t\t<\/div>\n\t\t\t\t<div class=\"elementor-element elementor-element-64f0ffd elementor-widget elementor-widget-text-editor\" data-id=\"64f0ffd\" data-element_type=\"widget\" data-e-type=\"widget\" data-widget_type=\"text-editor.default\">\n\t\t\t\t<div class=\"elementor-widget-container\">\n\t\t\t\t\t\t\t\t\t<div class=\"cide-home\"><p><!-- 4. DOMAINES --><\/p><div class=\"cide-domaines\"><div class=\"cide-domaines-header\"><p><span class=\"cide-section-tag\">Our expertise<\/span><\/p><h2 class=\"cide-section-title\">WE SUPPORT OUR PARTNERS IN SEVERAL AREAS<\/h2><div class=\"cide-divider\" style=\"margin: 20px auto;\">\u00a0<\/div><\/div><div class=\"cide-domaines-grid\"><div class=\"cide-domaine-card\"><p><img decoding=\"async\" class=\"cide-domaine-img\" src=\"http:\/\/cide.ca\/wp-content\/uploads\/2021\/08\/Sans-titre-1.png?w=600\" alt=\"\u00c9ducation\" \/><\/p><div class=\"cide-domaine-body\"><p><span class=\"cide-domaine-icon\">\ud83c\udf93<\/span><\/p><div class=\"cide-domaine-title\">Education and Vocational Training<\/div><p>Support for primary and university education institutions and vocational training.<\/p><p><a class=\"cide-link\" href=\"\/en\/education-et-formation-professionnelle\/\">Learn more \u2192<\/a><\/p><\/div><\/div><div class=\"cide-domaine-card\"><p><img decoding=\"async\" class=\"cide-domaine-img\" src=\"http:\/\/cide.ca\/wp-content\/uploads\/2021\/08\/2-2.png?w=600\" alt=\"Organisations\" \/><\/p><div class=\"cide-domaine-body\"><p><span class=\"cide-domaine-icon\">\ud83c\udfdb\ufe0f<\/span><\/p><div class=\"cide-domaine-title\">Support for Organizations<\/div><p>Institutional and organizational strengthening for public and private actors.<\/p><p><a class=\"cide-link\" href=\"\/en\/appui-aux-organisations\/\">Learn more \u2192<\/a><\/p><\/div><\/div><div class=\"cide-domaine-card\"><p><img decoding=\"async\" class=\"cide-domaine-img\" src=\"http:\/\/cide.ca\/wp-content\/uploads\/2021\/08\/3.png?w=600\" alt=\"Employabilit\u00e9\" \/><\/p><div class=\"cide-domaine-body\"><p><span class=\"cide-domaine-icon\">\ud83d\udcbc<\/span><\/p><div class=\"cide-domaine-title\">Employability and Entrepreneurship<\/div><p>Promoting employment, developing skills and supporting entrepreneurship.<\/p><p><a class=\"cide-link\" href=\"\/en\/employabilite-et-entrepreneuriat\/\">Learn more \u2192<\/a><\/p><\/div><\/div><\/div><\/div><\/div>\t\t\t\t\t\t\t\t<\/div>\n\t\t\t\t<\/div>\n\t\t\t\t<div class=\"elementor-element elementor-element-e2c7e20 elementor-widget elementor-widget-text-editor\" data-id=\"e2c7e20\" data-element_type=\"widget\" data-e-type=\"widget\" data-widget_type=\"text-editor.default\">\n\t\t\t\t<div class=\"elementor-widget-container\">\n\t\t\t\t\t\t\t\t\t<div class=\"cide-home\"><br \/><!-- 4. VID\u00c9O --><div class=\"cide-video-section\"><div class=\"cide-video-header\"><span class=\"cide-video-tag\">\ud83c\udfac Case study<\/span><h2>Labor Market Analysis<br \/>in the Dominican Republic<\/h2><div class=\"cide-video-divider\">\u00a0<\/div><p>Discover how CIDE supports INFOTEP in the analysis and development of the labor market in the Dominican Republic.<\/p><\/div><div class=\"cide-video-wrapper\"><video preload=\"metadata\" controls=\"controls\" width=\"300\" height=\"150\"><br \/>\n        <source src=\"https:\/\/www.dropbox.com\/scl\/fo\/cdapy3gjsuqvgpg5xxtpz\/AMfIQSdDbdNKtXqgdjOGT4c?e=1&amp;preview=CIDE+INFOTEP+ANGLAIS.mp4&amp;rlkey=vaajy9hz5eg70yr4327kutgih&amp;st=tlxwf33o&amp;bmus=1&amp;raw=1\" type=\"video\/mp4\" \/><br \/>\n        Your browser does not support video playback.<br \/>\n      <\/video><\/div><div class=\"cide-video-badge\">\ud83c\udde9\ud83c\uddf4<br \/>Project <strong>CIDE \u00d7 INFOTEP<\/strong> \u2014 Dominican Republic<\/div><\/div><\/div>\t\t\t\t\t\t\t\t<\/div>\n\t\t\t\t<\/div>\n\t\t\t\t<div class=\"elementor-element elementor-element-815a826 elementor-widget elementor-widget-text-editor\" data-id=\"815a826\" data-element_type=\"widget\" data-e-type=\"widget\" data-widget_type=\"text-editor.default\">\n\t\t\t\t<div class=\"elementor-widget-container\">\n\t\t\t\t\t\t\t\t\t<div class=\"cide-home\">\n\n  <!-- 5. CTA -->\n  <div class=\"cide-cta\">\n    <h2>Let&#039;s work together on your projects<\/h2>\n    <div>\n      <p>CIDE offers consulting and technical support services to training institutions and public bodies responsible for education, vocational and technical training.<\/p>\n      <a href=\"\/en\/contactez-nous\/\" class=\"btn-primary\">Contact us<\/a>\n    <\/div>\n  <\/div>\n<\/div>\t\t\t\t\t\t\t\t<\/div>\n\t\t\t\t<\/div>\n\t\t\t\t\t<\/div>\n\t\t<\/div>\n\t\t\t\t\t<\/div>\n\t\t<\/section>\n\t\t\t\t<\/div>","protected":false},"excerpt":{"rendered":"<p>\ud83c\udf0d Firme de conseil internationale Expert en D\u00e9veloppement International Le CIDE est une firme de service-conseil canadienne \u0153uvrant sur les questions de d\u00e9veloppement international, de march\u00e9 du travail, d&rsquo;\u00e9ducation et de formation. D\u00e9couvrir le CIDE Nous contacter 200+Projets r\u00e9alis\u00e9s40Pays d&rsquo;intervention40+Ann\u00e9es d&rsquo;exp\u00e9rience3Bureaux internationaux 200+ Projets r\u00e9alis\u00e9s&#8230;<\/p>","protected":false},"author":1,"featured_media":0,"parent":0,"menu_order":0,"comment_status":"closed","ping_status":"closed","template":"","meta":{"footnotes":""},"class_list":["post-1021","page","type-page","status-publish","hentry"],"_links":{"self":[{"href":"http:\/\/cide.ca\/en\/wp-json\/wp\/v2\/pages\/1021","targetHints":{"allow":["GET"]}}],"collection":[{"href":"http:\/\/cide.ca\/en\/wp-json\/wp\/v2\/pages"}],"about":[{"href":"http:\/\/cide.ca\/en\/wp-json\/wp\/v2\/types\/page"}],"author":[{"embeddable":true,"href":"http:\/\/cide.ca\/en\/wp-json\/wp\/v2\/users\/1"}],"replies":[{"embeddable":true,"href":"http:\/\/cide.ca\/en\/wp-json\/wp\/v2\/comments?post=1021"}],"version-history":[{"count":50,"href":"http:\/\/cide.ca\/en\/wp-json\/wp\/v2\/pages\/1021\/revisions"}],"predecessor-version":[{"id":1193,"href":"http:\/\/cide.ca\/en\/wp-json\/wp\/v2\/pages\/1021\/revisions\/1193"}],"wp:attachment":[{"href":"http:\/\/cide.ca\/en\/wp-json\/wp\/v2\/media?parent=1021"}],"curies":[{"name":"wp","href":"https:\/\/api.w.org\/{rel}","templated":true}]}}